{"id":98992,"date":"2021-02-21T22:24:56","date_gmt":"2021-02-21T22:24:56","guid":{"rendered":"https:\/\/www.autonvaraosahaku.fi\/?product=elring-762-811-kannentiiviste"},"modified":"2021-02-21T22:24:57","modified_gmt":"2021-02-21T22:24:57","slug":"elring-762-811-kannentiiviste","status":"publish","type":"product","link":"https:\/\/www.autonvaraosahaku.fi\/?product=elring-762-811-kannentiiviste","title":{"rendered":"ELRING 762.811 Kannentiiviste"},"content":{"rendered":"<p>Monteringstjocklek [mm]: 1,20; M\u00e4nn\u00e4nylitys alkaen [mm]: 0,38; M\u00e4nn\u00e4nylitys korkeintaan [mm]: 0,62; L\u00e4pimitta [mm]: 88,8; Tiivistetyyppi: Metalli-kerros tiiviste; Lis\u00e4ksi tarvittavat tuotteet (tuotenumero): 760.090; MERCEDES-BENZ: C-CLASS W203,E-CLASS W211,C-CLASS T-Model S203,C-CLASS W202,E-CLASS T-Model S211,E-CLASS W210,VIANO W639,C-CLASS Coupe CL203,E-CLASS Kombi S210,VITO Bus W639,CLK C209,C-CLASS Kombi S202,VITO \/ MIXTO Kasten W639,SPRINTER 3,5-t Kasten 906,VITO Bus 638,SPRINTER 3-t Kasten 903,SPRINTER 3,5-t Bus 906,SPRINTER 2-t Bus 901, 902,SPRINTER 3-t Kasten 906,V-CLASS 638\/2,CLC-CLASS CL203,SPRINTER 2-t Kasten 901, 902,SPRINTER 3-t Bus 903,SPRINTER 3,5-t Pritsche\/Fahrgestell 906,SPRINTER 3-t Pritsche\/Fahrgestell 903,VITO Kasten 638,SPRINTER 3-t Bus 906,SPRINTER 4-t Pritsche\/Fahrgestell 904,SPRINTER 2-t Pritsche\/Fahrgestell 901, 902,SPRINTER 5-t Kasten 906,SPRINTER 5-t Pritsche\/Fahrgestell 906,SPRINTER 4-t Kasten 904,SPRINTER 3-t Pritsche\/Fahrgestell 906,SPRINTER 4-t Bus 904,SPRINTER 4,6-t Pritsche\/Fahrgestell 906,SPRINTER 4,6-t Kasten 906; CHRYSLER: PT CRUISER PT_; 05080162AA, 5080163AA, 5080163AB, 5080163AC, 5080163AD, 05080162AA, 5080163AA, 5080163AB, 5080163AC, 5080163AD, 05080162AA, 5080163AA, 5080163AB, 5080163AC, 5080163AD, 6110161020, 6110161120, 6460160520; Tiiviste, Sylinterikansi<\/p>\n","protected":false},"excerpt":{"rendered":"<p>ELRING Kannentiiviste 762.811 Tiiviste, Sylinterikansi MERCEDES-BENZ,CHRYSLER,C-CLASS W203,E-CLASS W211,C-CLASS T-Model S203,C-CLASS W202<\/p>\n","protected":false},"featured_media":0,"template":"","meta":{"site-sidebar-layout":"default","site-content-layout":"default","ast-global-header-display":"","ast-main-header-display":"","ast-hfb-above-header-display":"","ast-hfb-below-header-display":"","ast-hfb-mobile-header-display":"","site-post-title":"","ast-breadcrumbs-content":"","ast-featured-img":"","footer-sml-layout":"","theme-transparent-header-meta":"","adv-header-id-meta":"","stick-header-meta":"","header-above-stick-meta":"","header-main-stick-meta":"","header-below-stick-meta":""},"pwb-brand":[26],"product_cat":[230],"product_tag":[],"class_list":{"0":"post-98992","1":"product","2":"type-product","3":"status-publish","5":"pwb-brand-elring","6":"product_cat-kannentiiviste","7":"desktop-align-left","8":"tablet-align-left","9":"mobile-align-left","11":"first","12":"instock","13":"product-type-external"},"brands":[{"id":26,"name":"ELRING","slug":"elring"}],"_links":{"self":[{"href":"https:\/\/www.autonvaraosahaku.fi\/index.php?rest_route=\/wp\/v2\/product\/98992","targetHints":{"allow":["GET"]}}],"collection":[{"href":"https:\/\/www.autonvaraosahaku.fi\/index.php?rest_route=\/wp\/v2\/product"}],"about":[{"href":"https:\/\/www.autonvaraosahaku.fi\/index.php?rest_route=\/wp\/v2\/types\/product"}],"wp:attachment":[{"href":"https:\/\/www.autonvaraosahaku.fi\/index.php?rest_route=%2Fwp%2Fv2%2Fmedia&parent=98992"}],"wp:term":[{"taxonomy":"pwb-brand","embeddable":true,"href":"https:\/\/www.autonvaraosahaku.fi\/index.php?rest_route=%2Fwp%2Fv2%2Fpwb-brand&post=98992"},{"taxonomy":"product_cat","embeddable":true,"href":"https:\/\/www.autonvaraosahaku.fi\/index.php?rest_route=%2Fwp%2Fv2%2Fproduct_cat&post=98992"},{"taxonomy":"product_tag","embeddable":true,"href":"https:\/\/www.autonvaraosahaku.fi\/index.php?rest_route=%2Fwp%2Fv2%2Fproduct_tag&post=98992"}],"curies":[{"name":"wp","href":"https:\/\/api.w.org\/{rel}","templated":true}]}}