{"id":98993,"date":"2021-02-21T22:24:56","date_gmt":"2021-02-21T22:24:56","guid":{"rendered":"https:\/\/www.autonvaraosahaku.fi\/?product=kyb-324702-iskunvaimennin"},"modified":"2021-02-21T22:24:57","modified_gmt":"2021-02-21T22:24:57","slug":"kyb-324702-iskunvaimennin","status":"publish","type":"product","link":"https:\/\/www.autonvaraosahaku.fi\/?product=kyb-324702-iskunvaimennin","title":{"rendered":"KYB 324702 Iskunvaimennin"},"content":{"rendered":"<p>Asennuspuoli: Etuakseli; Iskunvaimennin tyyppi: Kaasupaine; Iskunvaimennin malli: Joustintuki; Iskunvaimennusj\u00e4rjestelm\u00e4: Kaksiputki; Tuotelinja: Ultra SR; Tuning: 1; Alustarakenne: f\u00fcr Fahrzeuge mit Standard Fahrwerk; VW: POLO 9N_,FOX 5Z1, 5Z3,POLO Stufenheck 9A4; AUDI: A2 8Z0; SKODA: FABIA Combi 6Y5,FABIA,FABIA 6Y2,FABIA Combi,ROOMSTER 5J,FABIA Stufenheck 6Y3,ROOMSTER Praktik 5J,FABIA Praktik; SEAT: IBIZA IV 6L1,CORDOBA 6L2; 5Z0413031C, 5Z0413031L, 6Q0413031BN, 6Q0413031CD, 6Q0413031CE, 6Q0513031BN, 6Q0513031BQ, 8Z0413031AC, 8Z0413031P, 8Z0413031S, 96298718, 96298721, 6Q0413031BK, 6Q0413031BT, 443512331, 6Q0413031AH, 6Q0413031BK, 6Q0513031BN, 5Z0413031AB, 5Z0413031C, 5Z0413031L, 6Q0413031BN, 6Q0413031BP, 6Q0413031CD, 6Q0413031CE, 6Q0513031BN, 6Q0513031BQ, 8Z0413031AC, 8Z0413031P, 8Z0413031S; Iskarit,Iskunvaimennin<\/p>\n","protected":false},"excerpt":{"rendered":"<p>KYB Iskunvaimentimet 324702 Iskarit,Iskunvaimennin VW,AUDI,SKODA,POLO 9N_,FOX 5Z1, 5Z3,POLO Stufenheck 9A4,A2 8Z0,FABIA Combi 6Y5,FABIA,FABIA 6Y2<\/p>\n","protected":false},"featured_media":0,"template":"","meta":{"site-sidebar-layout":"default","site-content-layout":"default","ast-global-header-display":"","ast-main-header-display":"","ast-hfb-above-header-display":"","ast-hfb-below-header-display":"","ast-hfb-mobile-header-display":"","site-post-title":"","ast-breadcrumbs-content":"","ast-featured-img":"","footer-sml-layout":"","theme-transparent-header-meta":"","adv-header-id-meta":"","stick-header-meta":"","header-above-stick-meta":"","header-main-stick-meta":"","header-below-stick-meta":""},"pwb-brand":[226],"product_cat":[80],"product_tag":[],"class_list":{"0":"post-98993","1":"product","2":"type-product","3":"status-publish","5":"pwb-brand-kyb","6":"product_cat-iskunvaimennin","7":"desktop-align-left","8":"tablet-align-left","9":"mobile-align-left","11":"first","12":"instock","13":"product-type-external"},"brands":[{"id":226,"name":"KYB","slug":"kyb"}],"_links":{"self":[{"href":"https:\/\/www.autonvaraosahaku.fi\/index.php?rest_route=\/wp\/v2\/product\/98993","targetHints":{"allow":["GET"]}}],"collection":[{"href":"https:\/\/www.autonvaraosahaku.fi\/index.php?rest_route=\/wp\/v2\/product"}],"about":[{"href":"https:\/\/www.autonvaraosahaku.fi\/index.php?rest_route=\/wp\/v2\/types\/product"}],"wp:attachment":[{"href":"https:\/\/www.autonvaraosahaku.fi\/index.php?rest_route=%2Fwp%2Fv2%2Fmedia&parent=98993"}],"wp:term":[{"taxonomy":"pwb-brand","embeddable":true,"href":"https:\/\/www.autonvaraosahaku.fi\/index.php?rest_route=%2Fwp%2Fv2%2Fpwb-brand&post=98993"},{"taxonomy":"product_cat","embeddable":true,"href":"https:\/\/www.autonvaraosahaku.fi\/index.php?rest_route=%2Fwp%2Fv2%2Fproduct_cat&post=98993"},{"taxonomy":"product_tag","embeddable":true,"href":"https:\/\/www.autonvaraosahaku.fi\/index.php?rest_route=%2Fwp%2Fv2%2Fproduct_tag&post=98993"}],"curies":[{"name":"wp","href":"https:\/\/api.w.org\/{rel}","templated":true}]}}