{"id":99023,"date":"2021-02-21T22:25:04","date_gmt":"2021-02-21T22:25:04","guid":{"rendered":"https:\/\/www.autonvaraosahaku.fi\/?product=elring-413-090-oljypohjan-tiiviste"},"modified":"2021-02-21T22:25:10","modified_gmt":"2021-02-21T22:25:10","slug":"elring-413-090-oljypohjan-tiiviste","status":"publish","type":"product","link":"https:\/\/www.autonvaraosahaku.fi\/?product=elring-413-090-oljypohjan-tiiviste","title":{"rendered":"ELRING 413.090 \u00d6ljypohjan tiiviste"},"content":{"rendered":"<p>Tiivistetyyppi: Metalli-elastomeeri tiiviste; Kiinnitysreikien lukum\u00e4\u00e4r\u00e4: 16; OPEL: ZAFIRA B A05,ASTRA H Caravan L35,ZAFIRA A F75_,ASTRA G CC F48_, F08_,ASTRA H L48,ASTRA G Caravan F35_,ASTRA H GTC L08,VECTRA B 36_,ASTRA F CC 53_, 54_, 58_, 59_,VECTRA B Caravan 31_,ASTRA H TwinTop L67,ASTRA G Cabriolet F67,ASTRA F Caravan 51_, 52_,ASTRA G Coupe F07_,ASTRA G Stufenheck F69_,ZAFIRA B Van,CALIBRA A 85_,VECTRA B CC 38_,ASTRA F Cabriolet 53_B,ASTRA F 56_, 57_,SPEEDSTER; CADILLAC: BLS,BLS Wagon; LOTUS: EUROPA S; VAUXHALL: CALIBRA,ZAFIRA Mk II B M75,ASTRA Mk V H CC,ZAFIRA Mk I A F75,ASTRA Mk V H Estate,ASTRA Mk V H Convertible,ASTRA Mk IV G CC,ASTRA Mk III F CC,ASTRA Mk IV G Sedan,VECTRA B CC,VX220,VECTRA B Estate,VECTRA B,ASTRA Mk III F Estate,ASTRA Mk IV G Coupe F67,ASTRA Mk IV G Estate,ASTRA Mk IV G Convertible; 55354476, 5652014, 652636, 90502090; Tiiviste, \u00d6ljypohja<\/p>\n","protected":false},"excerpt":{"rendered":"<p>ELRING \u00d6ljypohjan Tiiviste 413.090 Tiiviste, \u00d6ljypohja OPEL,CADILLAC,LOTUS,ZAFIRA B A05,ASTRA H Caravan L35,ZAFIRA A F75_,ASTRA G CC F48_, F08_<\/p>\n","protected":false},"featured_media":0,"template":"","meta":{"site-sidebar-layout":"default","site-content-layout":"default","ast-global-header-display":"","ast-main-header-display":"","ast-hfb-above-header-display":"","ast-hfb-below-header-display":"","ast-hfb-mobile-header-display":"","site-post-title":"","ast-breadcrumbs-content":"","ast-featured-img":"","footer-sml-layout":"","theme-transparent-header-meta":"","adv-header-id-meta":"","stick-header-meta":"","header-above-stick-meta":"","header-main-stick-meta":"","header-below-stick-meta":""},"pwb-brand":[26],"product_cat":[180],"product_tag":[],"class_list":{"0":"post-99023","1":"product","2":"type-product","3":"status-publish","5":"pwb-brand-elring","6":"product_cat-oljypohjan-tiiviste","7":"desktop-align-left","8":"tablet-align-left","9":"mobile-align-left","11":"first","12":"instock","13":"product-type-external"},"brands":[{"id":26,"name":"ELRING","slug":"elring"}],"_links":{"self":[{"href":"https:\/\/www.autonvaraosahaku.fi\/index.php?rest_route=\/wp\/v2\/product\/99023","targetHints":{"allow":["GET"]}}],"collection":[{"href":"https:\/\/www.autonvaraosahaku.fi\/index.php?rest_route=\/wp\/v2\/product"}],"about":[{"href":"https:\/\/www.autonvaraosahaku.fi\/index.php?rest_route=\/wp\/v2\/types\/product"}],"wp:attachment":[{"href":"https:\/\/www.autonvaraosahaku.fi\/index.php?rest_route=%2Fwp%2Fv2%2Fmedia&parent=99023"}],"wp:term":[{"taxonomy":"pwb-brand","embeddable":true,"href":"https:\/\/www.autonvaraosahaku.fi\/index.php?rest_route=%2Fwp%2Fv2%2Fpwb-brand&post=99023"},{"taxonomy":"product_cat","embeddable":true,"href":"https:\/\/www.autonvaraosahaku.fi\/index.php?rest_route=%2Fwp%2Fv2%2Fproduct_cat&post=99023"},{"taxonomy":"product_tag","embeddable":true,"href":"https:\/\/www.autonvaraosahaku.fi\/index.php?rest_route=%2Fwp%2Fv2%2Fproduct_tag&post=99023"}],"curies":[{"name":"wp","href":"https:\/\/api.w.org\/{rel}","templated":true}]}}