{"id":99070,"date":"2021-02-21T22:25:30","date_gmt":"2021-02-21T22:25:30","guid":{"rendered":"https:\/\/www.autonvaraosahaku.fi\/?product=ate-24-0128-0140-1-jarrulevyt"},"modified":"2021-02-21T22:25:31","modified_gmt":"2021-02-21T22:25:31","slug":"ate-24-0128-0140-1-jarrulevyt","status":"publish","type":"product","link":"https:\/\/www.autonvaraosahaku.fi\/?product=ate-24-0128-0140-1-jarrulevyt","title":{"rendered":"ATE 24.0128-0140.1 Jarrulevyt"},"content":{"rendered":"<p>Ulkol\u00e4pimitta [mm]: 280,0; Jarrulevyn paksuus (mm): 28,0; V\u00e4himm\u00e4ispaksuus (mm): 26,0; Jarrulevytyyppi: Tuuletettu; Pinta: pinnoitettu; Reikien m\u00e4\u00e4r\u00e4: 5; MAPP-koodi saatavilla: ; Korkeus (mm): 49,1; keskitt\u00e4misl\u00e4pimitta [mm]: 68,0; Sis\u00e4l\u00e4pimitta [mm]: 144,0; Reik\u00e4ympyr\u00e4-\u00d8 [mm]: 114,3; Reik\u00e4-\u00d8 [mm]: 12,8; Tarkistuskilpi: E1 90R-02C0115\/0744; Valmistusvuoteen: 11\/2005; NISSAN: X-TRAIL T30,ALMERA TINO V10,PRIMERA Kombi WP12,PRIMERA P12,PRIMERA Hatchback P12,MAXIMA QX A33; MAZDA: B-SERIE UF; 402063Y502, 402063Y503, 402064U101, 402064U103, 402064U105, 402064U107; Jarrulevy<\/p>\n","protected":false},"excerpt":{"rendered":"<p>ATE Jarrulevyt 24.0128-0140.1 Jarrulevy NISSAN,MAZDA,X-TRAIL T30,ALMERA TINO V10,PRIMERA Kombi WP12,PRIMERA P12,PRIMERA Hatchback P12,MAXIMA QX A33<\/p>\n","protected":false},"featured_media":0,"template":"","meta":{"site-sidebar-layout":"default","site-content-layout":"default","ast-global-header-display":"","ast-main-header-display":"","ast-hfb-above-header-display":"","ast-hfb-below-header-display":"","ast-hfb-mobile-header-display":"","site-post-title":"","ast-breadcrumbs-content":"","ast-featured-img":"","footer-sml-layout":"","theme-transparent-header-meta":"","adv-header-id-meta":"","stick-header-meta":"","header-above-stick-meta":"","header-main-stick-meta":"","header-below-stick-meta":""},"pwb-brand":[108],"product_cat":[66],"product_tag":[],"class_list":{"0":"post-99070","1":"product","2":"type-product","3":"status-publish","5":"pwb-brand-ate","6":"product_cat-jarrulevyt","7":"desktop-align-left","8":"tablet-align-left","9":"mobile-align-left","11":"first","12":"instock","13":"product-type-external"},"brands":[{"id":108,"name":"ATE","slug":"ate"}],"_links":{"self":[{"href":"https:\/\/www.autonvaraosahaku.fi\/index.php?rest_route=\/wp\/v2\/product\/99070","targetHints":{"allow":["GET"]}}],"collection":[{"href":"https:\/\/www.autonvaraosahaku.fi\/index.php?rest_route=\/wp\/v2\/product"}],"about":[{"href":"https:\/\/www.autonvaraosahaku.fi\/index.php?rest_route=\/wp\/v2\/types\/product"}],"wp:attachment":[{"href":"https:\/\/www.autonvaraosahaku.fi\/index.php?rest_route=%2Fwp%2Fv2%2Fmedia&parent=99070"}],"wp:term":[{"taxonomy":"pwb-brand","embeddable":true,"href":"https:\/\/www.autonvaraosahaku.fi\/index.php?rest_route=%2Fwp%2Fv2%2Fpwb-brand&post=99070"},{"taxonomy":"product_cat","embeddable":true,"href":"https:\/\/www.autonvaraosahaku.fi\/index.php?rest_route=%2Fwp%2Fv2%2Fproduct_cat&post=99070"},{"taxonomy":"product_tag","embeddable":true,"href":"https:\/\/www.autonvaraosahaku.fi\/index.php?rest_route=%2Fwp%2Fv2%2Fproduct_tag&post=99070"}],"curies":[{"name":"wp","href":"https:\/\/api.w.org\/{rel}","templated":true}]}}