{"id":99086,"date":"2021-02-21T22:25:30","date_gmt":"2021-02-21T22:25:30","guid":{"rendered":"https:\/\/www.autonvaraosahaku.fi\/?product=hella-2ps-964-295-051-muut-luokat"},"modified":"2021-02-21T22:25:37","modified_gmt":"2021-02-21T22:25:37","slug":"hella-2ps-964-295-051-muut-luokat","status":"publish","type":"product","link":"https:\/\/www.autonvaraosahaku.fi\/?product=hella-2ps-964-295-051-muut-luokat","title":{"rendered":"HELLA 2PS 964 295-051 Muut luokat"},"content":{"rendered":"<p>Leveys (mm): 101,6; Korkeus (mm): 45; Asennusmalli: Pinta-asennus; Asennuspuoli: Vasen, Oikea; Lyhdyn muoto: LED; Tarkistuskilpi: E17 0202, ECE; Nimellisj\u00e4nnite (V): 24; LED-m\u00e4\u00e4ra: 2; Lyhtytoimintojen m\u00e4\u00e4r\u00e4: 2; Kaapelinmitta (mm): 500; Virrankulutus (W): 1,0; Valotoiminto: heijastimella, Sivuvalolla (LED); Lasin v\u00e4ri: Keltainen; Virta (A): 0,04; Lamppumalli: LED; 1529490<\/p>\n","protected":false},"excerpt":{"rendered":"<p>HELLA Sivumerkkivalo 2PS 964 295-051<\/p>\n","protected":false},"featured_media":0,"template":"","meta":{"site-sidebar-layout":"default","site-content-layout":"default","ast-global-header-display":"","ast-main-header-display":"","ast-hfb-above-header-display":"","ast-hfb-below-header-display":"","ast-hfb-mobile-header-display":"","site-post-title":"","ast-breadcrumbs-content":"","ast-featured-img":"","footer-sml-layout":"","theme-transparent-header-meta":"","adv-header-id-meta":"","stick-header-meta":"","header-above-stick-meta":"","header-main-stick-meta":"","header-below-stick-meta":""},"pwb-brand":[24],"product_cat":[37],"product_tag":[],"class_list":{"0":"post-99086","1":"product","2":"type-product","3":"status-publish","5":"pwb-brand-hella","6":"product_cat-muut-luokat","7":"desktop-align-left","8":"tablet-align-left","9":"mobile-align-left","11":"first","12":"instock","13":"product-type-external"},"brands":[{"id":24,"name":"HELLA","slug":"hella"}],"_links":{"self":[{"href":"https:\/\/www.autonvaraosahaku.fi\/index.php?rest_route=\/wp\/v2\/product\/99086","targetHints":{"allow":["GET"]}}],"collection":[{"href":"https:\/\/www.autonvaraosahaku.fi\/index.php?rest_route=\/wp\/v2\/product"}],"about":[{"href":"https:\/\/www.autonvaraosahaku.fi\/index.php?rest_route=\/wp\/v2\/types\/product"}],"wp:attachment":[{"href":"https:\/\/www.autonvaraosahaku.fi\/index.php?rest_route=%2Fwp%2Fv2%2Fmedia&parent=99086"}],"wp:term":[{"taxonomy":"pwb-brand","embeddable":true,"href":"https:\/\/www.autonvaraosahaku.fi\/index.php?rest_route=%2Fwp%2Fv2%2Fpwb-brand&post=99086"},{"taxonomy":"product_cat","embeddable":true,"href":"https:\/\/www.autonvaraosahaku.fi\/index.php?rest_route=%2Fwp%2Fv2%2Fproduct_cat&post=99086"},{"taxonomy":"product_tag","embeddable":true,"href":"https:\/\/www.autonvaraosahaku.fi\/index.php?rest_route=%2Fwp%2Fv2%2Fproduct_tag&post=99086"}],"curies":[{"name":"wp","href":"https:\/\/api.w.org\/{rel}","templated":true}]}}