{"id":99090,"date":"2021-02-21T22:25:39","date_gmt":"2021-02-21T22:25:39","guid":{"rendered":"https:\/\/www.autonvaraosahaku.fi\/?product=hella-2ka-005-049-011-rekisterikilven-valo"},"modified":"2021-02-21T22:25:39","modified_gmt":"2021-02-21T22:25:39","slug":"hella-2ka-005-049-011-rekisterikilven-valo","status":"publish","type":"product","link":"https:\/\/www.autonvaraosahaku.fi\/?product=hella-2ka-005-049-011-rekisterikilven-valo","title":{"rendered":"HELLA 2KA 005 049-011 Rekisterikilven valo"},"content":{"rendered":"<p>Asennusmalli: Upotus; Asennuspuoli: Vasen, Oikea; Lis\u00e4tarvike\/lis\u00e4tieto: Polttimolla, Lampun kannalla; Tarkistuskilpi: E1 22871, ECE; Nimellisj\u00e4nnite (V): 24; Lyhtytoimintojen m\u00e4\u00e4r\u00e4: 1; V\u00e4ri: Musta; Lamppumalli: C5W; Valotoiminto: kilpivalolla; NEOPLAN: Centroliner,Cityliner,Euroliner,Starliner; 0906507, 500257038, 503128360, 504133117, 11025349, 36252406000, 6128200056, A6128200056, PRK000489, 70305326, 70347708; Rekisterivalo<\/p>\n","protected":false},"excerpt":{"rendered":"<p>HELLA Rekisterikilven Valo 2KA 005 049-011 Rekisterivalo NEOPLAN,Centroliner,Cityliner,Euroliner,Starliner<\/p>\n","protected":false},"featured_media":0,"template":"","meta":{"site-sidebar-layout":"default","site-content-layout":"default","ast-global-header-display":"","ast-main-header-display":"","ast-hfb-above-header-display":"","ast-hfb-below-header-display":"","ast-hfb-mobile-header-display":"","site-post-title":"","ast-breadcrumbs-content":"","ast-featured-img":"","footer-sml-layout":"","theme-transparent-header-meta":"","adv-header-id-meta":"","stick-header-meta":"","header-above-stick-meta":"","header-main-stick-meta":"","header-below-stick-meta":""},"pwb-brand":[24],"product_cat":[55],"product_tag":[],"class_list":{"0":"post-99090","1":"product","2":"type-product","3":"status-publish","5":"pwb-brand-hella","6":"product_cat-rekisterikilven-valo","7":"desktop-align-left","8":"tablet-align-left","9":"mobile-align-left","11":"first","12":"instock","13":"product-type-external"},"brands":[{"id":24,"name":"HELLA","slug":"hella"}],"_links":{"self":[{"href":"https:\/\/www.autonvaraosahaku.fi\/index.php?rest_route=\/wp\/v2\/product\/99090","targetHints":{"allow":["GET"]}}],"collection":[{"href":"https:\/\/www.autonvaraosahaku.fi\/index.php?rest_route=\/wp\/v2\/product"}],"about":[{"href":"https:\/\/www.autonvaraosahaku.fi\/index.php?rest_route=\/wp\/v2\/types\/product"}],"wp:attachment":[{"href":"https:\/\/www.autonvaraosahaku.fi\/index.php?rest_route=%2Fwp%2Fv2%2Fmedia&parent=99090"}],"wp:term":[{"taxonomy":"pwb-brand","embeddable":true,"href":"https:\/\/www.autonvaraosahaku.fi\/index.php?rest_route=%2Fwp%2Fv2%2Fpwb-brand&post=99090"},{"taxonomy":"product_cat","embeddable":true,"href":"https:\/\/www.autonvaraosahaku.fi\/index.php?rest_route=%2Fwp%2Fv2%2Fproduct_cat&post=99090"},{"taxonomy":"product_tag","embeddable":true,"href":"https:\/\/www.autonvaraosahaku.fi\/index.php?rest_route=%2Fwp%2Fv2%2Fproduct_tag&post=99090"}],"curies":[{"name":"wp","href":"https:\/\/api.w.org\/{rel}","templated":true}]}}