{"id":99091,"date":"2021-02-21T22:25:39","date_gmt":"2021-02-21T22:25:39","guid":{"rendered":"https:\/\/www.autonvaraosahaku.fi\/?product=kyb-444067-iskunvaimennin"},"modified":"2021-02-21T22:25:40","modified_gmt":"2021-02-21T22:25:40","slug":"kyb-444067-iskunvaimennin","status":"publish","type":"product","link":"https:\/\/www.autonvaraosahaku.fi\/?product=kyb-444067-iskunvaimennin","title":{"rendered":"KYB 444067 Iskunvaimennin"},"content":{"rendered":"<p>Asennuspuoli: Etuakseli; Iskunvaimennin asennustapa: Tappi ylh\u00e4\u00e4ll\u00e4, Silta alhaalla; Iskunvaimennin tyyppi: \u00d6ljypaine; Tuotelinja: Premium; Valmistusvuoteen: 04\/1986; MITSUBISHI: PAJERO I L04_G, L14_G,PAJERO I Canvas Top L04_G; J4853139925, 5350755, 5353217, 5354897, 5355685, 5356433, 5361746, 5363450, 5363451, 5363452, 5363629, 5363751, 999698, 5516300182, 9226971, 94223164, 94226971, 55099, 6304, 91095939, 91099014, HB217100A, LP694, LP707, MB109661A, MB110057, MB110517, MB303366, MB303369, MB303740, MB339213, MB339214, MB349076, MB430224, MB430225, MB584688, 56210R8026, 2281313, 72117661, 4851029276, 4853123040, 4853139336, 4853160090, 4853169065, J4853139925; Iskarit,Iskunvaimennin<\/p>\n","protected":false},"excerpt":{"rendered":"<p>KYB Iskunvaimentimet 444067 Iskarit,Iskunvaimennin MITSUBISHI,PAJERO I L04_G, L14_G,PAJERO I Canvas Top L04_G<\/p>\n","protected":false},"featured_media":0,"template":"","meta":{"site-sidebar-layout":"default","site-content-layout":"default","ast-global-header-display":"","ast-main-header-display":"","ast-hfb-above-header-display":"","ast-hfb-below-header-display":"","ast-hfb-mobile-header-display":"","site-post-title":"","ast-breadcrumbs-content":"","ast-featured-img":"","footer-sml-layout":"","theme-transparent-header-meta":"","adv-header-id-meta":"","stick-header-meta":"","header-above-stick-meta":"","header-main-stick-meta":"","header-below-stick-meta":""},"pwb-brand":[226],"product_cat":[80],"product_tag":[],"class_list":{"0":"post-99091","1":"product","2":"type-product","3":"status-publish","5":"pwb-brand-kyb","6":"product_cat-iskunvaimennin","7":"desktop-align-left","8":"tablet-align-left","9":"mobile-align-left","11":"first","12":"instock","13":"product-type-external"},"brands":[{"id":226,"name":"KYB","slug":"kyb"}],"_links":{"self":[{"href":"https:\/\/www.autonvaraosahaku.fi\/index.php?rest_route=\/wp\/v2\/product\/99091","targetHints":{"allow":["GET"]}}],"collection":[{"href":"https:\/\/www.autonvaraosahaku.fi\/index.php?rest_route=\/wp\/v2\/product"}],"about":[{"href":"https:\/\/www.autonvaraosahaku.fi\/index.php?rest_route=\/wp\/v2\/types\/product"}],"wp:attachment":[{"href":"https:\/\/www.autonvaraosahaku.fi\/index.php?rest_route=%2Fwp%2Fv2%2Fmedia&parent=99091"}],"wp:term":[{"taxonomy":"pwb-brand","embeddable":true,"href":"https:\/\/www.autonvaraosahaku.fi\/index.php?rest_route=%2Fwp%2Fv2%2Fpwb-brand&post=99091"},{"taxonomy":"product_cat","embeddable":true,"href":"https:\/\/www.autonvaraosahaku.fi\/index.php?rest_route=%2Fwp%2Fv2%2Fproduct_cat&post=99091"},{"taxonomy":"product_tag","embeddable":true,"href":"https:\/\/www.autonvaraosahaku.fi\/index.php?rest_route=%2Fwp%2Fv2%2Fproduct_tag&post=99091"}],"curies":[{"name":"wp","href":"https:\/\/api.w.org\/{rel}","templated":true}]}}