{"id":99096,"date":"2021-02-21T22:25:39","date_gmt":"2021-02-21T22:25:39","guid":{"rendered":"https:\/\/www.autonvaraosahaku.fi\/?product=hella-2ja-001-357-002-lisajarruvalo"},"modified":"2021-02-21T22:25:41","modified_gmt":"2021-02-21T22:25:41","slug":"hella-2ja-001-357-002-lisajarruvalo","status":"publish","type":"product","link":"https:\/\/www.autonvaraosahaku.fi\/?product=hella-2ja-001-357-002-lisajarruvalo","title":{"rendered":"HELLA 2JA 001 357-002 Lis\u00e4jarruvalo"},"content":{"rendered":"<p>Asennusmalli: Upotus; Asennuspuoli: Sisempi; Korvaava tuote\/korvaava tiedote 2: Kytkimell\u00e4, ilman polttimoita; Lis\u00e4tarvike\/lis\u00e4tieto: Lampun kannalla; Tarkistuskilpi: E1 8728, ECE; Nimellisj\u00e4nnite (V): 12, 24; Lyhtytoimintojen m\u00e4\u00e4r\u00e4: 1; Lamppumalli: K (10W); Valotoiminto: sis\u00e4valolla; Lasin v\u00e4ri: Lasinkirkas; Kytkin: Kytkimell\u00e4; Valmistusvuoteen: 12\/1976; IVECO: P\/PA-Haubenfahrzeuge; MERCEDES-BENZ: G-CLASS W463,G-CLASS W460,T1 Bus 601,100 Bus 631,T1 Pritsche\/Fahrgestell 602,T2\/L Kasten\/Kombi,T1 Kasten 602,100 Kasten 631,T1 Pritsche\/Fahrgestell 601,T2\/LN1 Kasten\/Kombi,T1 Kasten 601,T1 Bus 602,T2\/LN1 Pritsche\/Fahrgestell,T2\/LN1 Kipper,T2\/LN1 Bus,T2\/LN1 Triebkopf,LK\/LN2,LP,O 309,UNIMOG; PUCH: G-MODELL W 460,G-MODELL W 463; MASSEY FERGUSON: MF 3600,MF 5400,MF 7600,MF 8600; MAGIRUS-DEUTZ: D-Series; JOHN DEERE: Series 5000,Series 5010,Series 6010; KDWHLO9659, BBU3119, 42340069, V87BG13774AA, 3385820M01A, 42340069, 42340069KZ550, 81252016132, ZF252016132, 0008250501, 0008250701, 0008250801, 0008251101, 1238200801, 1238200901, 6318200401, A0008250501, A0008250701, A0008250801, A0008251101, A1238200801, A1238200901, A6318200401, 54100002, KDWHLO9659<\/p>\n","protected":false},"excerpt":{"rendered":"<p>HELLA Sis\u00e4valo 2JA 001 357-002  IVECO,MERCEDES-BENZ,PUCH,P\/PA-Haubenfahrzeuge,G-CLASS W463,G-CLASS W460,T1 Bus 601,100 Bus 631<\/p>\n","protected":false},"featured_media":0,"template":"","meta":{"site-sidebar-layout":"default","site-content-layout":"default","ast-global-header-display":"","ast-main-header-display":"","ast-hfb-above-header-display":"","ast-hfb-below-header-display":"","ast-hfb-mobile-header-display":"","site-post-title":"","ast-breadcrumbs-content":"","ast-featured-img":"","footer-sml-layout":"","theme-transparent-header-meta":"","adv-header-id-meta":"","stick-header-meta":"","header-above-stick-meta":"","header-main-stick-meta":"","header-below-stick-meta":""},"pwb-brand":[24],"product_cat":[76],"product_tag":[],"class_list":{"0":"post-99096","1":"product","2":"type-product","3":"status-publish","5":"pwb-brand-hella","6":"product_cat-lisajarruvalo","7":"desktop-align-left","8":"tablet-align-left","9":"mobile-align-left","11":"first","12":"instock","13":"product-type-external"},"brands":[{"id":24,"name":"HELLA","slug":"hella"}],"_links":{"self":[{"href":"https:\/\/www.autonvaraosahaku.fi\/index.php?rest_route=\/wp\/v2\/product\/99096","targetHints":{"allow":["GET"]}}],"collection":[{"href":"https:\/\/www.autonvaraosahaku.fi\/index.php?rest_route=\/wp\/v2\/product"}],"about":[{"href":"https:\/\/www.autonvaraosahaku.fi\/index.php?rest_route=\/wp\/v2\/types\/product"}],"wp:attachment":[{"href":"https:\/\/www.autonvaraosahaku.fi\/index.php?rest_route=%2Fwp%2Fv2%2Fmedia&parent=99096"}],"wp:term":[{"taxonomy":"pwb-brand","embeddable":true,"href":"https:\/\/www.autonvaraosahaku.fi\/index.php?rest_route=%2Fwp%2Fv2%2Fpwb-brand&post=99096"},{"taxonomy":"product_cat","embeddable":true,"href":"https:\/\/www.autonvaraosahaku.fi\/index.php?rest_route=%2Fwp%2Fv2%2Fproduct_cat&post=99096"},{"taxonomy":"product_tag","embeddable":true,"href":"https:\/\/www.autonvaraosahaku.fi\/index.php?rest_route=%2Fwp%2Fv2%2Fproduct_tag&post=99096"}],"curies":[{"name":"wp","href":"https:\/\/api.w.org\/{rel}","templated":true}]}}