{"id":99104,"date":"2021-02-21T22:25:39","date_gmt":"2021-02-21T22:25:39","guid":{"rendered":"https:\/\/www.autonvaraosahaku.fi\/?product=ate-24-0120-0120-1-jarrulevyt"},"modified":"2021-02-21T22:25:44","modified_gmt":"2021-02-21T22:25:44","slug":"ate-24-0120-0120-1-jarrulevyt","status":"publish","type":"product","link":"https:\/\/www.autonvaraosahaku.fi\/?product=ate-24-0120-0120-1-jarrulevyt","title":{"rendered":"ATE 24.0120-0120.1 Jarrulevyt"},"content":{"rendered":"<p>Ulkol\u00e4pimitta [mm]: 256,0; Jarrulevyn paksuus (mm): 20,0; V\u00e4himm\u00e4ispaksuus (mm): 18,0; Jarrulevytyyppi: Tuuletettu; K\u00e4sittely: hiiliter\u00e4s; Pinta: pinnoitettu; Reikien m\u00e4\u00e4r\u00e4: 4; MAPP-koodi saatavilla: ; Reik\u00e4ympyr\u00e4-\u00d8 [mm]: 108,0; Korkeus (mm): 41,9; keskitt\u00e4misl\u00e4pimitta [mm]: 68,0; Sis\u00e4l\u00e4pimitta [mm]: 134,0; Reik\u00e4-\u00d8 [mm]: 15,4; Tarkistuskilpi: E1 90R-02C0115\/0441; Asennuspuoli: Vorderachse; AUDI: COUPE 89, 8B,80 81, 85, B2,COUPE 81, 85,90 81, 85, B2; Jarrulevy<\/p>\n","protected":false},"excerpt":{"rendered":"<p>ATE Jarrulevyt 24.0120-0120.1 Jarrulevy AUDI,COUPE 89, 8B,80 81, 85, B2,COUPE 81, 85,90 81, 85, B2<\/p>\n","protected":false},"featured_media":0,"template":"","meta":{"site-sidebar-layout":"default","site-content-layout":"default","ast-global-header-display":"","ast-main-header-display":"","ast-hfb-above-header-display":"","ast-hfb-below-header-display":"","ast-hfb-mobile-header-display":"","site-post-title":"","ast-breadcrumbs-content":"","ast-featured-img":"","footer-sml-layout":"","theme-transparent-header-meta":"","adv-header-id-meta":"","stick-header-meta":"","header-above-stick-meta":"","header-main-stick-meta":"","header-below-stick-meta":""},"pwb-brand":[108],"product_cat":[66],"product_tag":[],"class_list":{"0":"post-99104","1":"product","2":"type-product","3":"status-publish","5":"pwb-brand-ate","6":"product_cat-jarrulevyt","7":"desktop-align-left","8":"tablet-align-left","9":"mobile-align-left","11":"first","12":"instock","13":"product-type-external"},"brands":[{"id":108,"name":"ATE","slug":"ate"}],"_links":{"self":[{"href":"https:\/\/www.autonvaraosahaku.fi\/index.php?rest_route=\/wp\/v2\/product\/99104","targetHints":{"allow":["GET"]}}],"collection":[{"href":"https:\/\/www.autonvaraosahaku.fi\/index.php?rest_route=\/wp\/v2\/product"}],"about":[{"href":"https:\/\/www.autonvaraosahaku.fi\/index.php?rest_route=\/wp\/v2\/types\/product"}],"wp:attachment":[{"href":"https:\/\/www.autonvaraosahaku.fi\/index.php?rest_route=%2Fwp%2Fv2%2Fmedia&parent=99104"}],"wp:term":[{"taxonomy":"pwb-brand","embeddable":true,"href":"https:\/\/www.autonvaraosahaku.fi\/index.php?rest_route=%2Fwp%2Fv2%2Fpwb-brand&post=99104"},{"taxonomy":"product_cat","embeddable":true,"href":"https:\/\/www.autonvaraosahaku.fi\/index.php?rest_route=%2Fwp%2Fv2%2Fproduct_cat&post=99104"},{"taxonomy":"product_tag","embeddable":true,"href":"https:\/\/www.autonvaraosahaku.fi\/index.php?rest_route=%2Fwp%2Fv2%2Fproduct_tag&post=99104"}],"curies":[{"name":"wp","href":"https:\/\/api.w.org\/{rel}","templated":true}]}}