{"id":99142,"date":"2021-02-21T22:25:55","date_gmt":"2021-02-21T22:25:55","guid":{"rendered":"https:\/\/www.autonvaraosahaku.fi\/?product=ate-13-0460-5951-2-jarrupalat"},"modified":"2021-02-21T22:26:00","modified_gmt":"2021-02-21T22:26:00","slug":"ate-13-0460-5951-2-jarrupalat","status":"publish","type":"product","link":"https:\/\/www.autonvaraosahaku.fi\/?product=ate-13-0460-5951-2-jarrupalat","title":{"rendered":"ATE 13.0460-5951.2 Jarrupalat"},"content":{"rendered":"<p>Leveys (mm): 133,0; Korkeus (mm): 53,0; Paksuus [mm]: 17,5; Kulumisenilmaisimen liitos: akustisella kulumavaroittimella; Jarruj\u00e4rjestelm\u00e4: Sumitomo; Tarkistuskilpi: E9 90R-01247\/977; MAPP-koodi saatavilla: ; Suositellun tarvikkeen tuotenumero: 13.0460-0074.2, 13.0460-0441.2; Huomioi mitat: ; M\u00e4\u00e4r\u00e4yksikk\u00f6: Akselisarja; Asennuspuoli: Vorderachse; TOYOTA: COROLLA ZZE12_, NDE12_, ZDE12_,COROLLA Liftback _E11_,COROLLA Compact _E11_,RAV 4 I SXA1_,PICNIC _XM10,COROLLA Compact _E10_,CARINA E _T19_,CELICA ST20_, AT20_,COROLLA _E11_,CARINA E Stufenheck _T19_,COROLLA Wagon __E11_,CARINA E Sportswagon _T19_,RAV 4 \u00a0 SXA1_,CAMRY _CV2_, _XV2_,COROLLA Liftback _E10_,COROLLA _E10_,COROLLA Wagon _E10_; 0446512540, 0446520120, 0446533040, 0446542010, 0446542011, 0446542012, 0446542050, 0446544020, 0446544040, 0446544120, 0446544130, 0449105010, 0449106010, 0449112640, 0449112650, 0449112651, 0449120880, 0449120890, 0449122370, 044912B010, 0449133010, 0449133011, 0449133030, 0449133060; Jarrupalasarja,Jarrupala, Levyjarru<\/p>\n","protected":false},"excerpt":{"rendered":"<p>ATE Jarrupalat 13.0460-5951.2 Jarrupalasarja,Jarrupala, Levyjarru TOYOTA,COROLLA ZZE12_, NDE12_, ZDE12_,COROLLA Liftback _E11_,COROLLA Compact _E11_<\/p>\n","protected":false},"featured_media":0,"template":"","meta":{"site-sidebar-layout":"default","site-content-layout":"default","ast-global-header-display":"","ast-main-header-display":"","ast-hfb-above-header-display":"","ast-hfb-below-header-display":"","ast-hfb-mobile-header-display":"","site-post-title":"","ast-breadcrumbs-content":"","ast-featured-img":"","footer-sml-layout":"","theme-transparent-header-meta":"","adv-header-id-meta":"","stick-header-meta":"","header-above-stick-meta":"","header-main-stick-meta":"","header-below-stick-meta":""},"pwb-brand":[108],"product_cat":[100],"product_tag":[],"class_list":{"0":"post-99142","1":"product","2":"type-product","3":"status-publish","5":"pwb-brand-ate","6":"product_cat-jarrupalat","7":"desktop-align-left","8":"tablet-align-left","9":"mobile-align-left","11":"first","12":"instock","13":"product-type-external"},"brands":[{"id":108,"name":"ATE","slug":"ate"}],"_links":{"self":[{"href":"https:\/\/www.autonvaraosahaku.fi\/index.php?rest_route=\/wp\/v2\/product\/99142","targetHints":{"allow":["GET"]}}],"collection":[{"href":"https:\/\/www.autonvaraosahaku.fi\/index.php?rest_route=\/wp\/v2\/product"}],"about":[{"href":"https:\/\/www.autonvaraosahaku.fi\/index.php?rest_route=\/wp\/v2\/types\/product"}],"wp:attachment":[{"href":"https:\/\/www.autonvaraosahaku.fi\/index.php?rest_route=%2Fwp%2Fv2%2Fmedia&parent=99142"}],"wp:term":[{"taxonomy":"pwb-brand","embeddable":true,"href":"https:\/\/www.autonvaraosahaku.fi\/index.php?rest_route=%2Fwp%2Fv2%2Fpwb-brand&post=99142"},{"taxonomy":"product_cat","embeddable":true,"href":"https:\/\/www.autonvaraosahaku.fi\/index.php?rest_route=%2Fwp%2Fv2%2Fproduct_cat&post=99142"},{"taxonomy":"product_tag","embeddable":true,"href":"https:\/\/www.autonvaraosahaku.fi\/index.php?rest_route=%2Fwp%2Fv2%2Fproduct_tag&post=99142"}],"curies":[{"name":"wp","href":"https:\/\/api.w.org\/{rel}","templated":true}]}}