{"id":99145,"date":"2021-02-21T22:25:55","date_gmt":"2021-02-21T22:25:55","guid":{"rendered":"https:\/\/www.autonvaraosahaku.fi\/?product=ate-13-0460-5873-2-jarrupalat"},"modified":"2021-02-21T22:26:01","modified_gmt":"2021-02-21T22:26:01","slug":"ate-13-0460-5873-2-jarrupalat","status":"publish","type":"product","link":"https:\/\/www.autonvaraosahaku.fi\/?product=ate-13-0460-5873-2-jarrupalat","title":{"rendered":"ATE 13.0460-5873.2 Jarrupalat"},"content":{"rendered":"<p>Leveys (mm): 131,5; Korkeus (mm): 60,3; Paksuus [mm]: 16,9; Kulumisenilmaisimen liitos: akustisella kulumavaroittimella; Korvaava tuote\/korvaava tiedote 2: Huudonvaimennuspellill\u00e4; Jarruj\u00e4rjestelm\u00e4: Mando; Tarkistuskilpi: E1 90R-01917\/421; MAPP-koodi saatavilla: ; Suositellun tarvikkeen tuotenumero: 13.0460-0139.2; Huomioi mitat: ; M\u00e4\u00e4r\u00e4yksikk\u00f6: Akselisarja; Valmistusvuoteen: 12\/2004; KIA: SPORTAGE JE_, KM_,SOUL AM,MAGENTIS GD,MAGENTIS MG,SOUL II PS; HYUNDAI: TUCSON JM,COUPE GK,SONATA IV EF,TIBURON Coupe,ELANTRA Stufenheck HD; 581011FE01, 581012CA20, 581012EA10, 581012EA11, 581012EA30, 581012HA10, 5810138A80, 5810138A81, 581011FE00, 581011FE01, 581012EA10, 581012EA11, 581012GB00, 581012KA10, 581013CA20, 581013CA80, 581013KA40; Jarrupalasarja,Jarrupala, Levyjarru<\/p>\n","protected":false},"excerpt":{"rendered":"<p>ATE Jarrupalat 13.0460-5873.2 Jarrupalasarja,Jarrupala, Levyjarru KIA,HYUNDAI,SPORTAGE JE_, KM_,SOUL AM,MAGENTIS GD,MAGENTIS MG,SOUL II PS,TUCSON JM<\/p>\n","protected":false},"featured_media":0,"template":"","meta":{"site-sidebar-layout":"default","site-content-layout":"default","ast-global-header-display":"","ast-main-header-display":"","ast-hfb-above-header-display":"","ast-hfb-below-header-display":"","ast-hfb-mobile-header-display":"","site-post-title":"","ast-breadcrumbs-content":"","ast-featured-img":"","footer-sml-layout":"","theme-transparent-header-meta":"","adv-header-id-meta":"","stick-header-meta":"","header-above-stick-meta":"","header-main-stick-meta":"","header-below-stick-meta":""},"pwb-brand":[108],"product_cat":[100],"product_tag":[],"class_list":{"0":"post-99145","1":"product","2":"type-product","3":"status-publish","5":"pwb-brand-ate","6":"product_cat-jarrupalat","7":"desktop-align-left","8":"tablet-align-left","9":"mobile-align-left","11":"first","12":"instock","13":"product-type-external"},"brands":[{"id":108,"name":"ATE","slug":"ate"}],"_links":{"self":[{"href":"https:\/\/www.autonvaraosahaku.fi\/index.php?rest_route=\/wp\/v2\/product\/99145","targetHints":{"allow":["GET"]}}],"collection":[{"href":"https:\/\/www.autonvaraosahaku.fi\/index.php?rest_route=\/wp\/v2\/product"}],"about":[{"href":"https:\/\/www.autonvaraosahaku.fi\/index.php?rest_route=\/wp\/v2\/types\/product"}],"wp:attachment":[{"href":"https:\/\/www.autonvaraosahaku.fi\/index.php?rest_route=%2Fwp%2Fv2%2Fmedia&parent=99145"}],"wp:term":[{"taxonomy":"pwb-brand","embeddable":true,"href":"https:\/\/www.autonvaraosahaku.fi\/index.php?rest_route=%2Fwp%2Fv2%2Fpwb-brand&post=99145"},{"taxonomy":"product_cat","embeddable":true,"href":"https:\/\/www.autonvaraosahaku.fi\/index.php?rest_route=%2Fwp%2Fv2%2Fproduct_cat&post=99145"},{"taxonomy":"product_tag","embeddable":true,"href":"https:\/\/www.autonvaraosahaku.fi\/index.php?rest_route=%2Fwp%2Fv2%2Fproduct_tag&post=99145"}],"curies":[{"name":"wp","href":"https:\/\/api.w.org\/{rel}","templated":true}]}}