{"id":9916,"date":"2021-02-21T14:07:16","date_gmt":"2021-02-21T14:07:16","guid":{"rendered":"https:\/\/www.autonvaraosahaku.fi\/?product=elring-393-930-imusarjan-tiivisteet"},"modified":"2021-02-21T14:07:18","modified_gmt":"2021-02-21T14:07:18","slug":"elring-393-930-imusarjan-tiivisteet","status":"publish","type":"product","link":"https:\/\/www.autonvaraosahaku.fi\/?product=elring-393-930-imusarjan-tiivisteet","title":{"rendered":"ELRING 393.930 Imusarjan tiivisteet"},"content":{"rendered":"<p>Tarvittava kappalem\u00e4\u00e4r\u00e4: 5; FORD: MONDEO IV Turnier BA7,FOCUS II DA_,S-MAX WA6,KUGA I,MONDEO IV BA7,MONDEO IV Stufenheck BA7; VOLVO: V50 MW,XC60,V70 III BW,C30,V60,S40 II MS,C70 II Cabriolet,V40 Schr\u00e4gheck,XC70 II,S80 II AS,S60 II; 2018331, 6M5G9441AB, 2810910560, 161755729R, 2810910360, 30637438, 31331885<\/p>\n","protected":false},"excerpt":{"rendered":"<p>ELRING Tiiviste, Imusarjan Kotelo 393.930  FORD,VOLVO,MONDEO IV Turnier BA7,FOCUS II DA_,S-MAX WA6,KUGA I,MONDEO IV BA7,MONDEO IV Stufenheck BA7<\/p>\n","protected":false},"featured_media":0,"template":"","meta":{"site-sidebar-layout":"default","site-content-layout":"default","ast-global-header-display":"","ast-main-header-display":"","ast-hfb-above-header-display":"","ast-hfb-below-header-display":"","ast-hfb-mobile-header-display":"","site-post-title":"","ast-breadcrumbs-content":"","ast-featured-img":"","footer-sml-layout":"","theme-transparent-header-meta":"","adv-header-id-meta":"","stick-header-meta":"","header-above-stick-meta":"","header-main-stick-meta":"","header-below-stick-meta":""},"pwb-brand":[26],"product_cat":[43],"product_tag":[],"class_list":{"0":"post-9916","1":"product","2":"type-product","3":"status-publish","5":"pwb-brand-elring","6":"product_cat-imusarjan-tiivisteet","7":"desktop-align-left","8":"tablet-align-left","9":"mobile-align-left","11":"first","12":"instock","13":"product-type-external"},"brands":[{"id":26,"name":"ELRING","slug":"elring"}],"_links":{"self":[{"href":"https:\/\/www.autonvaraosahaku.fi\/index.php?rest_route=\/wp\/v2\/product\/9916","targetHints":{"allow":["GET"]}}],"collection":[{"href":"https:\/\/www.autonvaraosahaku.fi\/index.php?rest_route=\/wp\/v2\/product"}],"about":[{"href":"https:\/\/www.autonvaraosahaku.fi\/index.php?rest_route=\/wp\/v2\/types\/product"}],"wp:attachment":[{"href":"https:\/\/www.autonvaraosahaku.fi\/index.php?rest_route=%2Fwp%2Fv2%2Fmedia&parent=9916"}],"wp:term":[{"taxonomy":"pwb-brand","embeddable":true,"href":"https:\/\/www.autonvaraosahaku.fi\/index.php?rest_route=%2Fwp%2Fv2%2Fpwb-brand&post=9916"},{"taxonomy":"product_cat","embeddable":true,"href":"https:\/\/www.autonvaraosahaku.fi\/index.php?rest_route=%2Fwp%2Fv2%2Fproduct_cat&post=9916"},{"taxonomy":"product_tag","embeddable":true,"href":"https:\/\/www.autonvaraosahaku.fi\/index.php?rest_route=%2Fwp%2Fv2%2Fproduct_tag&post=9916"}],"curies":[{"name":"wp","href":"https:\/\/api.w.org\/{rel}","templated":true}]}}