{"id":99160,"date":"2021-02-21T22:26:04","date_gmt":"2021-02-21T22:26:04","guid":{"rendered":"https:\/\/www.autonvaraosahaku.fi\/?product=meyle-215-523-2001-jarrulevyt"},"modified":"2021-02-21T22:26:08","modified_gmt":"2021-02-21T22:26:08","slug":"meyle-215-523-2001-jarrulevyt","status":"publish","type":"product","link":"https:\/\/www.autonvaraosahaku.fi\/?product=meyle-215-523-2001-jarrulevyt","title":{"rendered":"MEYLE 215 523 2001 Jarrulevyt"},"content":{"rendered":"<p>Ulkol\u00e4pimitta [mm]: 240; Korkeus (mm): 40; Jarrulevyn paksuus (mm): 10,9; V\u00e4himm\u00e4ispaksuus (mm): 9,2; keskitt\u00e4misl\u00e4pimitta [mm]: 59; Reik\u00e4ympyr\u00e4-\u00d8 [mm]: 98; Py\u00f6r\u00e4npulttireik\u00e4-\u00d8 [mm]: 13; Reikien m\u00e4\u00e4r\u00e4: 4; Jarrulevytyyppi: Vakiomalli; Tarvittava kappalem\u00e4\u00e4r\u00e4: 2; lis\u00e4tieto: ORIGINAL Quality; Asennuspuoli: Hinterachse; FORD: KA RU8; FIAT: PUNTO 188,PANDA 169,500 312,SEICENTO 187,BARCHETTA 183,500 C 312,PUNTO 176,PANDA Van 169,CINQUECENTO 170,PANDA 312,COUPE FA\/175,PUNTO Van 188AX,BRAVO I 182,PUNTO Cabriolet 176C,MAREA Weekend 185,UNO 146A\/E,SEICENTO Van 187,TIPO 160,MAREA 185,TEMPRA 159,PUNTO Van 176L,TEMPRA S.W. 159,PANDA VAN 312; ALFA ROMEO: 145 930,155 167,146 930,33 907A,33 Sportwagon 907B; LANCIA: YPSILON 843,Y 840A,MUSA 350,DELTA II 836,DEDRA 835,Y10 156,DEDRA SW 835; ABARTH: 500 \/ 595 312_,500C \/ 595C 312_; 46403960, 51876438, 7163465, 71738421, 71769481, 71770933, 7566931, 7645054, 7663465, 7685656, 46403960, 60805117, 60811879, 71738421, 71769481, 71772238, 7645054, 7663465, 46403960, 51859078, 51876438, 6001073192, 60811879, 7163465, 71738421, 71769481, 71770933, 71772238, 7566931, 7645054, 7663465, 7685656, 1541802, 1541804, 1715410, 9S511125CA, BS511125AA, 71738421, 71772238, 7663465; Jarrulevy<\/p>\n","protected":false},"excerpt":{"rendered":"<p>MEYLE Jarrulevyt 215 523 2001 Jarrulevy FORD,FIAT,ALFA ROMEO,KA RU8,PUNTO 188,PANDA 169,500 312,SEICENTO 187,BARCHETTA 183,500 C 312,PUNTO 176<\/p>\n","protected":false},"featured_media":0,"template":"","meta":{"site-sidebar-layout":"default","site-content-layout":"default","ast-global-header-display":"","ast-main-header-display":"","ast-hfb-above-header-display":"","ast-hfb-below-header-display":"","ast-hfb-mobile-header-display":"","site-post-title":"","ast-breadcrumbs-content":"","ast-featured-img":"","footer-sml-layout":"","theme-transparent-header-meta":"","adv-header-id-meta":"","stick-header-meta":"","header-above-stick-meta":"","header-main-stick-meta":"","header-below-stick-meta":""},"pwb-brand":[84],"product_cat":[66],"product_tag":[],"class_list":{"0":"post-99160","1":"product","2":"type-product","3":"status-publish","5":"pwb-brand-meyle","6":"product_cat-jarrulevyt","7":"desktop-align-left","8":"tablet-align-left","9":"mobile-align-left","11":"first","12":"instock","13":"product-type-external"},"brands":[{"id":84,"name":"MEYLE","slug":"meyle"}],"_links":{"self":[{"href":"https:\/\/www.autonvaraosahaku.fi\/index.php?rest_route=\/wp\/v2\/product\/99160","targetHints":{"allow":["GET"]}}],"collection":[{"href":"https:\/\/www.autonvaraosahaku.fi\/index.php?rest_route=\/wp\/v2\/product"}],"about":[{"href":"https:\/\/www.autonvaraosahaku.fi\/index.php?rest_route=\/wp\/v2\/types\/product"}],"wp:attachment":[{"href":"https:\/\/www.autonvaraosahaku.fi\/index.php?rest_route=%2Fwp%2Fv2%2Fmedia&parent=99160"}],"wp:term":[{"taxonomy":"pwb-brand","embeddable":true,"href":"https:\/\/www.autonvaraosahaku.fi\/index.php?rest_route=%2Fwp%2Fv2%2Fpwb-brand&post=99160"},{"taxonomy":"product_cat","embeddable":true,"href":"https:\/\/www.autonvaraosahaku.fi\/index.php?rest_route=%2Fwp%2Fv2%2Fproduct_cat&post=99160"},{"taxonomy":"product_tag","embeddable":true,"href":"https:\/\/www.autonvaraosahaku.fi\/index.php?rest_route=%2Fwp%2Fv2%2Fproduct_tag&post=99160"}],"curies":[{"name":"wp","href":"https:\/\/api.w.org\/{rel}","templated":true}]}}