{"id":99171,"date":"2021-02-21T22:26:13","date_gmt":"2021-02-21T22:26:13","guid":{"rendered":"https:\/\/www.autonvaraosahaku.fi\/?product=luk-600-0012-00-kytkinpaketti"},"modified":"2021-02-21T22:26:13","modified_gmt":"2021-02-21T22:26:13","slug":"luk-600-0012-00-kytkinpaketti","status":"publish","type":"product","link":"https:\/\/www.autonvaraosahaku.fi\/?product=luk-600-0012-00-kytkinpaketti","title":{"rendered":"LuK 600 0012 00 Kytkinpaketti"},"content":{"rendered":"<p>Korvaava tuote\/korvaava tiedote 2: irroitinlaakerilla, Vauhtipy\u00f6r\u00e4ll\u00e4, Ruuvisarjalla, Kaksoismassavauhtipy\u00f6r\u00e4 kitka-ohjauslevyll\u00e4; Asennusmalli: Esiasennettu; Kiinnitysreikien lukum\u00e4\u00e4r\u00e4: 8; suurin p\u00e4\u00e4st\u00f6kulma [Grad]: 11; Hammaslukum\u00e4\u00e4r\u00e4 (suurimman p\u00e4\u00e4st\u00f6kulman ilmoitus): 4; suurin heitto [mm]: 1,6; Lis\u00e4tarvike\/lis\u00e4tieto: ilman ohjauslaakeria; Tuotelinja: BR 0241; Moottorinumerosta: 370181; VW: TRANSPORTER IV Bus 70XB, 70XC, 7DB, 7DW,TRANSPORTER IV Kasten 70XA,TRANSPORTER IV Pritsche\/Fahrgestell 70XD; 02A141165D, 02A141165G, 02A141165M, 02A141165A, 02A141165D, 02A141165E, 02A141165G, 02A141165M, 02A141165A, 02A141165B, 02A141165D, 02A141165E, 02A141165G, 02A141165M, 074105264D, 074105264H; Kytkinsarja<\/p>\n","protected":false},"excerpt":{"rendered":"<p>LuK Kytkinpaketti 600 0012 00 Kytkinsarja VW,TRANSPORTER IV Bus 70XB, 70XC, 7DB, 7DW,TRANSPORTER IV Kasten 70XA<\/p>\n","protected":false},"featured_media":0,"template":"","meta":{"site-sidebar-layout":"default","site-content-layout":"default","ast-global-header-display":"","ast-main-header-display":"","ast-hfb-above-header-display":"","ast-hfb-below-header-display":"","ast-hfb-mobile-header-display":"","site-post-title":"","ast-breadcrumbs-content":"","ast-featured-img":"","footer-sml-layout":"","theme-transparent-header-meta":"","adv-header-id-meta":"","stick-header-meta":"","header-above-stick-meta":"","header-main-stick-meta":"","header-below-stick-meta":""},"pwb-brand":[20],"product_cat":[21],"product_tag":[],"class_list":{"0":"post-99171","1":"product","2":"type-product","3":"status-publish","5":"pwb-brand-luk","6":"product_cat-kytkinpaketti","7":"desktop-align-left","8":"tablet-align-left","9":"mobile-align-left","11":"first","12":"instock","13":"product-type-external"},"brands":[{"id":20,"name":"LuK","slug":"luk"}],"_links":{"self":[{"href":"https:\/\/www.autonvaraosahaku.fi\/index.php?rest_route=\/wp\/v2\/product\/99171","targetHints":{"allow":["GET"]}}],"collection":[{"href":"https:\/\/www.autonvaraosahaku.fi\/index.php?rest_route=\/wp\/v2\/product"}],"about":[{"href":"https:\/\/www.autonvaraosahaku.fi\/index.php?rest_route=\/wp\/v2\/types\/product"}],"wp:attachment":[{"href":"https:\/\/www.autonvaraosahaku.fi\/index.php?rest_route=%2Fwp%2Fv2%2Fmedia&parent=99171"}],"wp:term":[{"taxonomy":"pwb-brand","embeddable":true,"href":"https:\/\/www.autonvaraosahaku.fi\/index.php?rest_route=%2Fwp%2Fv2%2Fpwb-brand&post=99171"},{"taxonomy":"product_cat","embeddable":true,"href":"https:\/\/www.autonvaraosahaku.fi\/index.php?rest_route=%2Fwp%2Fv2%2Fproduct_cat&post=99171"},{"taxonomy":"product_tag","embeddable":true,"href":"https:\/\/www.autonvaraosahaku.fi\/index.php?rest_route=%2Fwp%2Fv2%2Fproduct_tag&post=99171"}],"curies":[{"name":"wp","href":"https:\/\/api.w.org\/{rel}","templated":true}]}}