{"id":99229,"date":"2021-02-21T22:26:30","date_gmt":"2021-02-21T22:26:30","guid":{"rendered":"https:\/\/www.autonvaraosahaku.fi\/?product=elring-538-050-imusarjan-tiivisteet"},"modified":"2021-02-21T22:26:38","modified_gmt":"2021-02-21T22:26:38","slug":"elring-538-050-imusarjan-tiivisteet","status":"publish","type":"product","link":"https:\/\/www.autonvaraosahaku.fi\/?product=elring-538-050-imusarjan-tiivisteet","title":{"rendered":"ELRING 538.050 Imusarjan tiivisteet"},"content":{"rendered":"<p>Asennuspuoli: Sylinterikansi; Tarvittava kappalem\u00e4\u00e4r\u00e4: 3; VW: POLO 9N_,FOX 5Z1, 5Z3; SKODA: FABIA Combi 6Y5,FABIA 6Y2,FABIA Stufenheck 6Y3,FABIA Praktik; 03D129717A, 03D129717A, 03D129717A, 03D129717A; Tiiviste, Imusarja<\/p>\n","protected":false},"excerpt":{"rendered":"<p>ELRING Imusarjan Tiivisteet 538.050 Tiiviste, Imusarja VW,SKODA,POLO 9N_,FOX 5Z1, 5Z3,FABIA Combi 6Y5,FABIA 6Y2,FABIA Stufenheck 6Y3,FABIA Praktik<\/p>\n","protected":false},"featured_media":0,"template":"","meta":{"site-sidebar-layout":"default","site-content-layout":"default","ast-global-header-display":"","ast-main-header-display":"","ast-hfb-above-header-display":"","ast-hfb-below-header-display":"","ast-hfb-mobile-header-display":"","site-post-title":"","ast-breadcrumbs-content":"","ast-featured-img":"","footer-sml-layout":"","theme-transparent-header-meta":"","adv-header-id-meta":"","stick-header-meta":"","header-above-stick-meta":"","header-main-stick-meta":"","header-below-stick-meta":""},"pwb-brand":[26],"product_cat":[43],"product_tag":[],"class_list":{"0":"post-99229","1":"product","2":"type-product","3":"status-publish","5":"pwb-brand-elring","6":"product_cat-imusarjan-tiivisteet","7":"desktop-align-left","8":"tablet-align-left","9":"mobile-align-left","11":"first","12":"instock","13":"product-type-external"},"brands":[{"id":26,"name":"ELRING","slug":"elring"}],"_links":{"self":[{"href":"https:\/\/www.autonvaraosahaku.fi\/index.php?rest_route=\/wp\/v2\/product\/99229","targetHints":{"allow":["GET"]}}],"collection":[{"href":"https:\/\/www.autonvaraosahaku.fi\/index.php?rest_route=\/wp\/v2\/product"}],"about":[{"href":"https:\/\/www.autonvaraosahaku.fi\/index.php?rest_route=\/wp\/v2\/types\/product"}],"wp:attachment":[{"href":"https:\/\/www.autonvaraosahaku.fi\/index.php?rest_route=%2Fwp%2Fv2%2Fmedia&parent=99229"}],"wp:term":[{"taxonomy":"pwb-brand","embeddable":true,"href":"https:\/\/www.autonvaraosahaku.fi\/index.php?rest_route=%2Fwp%2Fv2%2Fpwb-brand&post=99229"},{"taxonomy":"product_cat","embeddable":true,"href":"https:\/\/www.autonvaraosahaku.fi\/index.php?rest_route=%2Fwp%2Fv2%2Fproduct_cat&post=99229"},{"taxonomy":"product_tag","embeddable":true,"href":"https:\/\/www.autonvaraosahaku.fi\/index.php?rest_route=%2Fwp%2Fv2%2Fproduct_tag&post=99229"}],"curies":[{"name":"wp","href":"https:\/\/api.w.org\/{rel}","templated":true}]}}