{"id":99239,"date":"2021-02-21T22:26:39","date_gmt":"2021-02-21T22:26:39","guid":{"rendered":"https:\/\/www.autonvaraosahaku.fi\/?product=elring-325-007-kampiakselin-tiiviste"},"modified":"2021-02-21T22:26:42","modified_gmt":"2021-02-21T22:26:42","slug":"elring-325-007-kampiakselin-tiiviste","status":"publish","type":"product","link":"https:\/\/www.autonvaraosahaku.fi\/?product=elring-325-007-kampiakselin-tiiviste","title":{"rendered":"ELRING 325.007 Kampiakselin tiiviste"},"content":{"rendered":"<p>Sis\u00e4l\u00e4pimitta [mm]: 40; Ulkol\u00e4pimitta [mm]: 56; Korkeus (mm): 7; Akselitiivisteen malli: B; Rihlamalli: Oikea kierre; Materiaali: ACM (polyakryyli-kautsu); Suojavaippa: Ilman suojakumia; Asennuspuoli: stirnseitig; SEAT: IBIZA I 021A,124,MALAGA 023A,131,124 Kombi,128,132,RONDA 022A,RITMO 138; LADA: NIVA 2121,NIVA II 2123,1200-1600,1200-1500 Kombi,NOVA 2105,TOSCANA 2107,NOVA Kombi 2104; LANCIA: BETA Spider 828BS,BETA Coupe 828BC,BETA MONTE CARLO 137AS, 137BS,BETA  H.P.E. 828BF,BETA 828_B_,TREVI 828DB; FIAT: 124 Spider,X 1\/9 128 AS,127,128 Coupe,128,125,131,124 Coupe,RITMO I 138A,124,132,FIORINO 147,REGATA 138,ARGENTA 132A,RITMO Cabriolet,124 Familiare,127 Panorama,128 Familiare,FIORINO 127,131 Familiare\/Panorama,147,FIORINO Pick up 147,REGATA Weekend 138,147 Panorama; ALFA ROMEO: ALFASUD Sprint 902.A,ALFASUD 901,33 Sportwagon 905A,ALFASUD Giardinetta 904,ARNA 920; MORGAN: PLUS FOUR,FOUR FOUR; ZASTAVA: 101 1100,YUGO; 101007, 60502891, 60503646, 40000050, 40000220, 4142113, 40000220, 40000050, 40004110; Akselitiiviste, Kampiakseli<\/p>\n","protected":false},"excerpt":{"rendered":"<p>ELRING Kampiakselin Tiiviste 325.007 Akselitiiviste, Kampiakseli SEAT,LADA,LANCIA,IBIZA I 021A,124,MALAGA 023A,131,124 Kombi,128,132,RONDA 022A<\/p>\n","protected":false},"featured_media":0,"template":"","meta":{"site-sidebar-layout":"default","site-content-layout":"default","ast-global-header-display":"","ast-main-header-display":"","ast-hfb-above-header-display":"","ast-hfb-below-header-display":"","ast-hfb-mobile-header-display":"","site-post-title":"","ast-breadcrumbs-content":"","ast-featured-img":"","footer-sml-layout":"","theme-transparent-header-meta":"","adv-header-id-meta":"","stick-header-meta":"","header-above-stick-meta":"","header-main-stick-meta":"","header-below-stick-meta":""},"pwb-brand":[26],"product_cat":[88],"product_tag":[],"class_list":{"0":"post-99239","1":"product","2":"type-product","3":"status-publish","5":"pwb-brand-elring","6":"product_cat-kampiakselin-tiiviste","7":"desktop-align-left","8":"tablet-align-left","9":"mobile-align-left","11":"first","12":"instock","13":"product-type-external"},"brands":[{"id":26,"name":"ELRING","slug":"elring"}],"_links":{"self":[{"href":"https:\/\/www.autonvaraosahaku.fi\/index.php?rest_route=\/wp\/v2\/product\/99239","targetHints":{"allow":["GET"]}}],"collection":[{"href":"https:\/\/www.autonvaraosahaku.fi\/index.php?rest_route=\/wp\/v2\/product"}],"about":[{"href":"https:\/\/www.autonvaraosahaku.fi\/index.php?rest_route=\/wp\/v2\/types\/product"}],"wp:attachment":[{"href":"https:\/\/www.autonvaraosahaku.fi\/index.php?rest_route=%2Fwp%2Fv2%2Fmedia&parent=99239"}],"wp:term":[{"taxonomy":"pwb-brand","embeddable":true,"href":"https:\/\/www.autonvaraosahaku.fi\/index.php?rest_route=%2Fwp%2Fv2%2Fpwb-brand&post=99239"},{"taxonomy":"product_cat","embeddable":true,"href":"https:\/\/www.autonvaraosahaku.fi\/index.php?rest_route=%2Fwp%2Fv2%2Fproduct_cat&post=99239"},{"taxonomy":"product_tag","embeddable":true,"href":"https:\/\/www.autonvaraosahaku.fi\/index.php?rest_route=%2Fwp%2Fv2%2Fproduct_tag&post=99239"}],"curies":[{"name":"wp","href":"https:\/\/api.w.org\/{rel}","templated":true}]}}