{"id":99241,"date":"2021-02-21T22:26:39","date_gmt":"2021-02-21T22:26:39","guid":{"rendered":"https:\/\/www.autonvaraosahaku.fi\/?product=elring-294-250-venttiilinvarren-kumit"},"modified":"2021-02-21T22:26:43","modified_gmt":"2021-02-21T22:26:43","slug":"elring-294-250-venttiilinvarren-kumit","status":"publish","type":"product","link":"https:\/\/www.autonvaraosahaku.fi\/?product=elring-294-250-venttiilinvarren-kumit","title":{"rendered":"ELRING 294.250 Venttiilinvarren kumit"},"content":{"rendered":"<p>Materiaali: FPM (fluori-kumi); Tarvittava kappalem\u00e4\u00e4r\u00e4: 2; JEEP: CHEROKEE XJ,CJ5 &#8211; CJ8,COMANCHE MJ; LADA: NIVA 2121; HYUNDAI: LANTRA II Wagon J-2,LANTRA II J-2; VOLVO: V40 Kombi VW,S40 I VS,480 E,440 K 445,460 L 464,340-360 343, 345,340-360 Stufenheck 344; ROVER: 200 RF,200 Hatchback XW,400 Tourer XW,400 XW; SUZUKI: SAMURAI SJ,VITARA ET, TA,VITARA Cabrio ET, TA,BALENO Kombi EG,BALENO EG,BALENO Schr\u00e4gheck EG; OPEL: ARENA Bus,ARENA Kasten TB, TF,ARENA Kasten; LANCIA: MUSA 350,LYBRA SW 839BX,DELTA I 831AB0,LYBRA 839AX,THEMA 834,DELTA II 836,ZETA 220,BETA Spider 828BS,BETA Coupe 828BC,DEDRA 835,Y10 156,DEDRA SW 835,BETA  H.P.E. 828BF,THEMA SW 834,BETA 828_B_,PRISMA 831AB0,TREVI 828DB; TOYOTA: COROLLA Liftback _E11_,COROLLA Compact _E11_,COROLLA _E11_,COROLLA Wagon __E11_; DACIA: SOLENZA,PICK UP; 3344261; Venttiilivarren Tiiviste,Tiivistesarja, Venttiilivarsi<\/p>\n","protected":false},"excerpt":{"rendered":"<p>ELRING Venttiilinvarren Kumit 294.250 Venttiilivarren Tiiviste,Tiivistesarja, Venttiilivarsi JEEP,LADA,HYUNDAI,CHEROKEE XJ,CJ5 &#8211; CJ8,COMANCHE MJ<\/p>\n","protected":false},"featured_media":0,"template":"","meta":{"site-sidebar-layout":"default","site-content-layout":"default","ast-global-header-display":"","ast-main-header-display":"","ast-hfb-above-header-display":"","ast-hfb-below-header-display":"","ast-hfb-mobile-header-display":"","site-post-title":"","ast-breadcrumbs-content":"","ast-featured-img":"","footer-sml-layout":"","theme-transparent-header-meta":"","adv-header-id-meta":"","stick-header-meta":"","header-above-stick-meta":"","header-main-stick-meta":"","header-below-stick-meta":""},"pwb-brand":[26],"product_cat":[170],"product_tag":[],"class_list":{"0":"post-99241","1":"product","2":"type-product","3":"status-publish","5":"pwb-brand-elring","6":"product_cat-venttiilinvarren-kumit","7":"desktop-align-left","8":"tablet-align-left","9":"mobile-align-left","11":"first","12":"instock","13":"product-type-external"},"brands":[{"id":26,"name":"ELRING","slug":"elring"}],"_links":{"self":[{"href":"https:\/\/www.autonvaraosahaku.fi\/index.php?rest_route=\/wp\/v2\/product\/99241","targetHints":{"allow":["GET"]}}],"collection":[{"href":"https:\/\/www.autonvaraosahaku.fi\/index.php?rest_route=\/wp\/v2\/product"}],"about":[{"href":"https:\/\/www.autonvaraosahaku.fi\/index.php?rest_route=\/wp\/v2\/types\/product"}],"wp:attachment":[{"href":"https:\/\/www.autonvaraosahaku.fi\/index.php?rest_route=%2Fwp%2Fv2%2Fmedia&parent=99241"}],"wp:term":[{"taxonomy":"pwb-brand","embeddable":true,"href":"https:\/\/www.autonvaraosahaku.fi\/index.php?rest_route=%2Fwp%2Fv2%2Fpwb-brand&post=99241"},{"taxonomy":"product_cat","embeddable":true,"href":"https:\/\/www.autonvaraosahaku.fi\/index.php?rest_route=%2Fwp%2Fv2%2Fproduct_cat&post=99241"},{"taxonomy":"product_tag","embeddable":true,"href":"https:\/\/www.autonvaraosahaku.fi\/index.php?rest_route=%2Fwp%2Fv2%2Fproduct_tag&post=99241"}],"curies":[{"name":"wp","href":"https:\/\/api.w.org\/{rel}","templated":true}]}}