{"id":99247,"date":"2021-02-21T22:26:39","date_gmt":"2021-02-21T22:26:39","guid":{"rendered":"https:\/\/www.autonvaraosahaku.fi\/?product=mobiletron-ce-81-sytytyspuola"},"modified":"2021-02-21T22:26:46","modified_gmt":"2021-02-21T22:26:46","slug":"mobiletron-ce-81-sytytyspuola","status":"publish","type":"product","link":"https:\/\/www.autonvaraosahaku.fi\/?product=mobiletron-ce-81-sytytyspuola","title":{"rendered":"MOBILETRON CE-81 Sytytyspuola"},"content":{"rendered":"<p>Napojen m\u00e4\u00e4r\u00e4: 6; Liittimi\u00e4: 4; Moottorinumero: Z16XEP; OPEL: CORSA D,ZAFIRA B A05,ASTRA H Caravan L35,MERIVA,ASTRA G CC F48_, F08_,ASTRA H L48,ASTRA G Caravan F35_,ASTRA H GTC L08,SIGNUM,ASTRA H TwinTop L67,ASTRA G Cabriolet F67,ASTRA G Stufenheck F69_,ASTRA G Kasten F70; FIAT: CROMA 194; ALFA ROMEO: 159 Sportwagon 939,159 939; VAUXHALL: CORSA Mk III D L_8,ZAFIRA Mk II B M75,ASTRA Mk V H CC,VECTRA Mk II C CC,ASTRA Mk V H Estate,VECTRA Mk II C Estate,ASTRA Mk IV G CC,ASTRA Mk V H Convertible,VECTRA Mk II C,SIGNUM,MERIVA Mk I A,ASTRA Mk IV G Sedan,ASTRA Mk IV G Coupe F67,ASTRA Mk IV G Estate,ASTRA Mk IV G Convertible; 71739725, 1208021<\/p>\n","protected":false},"excerpt":{"rendered":"<p>MOBILETRON Sytytyspuola CE-81  OPEL,FIAT,ALFA ROMEO,CORSA D,ZAFIRA B A05,ASTRA H Caravan L35,MERIVA,ASTRA G CC F48_, F08_,ASTRA H L48<\/p>\n","protected":false},"featured_media":0,"template":"","meta":{"site-sidebar-layout":"default","site-content-layout":"default","ast-global-header-display":"","ast-main-header-display":"","ast-hfb-above-header-display":"","ast-hfb-below-header-display":"","ast-hfb-mobile-header-display":"","site-post-title":"","ast-breadcrumbs-content":"","ast-featured-img":"","footer-sml-layout":"","theme-transparent-header-meta":"","adv-header-id-meta":"","stick-header-meta":"","header-above-stick-meta":"","header-main-stick-meta":"","header-below-stick-meta":""},"pwb-brand":[527],"product_cat":[25],"product_tag":[],"class_list":{"0":"post-99247","1":"product","2":"type-product","3":"status-publish","5":"pwb-brand-mobiletron","6":"product_cat-sytytyspuola","7":"desktop-align-left","8":"tablet-align-left","9":"mobile-align-left","11":"first","12":"instock","13":"product-type-external"},"brands":[{"id":527,"name":"MOBILETRON","slug":"mobiletron"}],"_links":{"self":[{"href":"https:\/\/www.autonvaraosahaku.fi\/index.php?rest_route=\/wp\/v2\/product\/99247","targetHints":{"allow":["GET"]}}],"collection":[{"href":"https:\/\/www.autonvaraosahaku.fi\/index.php?rest_route=\/wp\/v2\/product"}],"about":[{"href":"https:\/\/www.autonvaraosahaku.fi\/index.php?rest_route=\/wp\/v2\/types\/product"}],"wp:attachment":[{"href":"https:\/\/www.autonvaraosahaku.fi\/index.php?rest_route=%2Fwp%2Fv2%2Fmedia&parent=99247"}],"wp:term":[{"taxonomy":"pwb-brand","embeddable":true,"href":"https:\/\/www.autonvaraosahaku.fi\/index.php?rest_route=%2Fwp%2Fv2%2Fpwb-brand&post=99247"},{"taxonomy":"product_cat","embeddable":true,"href":"https:\/\/www.autonvaraosahaku.fi\/index.php?rest_route=%2Fwp%2Fv2%2Fproduct_cat&post=99247"},{"taxonomy":"product_tag","embeddable":true,"href":"https:\/\/www.autonvaraosahaku.fi\/index.php?rest_route=%2Fwp%2Fv2%2Fproduct_tag&post=99247"}],"curies":[{"name":"wp","href":"https:\/\/api.w.org\/{rel}","templated":true}]}}