{"id":99274,"date":"2021-02-21T22:26:56","date_gmt":"2021-02-21T22:26:56","guid":{"rendered":"https:\/\/www.autonvaraosahaku.fi\/?product=nrf-32227-ilmastoinnin-kompressori"},"modified":"2021-02-21T22:26:58","modified_gmt":"2021-02-21T22:26:58","slug":"nrf-32227-ilmastoinnin-kompressori","status":"publish","type":"product","link":"https:\/\/www.autonvaraosahaku.fi\/?product=nrf-32227-ilmastoinnin-kompressori","title":{"rendered":"NRF 32227 Ilmastoinnin kompressori"},"content":{"rendered":"<p>Valmistaja rajaus: SANDEN-EQUIVALENT; Korvaava tuote\/korvaava tiedote 2: PAG-kompressori\u00f6ljyll\u00e4; Hihnapy\u00f6r\u00e4t: Moniurahihnapy\u00f6r\u00e4ll\u00e4; Kompressorin tunnus: SD6V12; K\u00e4ytt\u00f6j\u00e4nnite [V]: 12; Kylm\u00e4aine: R 134a; Kompressori\u00f6ljy: PAG 46; Rihloja (kpl): 6; Hihnapy\u00f6r\u00e4-\u00d8[mm]: 119; Iskutilavuus-kompressori (ccm): 122,8; Sis\u00e4\u00e4ntulol\u00e4pimitta [mm]: 20,7; Ulostulon l\u00e4pimitta [mm]: 14,4; Sylinterikannen tunnus (kompr.): VEA \/ VEB; Laatu \/ luokka: Easy Fit; Muoto: suorakulmainen (rectangular); Tuotelinja: EASY FIT; Valmistusvuosi alkaen: 09\/2000; FIAT: QUBO 225,FIORINO Kasten\/Kombi 225; CITRO\u00cbN: BERLINGO MF,XSARA PICASSO N68,C2 JM_,C3 I FC_,BERLINGO Kasten M_,XSARA N1,C3 Pluriel HB_,XSARA Break N2,XSARA Coupe N0,NEMO Kasten AA_,NEMO Kombi,C2 ENTERPRISE,XSARA Kasten,XSARA Kasten\/Schr\u00e4gheck; PEUGEOT: 206 Schr\u00e4gheck 2A\/C,206 CC 2D,307 SW 3H,307 CC 3B,307 3A\/C,206 SW 2E\/K,106 II 1,206+ T3E,307 Break 3E,306 Schr\u00e4gheck 7A, 7C, N3, N5,306 Cabriolet 7D, N3, N5,1007 KM_,PARTNER Combispace 5F,306 Break 7E, N3, N5,306 7B, N3, N5,206 Stufenheck,BIPPER AA_,BIPPER Tepee,206 Van,106 Van 1_,306 Van N_, 7_,306 Kasten\/Schr\u00e4gheck; 6189509160, 6453FR, 6453GZ, 6453JJ, 6453JL, 6453JP, 6453KS, 6453LF, 6453LH, 6453LN, 6453LS, 6453QE, 6453QF, 6453QG, 6453QH, 6453XJ, 6453XK, 6453XP, 6453XQ, 648714, 648722, 648723, 9639078180, 9646273380, 9646273880, 9655191580, 9655191680, 9800822280, 9655191680, 9671456680, 9684480480, 9800821980, 9800822280, 6189509160, 6453GZ, 6453JL, 6453JP, 6453KS, 6453LF, 6453LG, 6453LH, 6453LN, 6453LS, 6453QE, 6453QF, 6453QG, 6453QH, 6453XJ, 6453XK, 6453XP, 6453XQ, 648714, 648722, 648723, 9639078180, 9646273380, 9646273880, 9655191580, 9655191680, 9800822280, E162218; AC Kompressori,Kompressori, Ilmastointilaite<\/p>\n","protected":false},"excerpt":{"rendered":"<p>NRF Ilmastoinnin Kompressori 32227 AC Kompressori,Kompressori, Ilmastointilaite FIAT,CITRO\u00cbN,PEUGEOT,QUBO 225,FIORINO Kasten\/Kombi 225,BERLINGO MF<\/p>\n","protected":false},"featured_media":0,"template":"","meta":{"site-sidebar-layout":"default","site-content-layout":"default","ast-global-header-display":"","ast-main-header-display":"","ast-hfb-above-header-display":"","ast-hfb-below-header-display":"","ast-hfb-mobile-header-display":"","site-post-title":"","ast-breadcrumbs-content":"","ast-featured-img":"","footer-sml-layout":"","theme-transparent-header-meta":"","adv-header-id-meta":"","stick-header-meta":"","header-above-stick-meta":"","header-main-stick-meta":"","header-below-stick-meta":""},"pwb-brand":[85],"product_cat":[444],"product_tag":[],"class_list":{"0":"post-99274","1":"product","2":"type-product","3":"status-publish","5":"pwb-brand-nrf","6":"product_cat-ilmastoinnin-kompressori","7":"desktop-align-left","8":"tablet-align-left","9":"mobile-align-left","11":"first","12":"instock","13":"product-type-external"},"brands":[{"id":85,"name":"NRF","slug":"nrf"}],"_links":{"self":[{"href":"https:\/\/www.autonvaraosahaku.fi\/index.php?rest_route=\/wp\/v2\/product\/99274","targetHints":{"allow":["GET"]}}],"collection":[{"href":"https:\/\/www.autonvaraosahaku.fi\/index.php?rest_route=\/wp\/v2\/product"}],"about":[{"href":"https:\/\/www.autonvaraosahaku.fi\/index.php?rest_route=\/wp\/v2\/types\/product"}],"wp:attachment":[{"href":"https:\/\/www.autonvaraosahaku.fi\/index.php?rest_route=%2Fwp%2Fv2%2Fmedia&parent=99274"}],"wp:term":[{"taxonomy":"pwb-brand","embeddable":true,"href":"https:\/\/www.autonvaraosahaku.fi\/index.php?rest_route=%2Fwp%2Fv2%2Fpwb-brand&post=99274"},{"taxonomy":"product_cat","embeddable":true,"href":"https:\/\/www.autonvaraosahaku.fi\/index.php?rest_route=%2Fwp%2Fv2%2Fproduct_cat&post=99274"},{"taxonomy":"product_tag","embeddable":true,"href":"https:\/\/www.autonvaraosahaku.fi\/index.php?rest_route=%2Fwp%2Fv2%2Fproduct_tag&post=99274"}],"curies":[{"name":"wp","href":"https:\/\/api.w.org\/{rel}","templated":true}]}}