{"id":99283,"date":"2021-02-21T22:26:56","date_gmt":"2021-02-21T22:26:56","guid":{"rendered":"https:\/\/www.autonvaraosahaku.fi\/?product=topran-205-631-kaasulapan-asentotunnistin"},"modified":"2021-02-21T22:27:01","modified_gmt":"2021-02-21T22:27:01","slug":"topran-205-631-kaasulapan-asentotunnistin","status":"publish","type":"product","link":"https:\/\/www.autonvaraosahaku.fi\/?product=topran-205-631-kaasulapan-asentotunnistin","title":{"rendered":"TOPRAN 205 631 Kaasul\u00e4p\u00e4n asentotunnistin"},"content":{"rendered":"<p>Pistokkeen kotelon muoto: suorakulmainen (rectangular); Napojen m\u00e4\u00e4r\u00e4: 3; Moottorinumero: LE4\/2.0NE; OPEL: OMEGA A 16_, 17_, 19_,VECTRA B 36_,ASTRA F CC 53_, 54_, 58_, 59_,OMEGA B Caravan 21_, 22_, 23_,OMEGA B 25_, 26_, 27_,VECTRA B Caravan 31_,ASTRA F Caravan 51_, 52_,CALIBRA A 85_,VECTRA B CC 38_,VECTRA A 86_, 87_,ASTRA F Cabriolet 53_B,ASTRA F 56_, 57_,KADETT E CC 33_, 34_, 43_, 44_,FRONTERA A 5_MWL4,VECTRA A CC 88_, 89_,KADETT E Cabriolet 43B_,SENATOR B 29_,OMEGA A Caravan 66_, 67_,KADETT E 39_, 49_,KADETT E Caravan 35_, 36_, 45_, 46_; PEUGEOT: 306 Schr\u00e4gheck 7A, 7C, N3, N5,306 Cabriolet 7D, N3, N5,406 Break 8E\/F,106 I 1A, 1C,306 Break 7E, N3, N5,406 8B,806 221,306 7B, N3, N5,605 6B,405 II 4B; CITRO\u00cbN: XSARA N1,XSARA Break N2,XM Y4,XANTIA X1,AX ZA-_,EVASION 22, U6,ZX N2,XM Y3,XANTIA Break X1,ZX Break N2,XM Break Y4,XM Break Y3; VAUXHALL: CALIBRA,ASTRA Mk III F CC,OMEGA B,ASTRA Mk II CC,VECTRA B CC,FRONTERA Mk I A,CAVALIER Mk III 87,VECTRA B Estate,VECTRA B,ASTRA Mk III F Estate,CAVALIER Mk III CC,OMEGA B Estate,CARLTON Mk III; 16281E, 1628L1, 0826924, 826924, 16281E, 1628L1, 90323839; Kaasul\u00e4p\u00e4n Anturi,Tunnistin, Kaasul\u00e4pp\u00e4<\/p>\n","protected":false},"excerpt":{"rendered":"<p>TOPRAN Kaasul\u00e4p\u00e4n Asentotunnistin 205 631 Kaasul\u00e4p\u00e4n Anturi,Tunnistin, Kaasul\u00e4pp\u00e4 OPEL,PEUGEOT,CITRO\u00cbN,OMEGA A 16_, 17_, 19_,VECTRA B 36_<\/p>\n","protected":false},"featured_media":0,"template":"","meta":{"site-sidebar-layout":"default","site-content-layout":"default","ast-global-header-display":"","ast-main-header-display":"","ast-hfb-above-header-display":"","ast-hfb-below-header-display":"","ast-hfb-mobile-header-display":"","site-post-title":"","ast-breadcrumbs-content":"","ast-featured-img":"","footer-sml-layout":"","theme-transparent-header-meta":"","adv-header-id-meta":"","stick-header-meta":"","header-above-stick-meta":"","header-main-stick-meta":"","header-below-stick-meta":""},"pwb-brand":[18],"product_cat":[465],"product_tag":[],"class_list":{"0":"post-99283","1":"product","2":"type-product","3":"status-publish","5":"pwb-brand-topran","6":"product_cat-kaasulapan-asentotunnistin","7":"desktop-align-left","8":"tablet-align-left","9":"mobile-align-left","11":"first","12":"instock","13":"product-type-external"},"brands":[{"id":18,"name":"TOPRAN","slug":"topran"}],"_links":{"self":[{"href":"https:\/\/www.autonvaraosahaku.fi\/index.php?rest_route=\/wp\/v2\/product\/99283","targetHints":{"allow":["GET"]}}],"collection":[{"href":"https:\/\/www.autonvaraosahaku.fi\/index.php?rest_route=\/wp\/v2\/product"}],"about":[{"href":"https:\/\/www.autonvaraosahaku.fi\/index.php?rest_route=\/wp\/v2\/types\/product"}],"wp:attachment":[{"href":"https:\/\/www.autonvaraosahaku.fi\/index.php?rest_route=%2Fwp%2Fv2%2Fmedia&parent=99283"}],"wp:term":[{"taxonomy":"pwb-brand","embeddable":true,"href":"https:\/\/www.autonvaraosahaku.fi\/index.php?rest_route=%2Fwp%2Fv2%2Fpwb-brand&post=99283"},{"taxonomy":"product_cat","embeddable":true,"href":"https:\/\/www.autonvaraosahaku.fi\/index.php?rest_route=%2Fwp%2Fv2%2Fproduct_cat&post=99283"},{"taxonomy":"product_tag","embeddable":true,"href":"https:\/\/www.autonvaraosahaku.fi\/index.php?rest_route=%2Fwp%2Fv2%2Fproduct_tag&post=99283"}],"curies":[{"name":"wp","href":"https:\/\/api.w.org\/{rel}","templated":true}]}}