{"id":99285,"date":"2021-02-21T22:26:56","date_gmt":"2021-02-21T22:26:56","guid":{"rendered":"https:\/\/www.autonvaraosahaku.fi\/?product=zimmermann-250-1390-52-jarrulevyt"},"modified":"2021-02-21T22:27:02","modified_gmt":"2021-02-21T22:27:02","slug":"zimmermann-250-1390-52-jarrulevyt","status":"publish","type":"product","link":"https:\/\/www.autonvaraosahaku.fi\/?product=zimmermann-250-1390-52-jarrulevyt","title":{"rendered":"ZIMMERMANN 250.1390.52 Jarrulevyt"},"content":{"rendered":"<p>Jarrulevytyyppi: Tuuletettu, sis\u00e4, Reijitetty; Pinta: pinnoitettu; Ulkol\u00e4pimitta [mm]: 302; Jarrulevyn paksuus (mm): 32; Korkeus (mm): 61; Vanne, aukkoja: 6; Reik\u00e4ympyr\u00e4-\u00d8 [mm]: 140; keskitt\u00e4misl\u00e4pimitta [mm]: 98; Tarkistuskilpi: ohne ABE; V\u00e4himm\u00e4ispaksuus (mm): 30; Paino [kg]: 10,90; Reik\u00e4kuvio\/-m\u00e4\u00e4r\u00e4: 7\/6; Tuotelinja: SPORT COAT Z; Tuning: 1; Asennuspuoli: Vorderachse; MAZDA: BT-50 CD, UN; FORD: RANGER TKE; 1727183, 1742318, 1763037, AB311125AA, AB311125AB, AB311125AC, UC2B33251A, UC2B33251B; Jarrulevy<\/p>\n","protected":false},"excerpt":{"rendered":"<p>ZIMMERMANN Jarrulevyt 250.1390.52 Jarrulevy MAZDA,FORD,BT-50 CD, UN,RANGER TKE<\/p>\n","protected":false},"featured_media":0,"template":"","meta":{"site-sidebar-layout":"default","site-content-layout":"default","ast-global-header-display":"","ast-main-header-display":"","ast-hfb-above-header-display":"","ast-hfb-below-header-display":"","ast-hfb-mobile-header-display":"","site-post-title":"","ast-breadcrumbs-content":"","ast-featured-img":"","footer-sml-layout":"","theme-transparent-header-meta":"","adv-header-id-meta":"","stick-header-meta":"","header-above-stick-meta":"","header-main-stick-meta":"","header-below-stick-meta":""},"pwb-brand":[145],"product_cat":[66],"product_tag":[],"class_list":{"0":"post-99285","1":"product","2":"type-product","3":"status-publish","5":"pwb-brand-zimmermann","6":"product_cat-jarrulevyt","7":"desktop-align-left","8":"tablet-align-left","9":"mobile-align-left","11":"first","12":"instock","13":"product-type-external"},"brands":[{"id":145,"name":"ZIMMERMANN","slug":"zimmermann"}],"_links":{"self":[{"href":"https:\/\/www.autonvaraosahaku.fi\/index.php?rest_route=\/wp\/v2\/product\/99285","targetHints":{"allow":["GET"]}}],"collection":[{"href":"https:\/\/www.autonvaraosahaku.fi\/index.php?rest_route=\/wp\/v2\/product"}],"about":[{"href":"https:\/\/www.autonvaraosahaku.fi\/index.php?rest_route=\/wp\/v2\/types\/product"}],"wp:attachment":[{"href":"https:\/\/www.autonvaraosahaku.fi\/index.php?rest_route=%2Fwp%2Fv2%2Fmedia&parent=99285"}],"wp:term":[{"taxonomy":"pwb-brand","embeddable":true,"href":"https:\/\/www.autonvaraosahaku.fi\/index.php?rest_route=%2Fwp%2Fv2%2Fpwb-brand&post=99285"},{"taxonomy":"product_cat","embeddable":true,"href":"https:\/\/www.autonvaraosahaku.fi\/index.php?rest_route=%2Fwp%2Fv2%2Fproduct_cat&post=99285"},{"taxonomy":"product_tag","embeddable":true,"href":"https:\/\/www.autonvaraosahaku.fi\/index.php?rest_route=%2Fwp%2Fv2%2Fproduct_tag&post=99285"}],"curies":[{"name":"wp","href":"https:\/\/api.w.org\/{rel}","templated":true}]}}