{"id":9929,"date":"2021-02-21T14:07:20","date_gmt":"2021-02-21T14:07:20","guid":{"rendered":"https:\/\/www.autonvaraosahaku.fi\/?product=master-sport-54613s-pcs-ms-alatukivarsi"},"modified":"2021-02-21T14:07:21","modified_gmt":"2021-02-21T14:07:21","slug":"master-sport-54613s-pcs-ms-alatukivarsi","status":"publish","type":"product","link":"https:\/\/www.autonvaraosahaku.fi\/?product=master-sport-54613s-pcs-ms-alatukivarsi","title":{"rendered":"MASTER-SPORT 54613S-PCS-MS Alatukivarsi"},"content":{"rendered":"<p>Asennuspuoli: Etuakseli, Molemminpuolin, Alla, Edess\u00e4; Materiaali: Alumiini; Ohjausmalli: Poikittaistukivarsi; Lukum\u00e4\u00e4r\u00e4 akselille: 2; Nettopaino [kg]: 2,17; Bruttopaino [kg]: 2,22; Alustanumerosta: M45255; JAGUAR: S-TYPE CCX,XF _J05_, CC9,XJ X350, X358,XF SPORTBRAKE CC9; 2W933C256BB, 2W933C256BC, 2W933C256BE, 2W933C256BF, 2W933C256BH, 2W933C256BJ, C2C15324, C2C20618, C2C26261, C2C26835, C2C36868, C2C39683, 2W933C256BB, 2W933C256BC, 2W933C256BE, 2W933C256BF, 2W933C256BH, 2W933C256BJ, C2C13829, C2C15324, C2C1801, C2C20618, C2C21984, C2C26261, C2C26835, C2C36013, C2C36868, C2C39683, C2C6500, C2Z10052, C2Z4457, XR845712; Tukivarsi,Tukivarsi, Py\u00f6r\u00e4ntuenta<\/p>\n","protected":false},"excerpt":{"rendered":"<p>MASTER-SPORT Alatukivarsi 54613S-PCS-MS Tukivarsi,Tukivarsi, Py\u00f6r\u00e4ntuenta JAGUAR,S-TYPE CCX,XF _J05_, CC9,XJ X350, X358,XF SPORTBRAKE CC9<\/p>\n","protected":false},"featured_media":0,"template":"","meta":{"site-sidebar-layout":"default","site-content-layout":"default","ast-global-header-display":"","ast-main-header-display":"","ast-hfb-above-header-display":"","ast-hfb-below-header-display":"","ast-hfb-mobile-header-display":"","site-post-title":"","ast-breadcrumbs-content":"","ast-featured-img":"","footer-sml-layout":"","theme-transparent-header-meta":"","adv-header-id-meta":"","stick-header-meta":"","header-above-stick-meta":"","header-main-stick-meta":"","header-below-stick-meta":""},"pwb-brand":[61],"product_cat":[62],"product_tag":[],"class_list":{"0":"post-9929","1":"product","2":"type-product","3":"status-publish","5":"pwb-brand-master-sport","6":"product_cat-alatukivarsi","7":"desktop-align-left","8":"tablet-align-left","9":"mobile-align-left","11":"first","12":"instock","13":"product-type-external"},"brands":[{"id":61,"name":"MASTER-SPORT","slug":"master-sport"}],"_links":{"self":[{"href":"https:\/\/www.autonvaraosahaku.fi\/index.php?rest_route=\/wp\/v2\/product\/9929","targetHints":{"allow":["GET"]}}],"collection":[{"href":"https:\/\/www.autonvaraosahaku.fi\/index.php?rest_route=\/wp\/v2\/product"}],"about":[{"href":"https:\/\/www.autonvaraosahaku.fi\/index.php?rest_route=\/wp\/v2\/types\/product"}],"wp:attachment":[{"href":"https:\/\/www.autonvaraosahaku.fi\/index.php?rest_route=%2Fwp%2Fv2%2Fmedia&parent=9929"}],"wp:term":[{"taxonomy":"pwb-brand","embeddable":true,"href":"https:\/\/www.autonvaraosahaku.fi\/index.php?rest_route=%2Fwp%2Fv2%2Fpwb-brand&post=9929"},{"taxonomy":"product_cat","embeddable":true,"href":"https:\/\/www.autonvaraosahaku.fi\/index.php?rest_route=%2Fwp%2Fv2%2Fproduct_cat&post=9929"},{"taxonomy":"product_tag","embeddable":true,"href":"https:\/\/www.autonvaraosahaku.fi\/index.php?rest_route=%2Fwp%2Fv2%2Fproduct_tag&post=9929"}],"curies":[{"name":"wp","href":"https:\/\/api.w.org\/{rel}","templated":true}]}}