{"id":99321,"date":"2021-02-21T22:27:13","date_gmt":"2021-02-21T22:27:13","guid":{"rendered":"https:\/\/www.autonvaraosahaku.fi\/?product=vemo-v10-76-0047-lambda-anturi"},"modified":"2021-02-21T22:27:17","modified_gmt":"2021-02-21T22:27:17","slug":"vemo-v10-76-0047-lambda-anturi","status":"publish","type":"product","link":"https:\/\/www.autonvaraosahaku.fi\/?product=vemo-v10-76-0047-lambda-anturi","title":{"rendered":"VEMO V10-76-0047 Lambda anturi"},"content":{"rendered":"<p>Johdineristeen malli: silikonipintainen kuitupunoseriste; Kaapelinmitta (mm): 1500; johtojen lukum\u00e4\u00e4r\u00e4: 4; Paino [kg]: 0,219; Pakkausleveys [cm]: 4,9; Pakkauskorkeus [mm]: 9,2; Lambdatunnistin: Kierre, esivoideltu; Tuotelinja: Original Quality; Valmistusvuoteen: 07\/1996; VW: PASSAT Variant 3B6,PASSAT Variant 3B5,PASSAT 3B2,PASSAT 3B3; AUDI: A4 8D2, B5,A6 Avant 4B5, C5,A4 Avant 8D5, B5,A6 4B2, C5,A8 4D2, 4D8,ALLROAD 4BH, C5; SKODA: SUPERB 3U4; 078906265N, 78906265N, 078906265N, 78906265N, 078906265N, 78906265N, 078906265N, 78906265N; Lambdatunnistin,Happianturi<\/p>\n","protected":false},"excerpt":{"rendered":"<p>VEMO Lambda Anturi V10-76-0047 Lambdatunnistin,Happianturi VW,AUDI,SKODA,PASSAT Variant 3B6,PASSAT Variant 3B5,PASSAT 3B2,PASSAT 3B3,A4 8D2, B5<\/p>\n","protected":false},"featured_media":0,"template":"","meta":{"site-sidebar-layout":"default","site-content-layout":"default","ast-global-header-display":"","ast-main-header-display":"","ast-hfb-above-header-display":"","ast-hfb-below-header-display":"","ast-hfb-mobile-header-display":"","site-post-title":"","ast-breadcrumbs-content":"","ast-featured-img":"","footer-sml-layout":"","theme-transparent-header-meta":"","adv-header-id-meta":"","stick-header-meta":"","header-above-stick-meta":"","header-main-stick-meta":"","header-below-stick-meta":""},"pwb-brand":[168],"product_cat":[264],"product_tag":[],"class_list":{"0":"post-99321","1":"product","2":"type-product","3":"status-publish","5":"pwb-brand-vemo","6":"product_cat-lambda-anturi","7":"desktop-align-left","8":"tablet-align-left","9":"mobile-align-left","11":"first","12":"instock","13":"product-type-external"},"brands":[{"id":168,"name":"VEMO","slug":"vemo"}],"_links":{"self":[{"href":"https:\/\/www.autonvaraosahaku.fi\/index.php?rest_route=\/wp\/v2\/product\/99321","targetHints":{"allow":["GET"]}}],"collection":[{"href":"https:\/\/www.autonvaraosahaku.fi\/index.php?rest_route=\/wp\/v2\/product"}],"about":[{"href":"https:\/\/www.autonvaraosahaku.fi\/index.php?rest_route=\/wp\/v2\/types\/product"}],"wp:attachment":[{"href":"https:\/\/www.autonvaraosahaku.fi\/index.php?rest_route=%2Fwp%2Fv2%2Fmedia&parent=99321"}],"wp:term":[{"taxonomy":"pwb-brand","embeddable":true,"href":"https:\/\/www.autonvaraosahaku.fi\/index.php?rest_route=%2Fwp%2Fv2%2Fpwb-brand&post=99321"},{"taxonomy":"product_cat","embeddable":true,"href":"https:\/\/www.autonvaraosahaku.fi\/index.php?rest_route=%2Fwp%2Fv2%2Fproduct_cat&post=99321"},{"taxonomy":"product_tag","embeddable":true,"href":"https:\/\/www.autonvaraosahaku.fi\/index.php?rest_route=%2Fwp%2Fv2%2Fproduct_tag&post=99321"}],"curies":[{"name":"wp","href":"https:\/\/api.w.org\/{rel}","templated":true}]}}