{"id":9933,"date":"2021-02-21T14:07:20","date_gmt":"2021-02-21T14:07:20","guid":{"rendered":"https:\/\/www.autonvaraosahaku.fi\/?product=original-imperium-10235-kampiakselin-hihnapyora"},"modified":"2021-02-21T14:07:22","modified_gmt":"2021-02-21T14:07:22","slug":"original-imperium-10235-kampiakselin-hihnapyora","status":"publish","type":"product","link":"https:\/\/www.autonvaraosahaku.fi\/?product=original-imperium-10235-kampiakselin-hihnapyora","title":{"rendered":"ORIGINAL IMPERIUM 10235 Kampiakselin hihnapy\u00f6r\u00e4"},"content":{"rendered":"<p>Kiiloja: 5; Paino [g]: 2967; Ulkol\u00e4pimitta 1 [mm]: 168,8; Sis\u00e4l\u00e4pimitta [mm]: 30,5; Leveys 1 (mm): 30,9; Leveys 2 (mm): 30,3; SAAB: 9-3 YS3F,9-3 Kombi YS3F,9-3 Cabriolet YS3F; OPEL: ZAFIRA B A05,ASTRA H Caravan L35,ASTRA H L48,VECTRA C Caravan,ASTRA H GTC L08,SIGNUM,VECTRA C,ASTRA H TwinTop L67,COMBO Tour X12; LANCIA: DELTA III 844,MUSA 350,LYBRA SW 839BX,LYBRA 839AX; FIAT: GRANDE PUNTO 199,PUNTO 188,STILO 192,BRAVO II 198,FREEMONT JF_,PUNTO EVO 199,DOBLO Cargo 223,STILO Multi Wagon 192,DOBLO 119,CROMA 194,DOBLO Kasten\/Kombi 263,IDEA,SEDICI,STRADA Pick-up 178E,MULTIPLA 186,500L,DOBLO Gro\u00dfraumlimousine 152, 263,PUNTO Van 188AX,BRAVO I 182,BRAVA 182,MAREA Weekend 185,PALIO Weekend 178DX,LINEA 323,DOBLO Pritsche\/Fahrgestell 263,MAREA 185; ALFA ROMEO: 147 937,159 Sportwagon 939,156 Sportwagon 932,GIULIETTA 940,MITO 955,156 932,159 939,GT 937,BRERA,SPIDER 939,145 930,146 930; 55196974, 55208280, 55196974, 55208280, 55196974, 55208280, 0614571, 614571, 93191381, 93191381; Hihnapy\u00f6r\u00e4, Kampiakseli<\/p>\n","protected":false},"excerpt":{"rendered":"<p>ORIGINAL IMPERIUM Kampiakselin Hihnapy\u00f6r\u00e4 10235 Hihnapy\u00f6r\u00e4, Kampiakseli SAAB,OPEL,LANCIA,9-3 YS3F,9-3 Kombi YS3F,9-3 Cabriolet YS3F,ZAFIRA B A05<\/p>\n","protected":false},"featured_media":0,"template":"","meta":{"site-sidebar-layout":"default","site-content-layout":"default","ast-global-header-display":"","ast-main-header-display":"","ast-hfb-above-header-display":"","ast-hfb-below-header-display":"","ast-hfb-mobile-header-display":"","site-post-title":"","ast-breadcrumbs-content":"","ast-featured-img":"","footer-sml-layout":"","theme-transparent-header-meta":"","adv-header-id-meta":"","stick-header-meta":"","header-above-stick-meta":"","header-main-stick-meta":"","header-below-stick-meta":""},"pwb-brand":[72],"product_cat":[219],"product_tag":[],"class_list":{"0":"post-9933","1":"product","2":"type-product","3":"status-publish","5":"pwb-brand-original-imperium","6":"product_cat-kampiakselin-hihnapyora","7":"desktop-align-left","8":"tablet-align-left","9":"mobile-align-left","11":"first","12":"instock","13":"product-type-external"},"brands":[{"id":72,"name":"ORIGINAL IMPERIUM","slug":"original-imperium"}],"_links":{"self":[{"href":"https:\/\/www.autonvaraosahaku.fi\/index.php?rest_route=\/wp\/v2\/product\/9933","targetHints":{"allow":["GET"]}}],"collection":[{"href":"https:\/\/www.autonvaraosahaku.fi\/index.php?rest_route=\/wp\/v2\/product"}],"about":[{"href":"https:\/\/www.autonvaraosahaku.fi\/index.php?rest_route=\/wp\/v2\/types\/product"}],"wp:attachment":[{"href":"https:\/\/www.autonvaraosahaku.fi\/index.php?rest_route=%2Fwp%2Fv2%2Fmedia&parent=9933"}],"wp:term":[{"taxonomy":"pwb-brand","embeddable":true,"href":"https:\/\/www.autonvaraosahaku.fi\/index.php?rest_route=%2Fwp%2Fv2%2Fpwb-brand&post=9933"},{"taxonomy":"product_cat","embeddable":true,"href":"https:\/\/www.autonvaraosahaku.fi\/index.php?rest_route=%2Fwp%2Fv2%2Fproduct_cat&post=9933"},{"taxonomy":"product_tag","embeddable":true,"href":"https:\/\/www.autonvaraosahaku.fi\/index.php?rest_route=%2Fwp%2Fv2%2Fproduct_tag&post=9933"}],"curies":[{"name":"wp","href":"https:\/\/api.w.org\/{rel}","templated":true}]}}