{"id":99332,"date":"2021-02-21T22:27:22","date_gmt":"2021-02-21T22:27:22","guid":{"rendered":"https:\/\/www.autonvaraosahaku.fi\/?product=vemo-v10-72-0947-abs-anturi"},"modified":"2021-02-21T22:27:23","modified_gmt":"2021-02-21T22:27:23","slug":"vemo-v10-72-0947-abs-anturi","status":"publish","type":"product","link":"https:\/\/www.autonvaraosahaku.fi\/?product=vemo-v10-72-0947-abs-anturi","title":{"rendered":"VEMO V10-72-0947 ABS anturi"},"content":{"rendered":"<p>Asennuspuoli: Taka-akseli, Taka-akseli, molemminpuolinen; Jarru-\/ajodynamiikka: Autoihin, joissa ABS; Nimellisj\u00e4nnite (V): 12; Napojen m\u00e4\u00e4r\u00e4: 2; Liittimi\u00e4: 2; Korvaava tuote\/korvaava tiedote 2: Kaapelilla; Pituus (mm): 1135; Korkeus (mm): 35; Tarvittava kappalem\u00e4\u00e4r\u00e4: 2; Vastus [Ohm]: 1120; V\u00e4ri: Musta; Kaapelinmitta (mm): 1060; Tunnistinmalli: Induktiivi anturi, passiivi sensori; Paino [kg]: 0,088; Pakkausleveys [cm]: 5,7, 5; Pakkauskorkeus [mm]: 12,85, 2,5; Pakkaussyvyys [cm]: 12,85, 113,5; Tuotelinja: Original Quality; Alustanumerosta: 1E-X-000 001; VW: GOLF III 1H1,GOLF III Cabriolet 1E7,GOLF Mk III Cabriolet 1E7,GOLF III Variant 1H5,VENTO 1H2; 1H0927807B, 1H0927807D, 1H0927807B, 1H0927807D, 1H0927807B, 1H0927807D, 1H0927807B, 1H0927807D; ABS Tunnistin,Tunnistin, Kiertonopeus<\/p>\n","protected":false},"excerpt":{"rendered":"<p>VEMO ABS Anturi V10-72-0947 ABS Tunnistin,Tunnistin, Kiertonopeus VW,GOLF III 1H1,GOLF III Cabriolet 1E7,GOLF Mk III Cabriolet 1E7<\/p>\n","protected":false},"featured_media":0,"template":"","meta":{"site-sidebar-layout":"default","site-content-layout":"default","ast-global-header-display":"","ast-main-header-display":"","ast-hfb-above-header-display":"","ast-hfb-below-header-display":"","ast-hfb-mobile-header-display":"","site-post-title":"","ast-breadcrumbs-content":"","ast-featured-img":"","footer-sml-layout":"","theme-transparent-header-meta":"","adv-header-id-meta":"","stick-header-meta":"","header-above-stick-meta":"","header-main-stick-meta":"","header-below-stick-meta":""},"pwb-brand":[168],"product_cat":[118],"product_tag":[],"class_list":{"0":"post-99332","1":"product","2":"type-product","3":"status-publish","5":"pwb-brand-vemo","6":"product_cat-abs-anturi","7":"desktop-align-left","8":"tablet-align-left","9":"mobile-align-left","11":"first","12":"instock","13":"product-type-external"},"brands":[{"id":168,"name":"VEMO","slug":"vemo"}],"_links":{"self":[{"href":"https:\/\/www.autonvaraosahaku.fi\/index.php?rest_route=\/wp\/v2\/product\/99332","targetHints":{"allow":["GET"]}}],"collection":[{"href":"https:\/\/www.autonvaraosahaku.fi\/index.php?rest_route=\/wp\/v2\/product"}],"about":[{"href":"https:\/\/www.autonvaraosahaku.fi\/index.php?rest_route=\/wp\/v2\/types\/product"}],"wp:attachment":[{"href":"https:\/\/www.autonvaraosahaku.fi\/index.php?rest_route=%2Fwp%2Fv2%2Fmedia&parent=99332"}],"wp:term":[{"taxonomy":"pwb-brand","embeddable":true,"href":"https:\/\/www.autonvaraosahaku.fi\/index.php?rest_route=%2Fwp%2Fv2%2Fpwb-brand&post=99332"},{"taxonomy":"product_cat","embeddable":true,"href":"https:\/\/www.autonvaraosahaku.fi\/index.php?rest_route=%2Fwp%2Fv2%2Fproduct_cat&post=99332"},{"taxonomy":"product_tag","embeddable":true,"href":"https:\/\/www.autonvaraosahaku.fi\/index.php?rest_route=%2Fwp%2Fv2%2Fproduct_tag&post=99332"}],"curies":[{"name":"wp","href":"https:\/\/api.w.org\/{rel}","templated":true}]}}