{"id":99382,"date":"2021-02-21T22:27:39","date_gmt":"2021-02-21T22:27:39","guid":{"rendered":"https:\/\/www.autonvaraosahaku.fi\/?product=corteco-19034730b-kampiakselin-tiiviste"},"modified":"2021-02-21T22:27:44","modified_gmt":"2021-02-21T22:27:44","slug":"corteco-19034730b-kampiakselin-tiiviste","status":"publish","type":"product","link":"https:\/\/www.autonvaraosahaku.fi\/?product=corteco-19034730b-kampiakselin-tiiviste","title":{"rendered":"CORTECO 19034730B Kampiakselin tiiviste"},"content":{"rendered":"<p>Asennuspuoli: Etup\u00e4\u00e4; Sis\u00e4l\u00e4pimitta 1 [mm]: 42; Ulkol\u00e4pimitta 1 [mm]: 60; Korkeus 1 (mm): 7; Materiaali: FPM (fluori-kumi); Rihlamalli: Oikea kierre; Moottorinumero: 3SFE; TOYOTA: AVENSIS _T22_,COROLLA Liftback _E11_,AVENSIS Station Wagon _T22_,RAV 4 I SXA1_,PREVIA MCR3_, ACR3_, CLR3_,AVENSIS Liftback _T22_,PICNIC _XM10,MR 2 II SW2_,CARINA E _T19_,LAND CRUISER PZJ7_, KZJ7_, HZJ7_, BJ7_, LJ7_, RJ7_,CELICA ST20_, AT20_,COROLLA _E11_,CARINA E Stufenheck _T19_,CELICA Coupe AT18_, ST18_,COROLLA Wagon __E11_,CARINA E Sportswagon _T19_,HILUX VI Pick-up _N1_,RAV 4 \u00a0 SXA1_,CAMRY _CV2_, _XV2_,HILUX V Pick-up LN_, KZN1_, VZN1_,COROLLA Liftback _E10_,COROLLA Liftback _E9_,LAND CRUISER VDJ20_, UZJ20_,COROLLA _E10_,HIACE IV Kasten LXH1_, RZH1_, LH1_,CARINA II _T17_,CAMRY _CV1_, _XV1_, _V1_,HIACE III Wagon LH1_, RZH1_,TUNDRA Pick-up _K5_,CARINA II Stufenheck _T17_,LAND CRUISER Hardtop _J7_,HILUX IV Pick-up _N5_, _N6_,CAMRY Station Wagon _XV1_, _CV1_, _V10,COROLLA Wagon _E10_,CAMRY _V2_,COROLLA _E9_,CELICA Coupe _A6_,CELICA Cabriolet AT18_, ST18_,CELICA Coupe ST16_, AT16_,COROLLA Liftback _E8_,CARINA II Station Wagon _T17_,CELICA Cabriolet ST16_, AT16_,CARINA; 9008031022, 9031142026, 9031142030, 9031142031, 9031142036, 9031142037, 9031142045, 90311A0005; Akselitiiviste, Kampiakseli<\/p>\n","protected":false},"excerpt":{"rendered":"<p>CORTECO Kampiakselin Tiiviste 19034730B Akselitiiviste, Kampiakseli TOYOTA,AVENSIS _T22_,COROLLA Liftback _E11_,AVENSIS Station Wagon _T22_<\/p>\n","protected":false},"featured_media":0,"template":"","meta":{"site-sidebar-layout":"default","site-content-layout":"default","ast-global-header-display":"","ast-main-header-display":"","ast-hfb-above-header-display":"","ast-hfb-below-header-display":"","ast-hfb-mobile-header-display":"","site-post-title":"","ast-breadcrumbs-content":"","ast-featured-img":"","footer-sml-layout":"","theme-transparent-header-meta":"","adv-header-id-meta":"","stick-header-meta":"","header-above-stick-meta":"","header-main-stick-meta":"","header-below-stick-meta":""},"pwb-brand":[53],"product_cat":[88],"product_tag":[],"class_list":{"0":"post-99382","1":"product","2":"type-product","3":"status-publish","5":"pwb-brand-corteco","6":"product_cat-kampiakselin-tiiviste","7":"desktop-align-left","8":"tablet-align-left","9":"mobile-align-left","11":"first","12":"instock","13":"product-type-external"},"brands":[{"id":53,"name":"CORTECO","slug":"corteco"}],"_links":{"self":[{"href":"https:\/\/www.autonvaraosahaku.fi\/index.php?rest_route=\/wp\/v2\/product\/99382","targetHints":{"allow":["GET"]}}],"collection":[{"href":"https:\/\/www.autonvaraosahaku.fi\/index.php?rest_route=\/wp\/v2\/product"}],"about":[{"href":"https:\/\/www.autonvaraosahaku.fi\/index.php?rest_route=\/wp\/v2\/types\/product"}],"wp:attachment":[{"href":"https:\/\/www.autonvaraosahaku.fi\/index.php?rest_route=%2Fwp%2Fv2%2Fmedia&parent=99382"}],"wp:term":[{"taxonomy":"pwb-brand","embeddable":true,"href":"https:\/\/www.autonvaraosahaku.fi\/index.php?rest_route=%2Fwp%2Fv2%2Fpwb-brand&post=99382"},{"taxonomy":"product_cat","embeddable":true,"href":"https:\/\/www.autonvaraosahaku.fi\/index.php?rest_route=%2Fwp%2Fv2%2Fproduct_cat&post=99382"},{"taxonomy":"product_tag","embeddable":true,"href":"https:\/\/www.autonvaraosahaku.fi\/index.php?rest_route=%2Fwp%2Fv2%2Fproduct_tag&post=99382"}],"curies":[{"name":"wp","href":"https:\/\/api.w.org\/{rel}","templated":true}]}}