{"id":99392,"date":"2021-02-21T22:27:47","date_gmt":"2021-02-21T22:27:47","guid":{"rendered":"https:\/\/www.autonvaraosahaku.fi\/?product=trw-jhs207t-iskunvaimennin"},"modified":"2021-02-21T22:27:48","modified_gmt":"2021-02-21T22:27:48","slug":"trw-jhs207t-iskunvaimennin","status":"publish","type":"product","link":"https:\/\/www.autonvaraosahaku.fi\/?product=trw-jhs207t-iskunvaimennin","title":{"rendered":"TRW JHS207T Iskunvaimennin"},"content":{"rendered":"<p>Asennuspuoli: Etuakseli; Lukum\u00e4\u00e4r\u00e4 akselille: 1; Iskunvaimennin tyyppi: \u00d6ljypaine; Iskunvaimennin malli: Vaimennin, jousituella; Iskunvaimennusj\u00e4rjestelm\u00e4: Kaksiputki; Iskunvaimennin asennustapa: Tappi ylh\u00e4\u00e4ll\u00e4, Tappi alhaalla; Kierremitta: M10x1,0, M16x1,5; Pituus 1 (mm): 396; Pituus 2 (mm): 332; L\u00e4pimitta [mm]: 49; M\u00e4nn\u00e4nvarren l\u00e4pimitta [mm]: 14; Huomioi tekniset tiedot: ; Tuotelinja: TWIN; Vaihteistomalli: nicht f\u00fcr Automatikgetriebe; RENAULT: 25 B29_; 7700718332, 7700722469, 7700727233, 7700731231, 7700735692, 7700735693, 7700794578, 7700794579, 7700794580, 7700794581, 7701204146; Iskarit,Iskunvaimennin<\/p>\n","protected":false},"excerpt":{"rendered":"<p>TRW Iskunvaimentimet JHS207T Iskarit,Iskunvaimennin RENAULT,25 B29_<\/p>\n","protected":false},"featured_media":0,"template":"","meta":{"site-sidebar-layout":"default","site-content-layout":"default","ast-global-header-display":"","ast-main-header-display":"","ast-hfb-above-header-display":"","ast-hfb-below-header-display":"","ast-hfb-mobile-header-display":"","site-post-title":"","ast-breadcrumbs-content":"","ast-featured-img":"","footer-sml-layout":"","theme-transparent-header-meta":"","adv-header-id-meta":"","stick-header-meta":"","header-above-stick-meta":"","header-main-stick-meta":"","header-below-stick-meta":""},"pwb-brand":[332],"product_cat":[80],"product_tag":[],"class_list":{"0":"post-99392","1":"product","2":"type-product","3":"status-publish","5":"pwb-brand-trw","6":"product_cat-iskunvaimennin","7":"desktop-align-left","8":"tablet-align-left","9":"mobile-align-left","11":"first","12":"instock","13":"product-type-external"},"brands":[{"id":332,"name":"TRW","slug":"trw"}],"_links":{"self":[{"href":"https:\/\/www.autonvaraosahaku.fi\/index.php?rest_route=\/wp\/v2\/product\/99392","targetHints":{"allow":["GET"]}}],"collection":[{"href":"https:\/\/www.autonvaraosahaku.fi\/index.php?rest_route=\/wp\/v2\/product"}],"about":[{"href":"https:\/\/www.autonvaraosahaku.fi\/index.php?rest_route=\/wp\/v2\/types\/product"}],"wp:attachment":[{"href":"https:\/\/www.autonvaraosahaku.fi\/index.php?rest_route=%2Fwp%2Fv2%2Fmedia&parent=99392"}],"wp:term":[{"taxonomy":"pwb-brand","embeddable":true,"href":"https:\/\/www.autonvaraosahaku.fi\/index.php?rest_route=%2Fwp%2Fv2%2Fpwb-brand&post=99392"},{"taxonomy":"product_cat","embeddable":true,"href":"https:\/\/www.autonvaraosahaku.fi\/index.php?rest_route=%2Fwp%2Fv2%2Fproduct_cat&post=99392"},{"taxonomy":"product_tag","embeddable":true,"href":"https:\/\/www.autonvaraosahaku.fi\/index.php?rest_route=%2Fwp%2Fv2%2Fproduct_tag&post=99392"}],"curies":[{"name":"wp","href":"https:\/\/api.w.org\/{rel}","templated":true}]}}