{"id":99407,"date":"2021-02-21T22:27:47","date_gmt":"2021-02-21T22:27:47","guid":{"rendered":"https:\/\/www.autonvaraosahaku.fi\/?product=corteco-12014672b-nokka-akselin-tiiviste"},"modified":"2021-02-21T22:27:54","modified_gmt":"2021-02-21T22:27:54","slug":"corteco-12014672b-nokka-akselin-tiiviste","status":"publish","type":"product","link":"https:\/\/www.autonvaraosahaku.fi\/?product=corteco-12014672b-nokka-akselin-tiiviste","title":{"rendered":"CORTECO 12014672B Nokka akselin tiiviste"},"content":{"rendered":"<p>Sis\u00e4l\u00e4pimitta 1 [mm]: 32; Ulkol\u00e4pimitta 1 [mm]: 50; Korkeus 1 (mm): 8; Materiaali: FPM (fluori-kumi); Suojavaippa: Suojakumilla; Rihlamalli: Oikea kierre; Moottorinumero: AR 67302, AR 67303; FIAT: 132; ALFA ROMEO: SPIDER 916S_,166 936,GTV 916C_,164 164,155 167; LANCIA: THEMA 834; 60570617, 60570617, 60808136, 60570617, 60808136; Akselitiiviste, Nokka-Akseli<\/p>\n","protected":false},"excerpt":{"rendered":"<p>CORTECO Nokka Akselin Tiiviste 12014672B Akselitiiviste, Nokka-Akseli FIAT,ALFA ROMEO,LANCIA,132,SPIDER 916S_,166 936,GTV 916C_,164 164,155 167<\/p>\n","protected":false},"featured_media":0,"template":"","meta":{"site-sidebar-layout":"default","site-content-layout":"default","ast-global-header-display":"","ast-main-header-display":"","ast-hfb-above-header-display":"","ast-hfb-below-header-display":"","ast-hfb-mobile-header-display":"","site-post-title":"","ast-breadcrumbs-content":"","ast-featured-img":"","footer-sml-layout":"","theme-transparent-header-meta":"","adv-header-id-meta":"","stick-header-meta":"","header-above-stick-meta":"","header-main-stick-meta":"","header-below-stick-meta":""},"pwb-brand":[53],"product_cat":[122],"product_tag":[],"class_list":{"0":"post-99407","1":"product","2":"type-product","3":"status-publish","5":"pwb-brand-corteco","6":"product_cat-nokka-akselin-tiiviste","7":"desktop-align-left","8":"tablet-align-left","9":"mobile-align-left","11":"first","12":"instock","13":"product-type-external"},"brands":[{"id":53,"name":"CORTECO","slug":"corteco"}],"_links":{"self":[{"href":"https:\/\/www.autonvaraosahaku.fi\/index.php?rest_route=\/wp\/v2\/product\/99407","targetHints":{"allow":["GET"]}}],"collection":[{"href":"https:\/\/www.autonvaraosahaku.fi\/index.php?rest_route=\/wp\/v2\/product"}],"about":[{"href":"https:\/\/www.autonvaraosahaku.fi\/index.php?rest_route=\/wp\/v2\/types\/product"}],"wp:attachment":[{"href":"https:\/\/www.autonvaraosahaku.fi\/index.php?rest_route=%2Fwp%2Fv2%2Fmedia&parent=99407"}],"wp:term":[{"taxonomy":"pwb-brand","embeddable":true,"href":"https:\/\/www.autonvaraosahaku.fi\/index.php?rest_route=%2Fwp%2Fv2%2Fpwb-brand&post=99407"},{"taxonomy":"product_cat","embeddable":true,"href":"https:\/\/www.autonvaraosahaku.fi\/index.php?rest_route=%2Fwp%2Fv2%2Fproduct_cat&post=99407"},{"taxonomy":"product_tag","embeddable":true,"href":"https:\/\/www.autonvaraosahaku.fi\/index.php?rest_route=%2Fwp%2Fv2%2Fproduct_tag&post=99407"}],"curies":[{"name":"wp","href":"https:\/\/api.w.org\/{rel}","templated":true}]}}