{"id":99412,"date":"2021-02-21T22:27:56","date_gmt":"2021-02-21T22:27:56","guid":{"rendered":"https:\/\/www.autonvaraosahaku.fi\/?product=trw-jgt161t-iskunvaimennin"},"modified":"2021-02-21T22:27:57","modified_gmt":"2021-02-21T22:27:57","slug":"trw-jgt161t-iskunvaimennin","status":"publish","type":"product","link":"https:\/\/www.autonvaraosahaku.fi\/?product=trw-jgt161t-iskunvaimennin","title":{"rendered":"TRW JGT161T Iskunvaimennin"},"content":{"rendered":"<p>Lukum\u00e4\u00e4r\u00e4 akselille: 1; Asennuspuoli: Taka-akseli; Iskunvaimennin tyyppi: Kaasupaine; Iskunvaimennin malli: Teleskooppi-iskunvaimentaja; Iskunvaimennusj\u00e4rjestelm\u00e4: Kaksiputki; Iskunvaimennin asennustapa: Silmukka ylh\u00e4\u00e4ll\u00e4, Tappi alhaalla; L\u00e4pimitta [mm]: 38,1; Kierremitta: M10x1,0; Pituus 1 (mm): 470; Pituus 2 (mm): 287; Huomioi tekniset tiedot: ; Tuotelinja: TWIN; Varusteet: f\u00fcr Fahrzeuge mit Servolenkung; OPEL: ASTRA F CC 53_, 54_, 58_, 59_,ASTRA F Caravan 51_, 52_,ASTRA F 56_, 57_,KADETT E Caravan 35_, 36_, 45_, 46_,ASTRA F Van 55_,KADETT D Caravan 35_, 36_, 45_, 46_; VAUXHALL: ASTRA Mk II CC,ASTRA Mk III F Estate,ASTRAVAN Mk III F; 436522, 436567, 90222806, 90272379, 90372069, 13252384, 13319422, 22045606, 4301738, 4314862, 436074, 436106, 436133, 436214, 436237, 436522, 436525, 436567, 436626, 72118780, 90222806, 90272379, 90372069, 90495324, 90496638, 90496639, 90511722, 90512328, 94454921, 13252384, 13319422, 436522, 436525, 436626, 72118780, 90272379, 90372069, 90495324, 90496638, 90511722, 90512328; Iskarit,Iskunvaimennin<\/p>\n","protected":false},"excerpt":{"rendered":"<p>TRW Iskunvaimentimet JGT161T Iskarit,Iskunvaimennin OPEL,VAUXHALL,ASTRA F CC 53_, 54_, 58_, 59_,ASTRA F Caravan 51_, 52_,ASTRA F 56_, 57_<\/p>\n","protected":false},"featured_media":0,"template":"","meta":{"site-sidebar-layout":"default","site-content-layout":"default","ast-global-header-display":"","ast-main-header-display":"","ast-hfb-above-header-display":"","ast-hfb-below-header-display":"","ast-hfb-mobile-header-display":"","site-post-title":"","ast-breadcrumbs-content":"","ast-featured-img":"","footer-sml-layout":"","theme-transparent-header-meta":"","adv-header-id-meta":"","stick-header-meta":"","header-above-stick-meta":"","header-main-stick-meta":"","header-below-stick-meta":""},"pwb-brand":[332],"product_cat":[80],"product_tag":[],"class_list":{"0":"post-99412","1":"product","2":"type-product","3":"status-publish","5":"pwb-brand-trw","6":"product_cat-iskunvaimennin","7":"desktop-align-left","8":"tablet-align-left","9":"mobile-align-left","11":"first","12":"instock","13":"product-type-external"},"brands":[{"id":332,"name":"TRW","slug":"trw"}],"_links":{"self":[{"href":"https:\/\/www.autonvaraosahaku.fi\/index.php?rest_route=\/wp\/v2\/product\/99412","targetHints":{"allow":["GET"]}}],"collection":[{"href":"https:\/\/www.autonvaraosahaku.fi\/index.php?rest_route=\/wp\/v2\/product"}],"about":[{"href":"https:\/\/www.autonvaraosahaku.fi\/index.php?rest_route=\/wp\/v2\/types\/product"}],"wp:attachment":[{"href":"https:\/\/www.autonvaraosahaku.fi\/index.php?rest_route=%2Fwp%2Fv2%2Fmedia&parent=99412"}],"wp:term":[{"taxonomy":"pwb-brand","embeddable":true,"href":"https:\/\/www.autonvaraosahaku.fi\/index.php?rest_route=%2Fwp%2Fv2%2Fpwb-brand&post=99412"},{"taxonomy":"product_cat","embeddable":true,"href":"https:\/\/www.autonvaraosahaku.fi\/index.php?rest_route=%2Fwp%2Fv2%2Fproduct_cat&post=99412"},{"taxonomy":"product_tag","embeddable":true,"href":"https:\/\/www.autonvaraosahaku.fi\/index.php?rest_route=%2Fwp%2Fv2%2Fproduct_tag&post=99412"}],"curies":[{"name":"wp","href":"https:\/\/api.w.org\/{rel}","templated":true}]}}