{"id":99449,"date":"2021-02-21T22:28:04","date_gmt":"2021-02-21T22:28:04","guid":{"rendered":"https:\/\/www.autonvaraosahaku.fi\/?product=eibach-e10-20-011-05-20-jouset"},"modified":"2021-02-21T22:28:11","modified_gmt":"2021-02-21T22:28:11","slug":"eibach-e10-20-011-05-20-jouset","status":"publish","type":"product","link":"https:\/\/www.autonvaraosahaku.fi\/?product=eibach-e10-20-011-05-20-jouset","title":{"rendered":"EIBACH E10-20-011-05-20 Jouset"},"content":{"rendered":"<p>Rekister\u00f6ity tyyppi: T\u00dcV-hyv\u00e4ksytty; Akselikuorma, etu, enint. [kg]: 1070; Akselikuorma, taka, enint. [kg]: 1300; Varusteet: Autoihin, joissa tasons\u00e4\u00e4t\u00f6; Lis\u00e4tarvike\/lis\u00e4tieto: 2 jousen sarja; Tuotelinja: Pro-Kit; Tuning: 1; Huomioi huolto-ohjeet: ; BMW: 5 Touring E61; Alustasarja Jouset<\/p>\n","protected":false},"excerpt":{"rendered":"<p>EIBACH Madallusjouset E10-20-011-05-20 Alustasarja Jouset BMW,5 Touring E61<\/p>\n","protected":false},"featured_media":0,"template":"","meta":{"site-sidebar-layout":"default","site-content-layout":"default","ast-global-header-display":"","ast-main-header-display":"","ast-hfb-above-header-display":"","ast-hfb-below-header-display":"","ast-hfb-mobile-header-display":"","site-post-title":"","ast-breadcrumbs-content":"","ast-featured-img":"","footer-sml-layout":"","theme-transparent-header-meta":"","adv-header-id-meta":"","stick-header-meta":"","header-above-stick-meta":"","header-main-stick-meta":"","header-below-stick-meta":""},"pwb-brand":[328],"product_cat":[171],"product_tag":[],"class_list":{"0":"post-99449","1":"product","2":"type-product","3":"status-publish","5":"pwb-brand-eibach","6":"product_cat-jouset","7":"desktop-align-left","8":"tablet-align-left","9":"mobile-align-left","11":"first","12":"instock","13":"product-type-external"},"brands":[{"id":328,"name":"EIBACH","slug":"eibach"}],"_links":{"self":[{"href":"https:\/\/www.autonvaraosahaku.fi\/index.php?rest_route=\/wp\/v2\/product\/99449","targetHints":{"allow":["GET"]}}],"collection":[{"href":"https:\/\/www.autonvaraosahaku.fi\/index.php?rest_route=\/wp\/v2\/product"}],"about":[{"href":"https:\/\/www.autonvaraosahaku.fi\/index.php?rest_route=\/wp\/v2\/types\/product"}],"wp:attachment":[{"href":"https:\/\/www.autonvaraosahaku.fi\/index.php?rest_route=%2Fwp%2Fv2%2Fmedia&parent=99449"}],"wp:term":[{"taxonomy":"pwb-brand","embeddable":true,"href":"https:\/\/www.autonvaraosahaku.fi\/index.php?rest_route=%2Fwp%2Fv2%2Fpwb-brand&post=99449"},{"taxonomy":"product_cat","embeddable":true,"href":"https:\/\/www.autonvaraosahaku.fi\/index.php?rest_route=%2Fwp%2Fv2%2Fproduct_cat&post=99449"},{"taxonomy":"product_tag","embeddable":true,"href":"https:\/\/www.autonvaraosahaku.fi\/index.php?rest_route=%2Fwp%2Fv2%2Fproduct_tag&post=99449"}],"curies":[{"name":"wp","href":"https:\/\/api.w.org\/{rel}","templated":true}]}}