{"id":99467,"date":"2021-02-21T22:28:12","date_gmt":"2021-02-21T22:28:12","guid":{"rendered":"https:\/\/www.autonvaraosahaku.fi\/?product=febi-bilstein-25166-hammaspyora"},"modified":"2021-02-21T22:28:19","modified_gmt":"2021-02-21T22:28:19","slug":"febi-bilstein-25166-hammaspyora","status":"publish","type":"product","link":"https:\/\/www.autonvaraosahaku.fi\/?product=febi-bilstein-25166-hammaspyora","title":{"rendered":"FEBI BILSTEIN 25166 Hammaspy\u00f6r\u00e4"},"content":{"rendered":"<p>Hammasluku: 22; Moottorin jakop\u00e4\u00e4: Hammashihnat; Paino [kg]: 0,46, 0,46; Huomioi tekniset tiedot: ; VW: GOLF IV 1J1,TRANSPORTER IV Bus 70XB, 70XC, 7DB, 7DW,GOLF III 1H1,GOLF II 19E, 1G1,PASSAT Variant 3A5, 35I,TRANSPORTER IV Kasten 70XA,GOLF III Variant 1H5,TRANSPORTER III Bus,PASSAT 3A2, 35I,TRANSPORTER IV Pritsche\/Fahrgestell 70XD,POLO CLASSIC 6KV2,VENTO 1H2,JETTA II 19E, 1G2, 165,TRANSPORTER III Kasten,TRANSPORTER III Pritsche\/Fahrgestell,GOLF II Van 19E, 1G1,GOLF III Van 1H1; AUDI: 80 8C, B4,80 89, 89Q, 8A, B3,80 Avant 8C, B4,80 81, 85, B2,90 89, 89Q, 8A, B3,90 81, 85, B2; 028105263, 028105263E, 056198351AX, 068105021, 068198351AV, 068198351X, 28105263, 28105263E, 56198351AX, 68105021, 68198351AV, 68198351X, 028105263, 028105263E, 056198351AX, 068105021, 068105263C, 068198351AV, 068198351X, 28105263, 28105263E, 56198351AX, 68105021, 68105263C, 68198351AV, 68198351X<\/p>\n","protected":false},"excerpt":{"rendered":"<p>FEBI BILSTEIN Hammaspy\u00f6r\u00e4 Kampiakseli 25166  VW,AUDI,GOLF IV 1J1,TRANSPORTER IV Bus 70XB, 70XC, 7DB, 7DW,GOLF III 1H1,GOLF II 19E, 1G1<\/p>\n","protected":false},"featured_media":0,"template":"","meta":{"site-sidebar-layout":"default","site-content-layout":"default","ast-global-header-display":"","ast-main-header-display":"","ast-hfb-above-header-display":"","ast-hfb-below-header-display":"","ast-hfb-mobile-header-display":"","site-post-title":"","ast-breadcrumbs-content":"","ast-featured-img":"","footer-sml-layout":"","theme-transparent-header-meta":"","adv-header-id-meta":"","stick-header-meta":"","header-above-stick-meta":"","header-main-stick-meta":"","header-below-stick-meta":""},"pwb-brand":[50],"product_cat":[261],"product_tag":[],"class_list":{"0":"post-99467","1":"product","2":"type-product","3":"status-publish","5":"pwb-brand-febi-bilstein","6":"product_cat-hammaspyora","7":"desktop-align-left","8":"tablet-align-left","9":"mobile-align-left","11":"first","12":"instock","13":"product-type-external"},"brands":[{"id":50,"name":"FEBI BILSTEIN","slug":"febi-bilstein"}],"_links":{"self":[{"href":"https:\/\/www.autonvaraosahaku.fi\/index.php?rest_route=\/wp\/v2\/product\/99467","targetHints":{"allow":["GET"]}}],"collection":[{"href":"https:\/\/www.autonvaraosahaku.fi\/index.php?rest_route=\/wp\/v2\/product"}],"about":[{"href":"https:\/\/www.autonvaraosahaku.fi\/index.php?rest_route=\/wp\/v2\/types\/product"}],"wp:attachment":[{"href":"https:\/\/www.autonvaraosahaku.fi\/index.php?rest_route=%2Fwp%2Fv2%2Fmedia&parent=99467"}],"wp:term":[{"taxonomy":"pwb-brand","embeddable":true,"href":"https:\/\/www.autonvaraosahaku.fi\/index.php?rest_route=%2Fwp%2Fv2%2Fpwb-brand&post=99467"},{"taxonomy":"product_cat","embeddable":true,"href":"https:\/\/www.autonvaraosahaku.fi\/index.php?rest_route=%2Fwp%2Fv2%2Fproduct_cat&post=99467"},{"taxonomy":"product_tag","embeddable":true,"href":"https:\/\/www.autonvaraosahaku.fi\/index.php?rest_route=%2Fwp%2Fv2%2Fproduct_tag&post=99467"}],"curies":[{"name":"wp","href":"https:\/\/api.w.org\/{rel}","templated":true}]}}