{"id":99501,"date":"2021-02-21T22:28:30","date_gmt":"2021-02-21T22:28:30","guid":{"rendered":"https:\/\/www.autonvaraosahaku.fi\/?product=trw-gdb5069-jarrupalat"},"modified":"2021-02-21T22:28:34","modified_gmt":"2021-02-21T22:28:34","slug":"trw-gdb5069-jarrupalat","status":"publish","type":"product","link":"https:\/\/www.autonvaraosahaku.fi\/?product=trw-gdb5069-jarrupalat","title":{"rendered":"TRW GDB5069 Jarrupalat"},"content":{"rendered":"<p>Jarruj\u00e4rjestelm\u00e4: WABCO PAN 17; Pituus (mm): 175,5; Korkeus (mm): 85,6; Paksuus [mm]: 26; Kulumisenilmaisimen liitos: Kulumisenilmaisemelle; Reik\u00e4-\u00d8 1 [mm]: 5; Tarkistuskilpi: E9 90R-02A1249\/0736; Huomioi tekniset tiedot: ; M\u00e4\u00e4r\u00e4yksikk\u00f6: Akselisarja; Asennuspuoli: Vorderachse; IVECO: EUROCARGO I-III,EUROFIRE,STRALIS; RENAULT TRUCKS: MIDLUM; MAN: L2000,M 2000 L,M 2000 M; 1502006, 1906467, 81508205011, 81508205023, 81508205025, 81508205029, 81508206006, 81508206020, 81508206042, 5010848607; Jarrupalasarja,Jarrupala, Levyjarru<\/p>\n","protected":false},"excerpt":{"rendered":"<p>TRW Jarrupalat GDB5069 Jarrupalasarja,Jarrupala, Levyjarru IVECO,RENAULT TRUCKS,MAN,EUROCARGO I-III,EUROFIRE,STRALIS,MIDLUM,L2000,M 2000 L,M 2000 M<\/p>\n","protected":false},"featured_media":0,"template":"","meta":{"site-sidebar-layout":"default","site-content-layout":"default","ast-global-header-display":"","ast-main-header-display":"","ast-hfb-above-header-display":"","ast-hfb-below-header-display":"","ast-hfb-mobile-header-display":"","site-post-title":"","ast-breadcrumbs-content":"","ast-featured-img":"","footer-sml-layout":"","theme-transparent-header-meta":"","adv-header-id-meta":"","stick-header-meta":"","header-above-stick-meta":"","header-main-stick-meta":"","header-below-stick-meta":""},"pwb-brand":[332],"product_cat":[100],"product_tag":[],"class_list":{"0":"post-99501","1":"product","2":"type-product","3":"status-publish","5":"pwb-brand-trw","6":"product_cat-jarrupalat","7":"desktop-align-left","8":"tablet-align-left","9":"mobile-align-left","11":"first","12":"instock","13":"product-type-external"},"brands":[{"id":332,"name":"TRW","slug":"trw"}],"_links":{"self":[{"href":"https:\/\/www.autonvaraosahaku.fi\/index.php?rest_route=\/wp\/v2\/product\/99501","targetHints":{"allow":["GET"]}}],"collection":[{"href":"https:\/\/www.autonvaraosahaku.fi\/index.php?rest_route=\/wp\/v2\/product"}],"about":[{"href":"https:\/\/www.autonvaraosahaku.fi\/index.php?rest_route=\/wp\/v2\/types\/product"}],"wp:attachment":[{"href":"https:\/\/www.autonvaraosahaku.fi\/index.php?rest_route=%2Fwp%2Fv2%2Fmedia&parent=99501"}],"wp:term":[{"taxonomy":"pwb-brand","embeddable":true,"href":"https:\/\/www.autonvaraosahaku.fi\/index.php?rest_route=%2Fwp%2Fv2%2Fpwb-brand&post=99501"},{"taxonomy":"product_cat","embeddable":true,"href":"https:\/\/www.autonvaraosahaku.fi\/index.php?rest_route=%2Fwp%2Fv2%2Fproduct_cat&post=99501"},{"taxonomy":"product_tag","embeddable":true,"href":"https:\/\/www.autonvaraosahaku.fi\/index.php?rest_route=%2Fwp%2Fv2%2Fproduct_tag&post=99501"}],"curies":[{"name":"wp","href":"https:\/\/api.w.org\/{rel}","templated":true}]}}