{"id":99511,"date":"2021-02-21T22:28:39","date_gmt":"2021-02-21T22:28:39","guid":{"rendered":"https:\/\/www.autonvaraosahaku.fi\/?product=febi-bilstein-23762-tukivarren-hela"},"modified":"2021-02-21T22:28:40","modified_gmt":"2021-02-21T22:28:40","slug":"febi-bilstein-23762-tukivarren-hela","status":"publish","type":"product","link":"https:\/\/www.autonvaraosahaku.fi\/?product=febi-bilstein-23762-tukivarren-hela","title":{"rendered":"FEBI BILSTEIN 23762 Tukivarren hela"},"content":{"rendered":"<p>Paksuus [mm]: 60,0; Sis\u00e4l\u00e4pimitta [mm]: 12,0; Ulkol\u00e4pimitta [mm]: 46,0, 60,0; Materiaali: Kumi-metalli; Asennuspuoli: etuakseli molemminpuoleinen, Alla, Takana; Paino [kg]: 0,253, 0,253; TECDOC-moottorinumero: 23361; OPEL: ZAFIRA B A05,ASTRA H Caravan L35,ZAFIRA A F75_,ASTRA H L48,ASTRA H GTC L08,MERIVA B,ASTRA H TwinTop L67,ZAFIRA B Van,ASTRA H Stufenheck L69,ASTRA H Kasten L70; VAUXHALL: ZAFIRA Mk II B M75,ASTRA Mk V H CC,ZAFIRA Mk I A F75,ASTRA Mk V H Estate,ASTRA Mk V H Convertible,SIGNUM,MERIVA Mk II B,ASTRAVAN Mk IV G,ASTRAVAN Mk V H; 00352324, 0352324, 352324, 024439582, 24439582<\/p>\n","protected":false},"excerpt":{"rendered":"<p>FEBI BILSTEIN Tukivarren Hela 23762  OPEL,VAUXHALL,ZAFIRA B A05,ASTRA H Caravan L35,ZAFIRA A F75_,ASTRA H L48,ASTRA H GTC L08,MERIVA B<\/p>\n","protected":false},"featured_media":0,"template":"","meta":{"site-sidebar-layout":"default","site-content-layout":"default","ast-global-header-display":"","ast-main-header-display":"","ast-hfb-above-header-display":"","ast-hfb-below-header-display":"","ast-hfb-mobile-header-display":"","site-post-title":"","ast-breadcrumbs-content":"","ast-featured-img":"","footer-sml-layout":"","theme-transparent-header-meta":"","adv-header-id-meta":"","stick-header-meta":"","header-above-stick-meta":"","header-main-stick-meta":"","header-below-stick-meta":""},"pwb-brand":[50],"product_cat":[115],"product_tag":[],"class_list":{"0":"post-99511","1":"product","2":"type-product","3":"status-publish","5":"pwb-brand-febi-bilstein","6":"product_cat-tukivarren-hela","7":"desktop-align-left","8":"tablet-align-left","9":"mobile-align-left","11":"first","12":"instock","13":"product-type-external"},"brands":[{"id":50,"name":"FEBI BILSTEIN","slug":"febi-bilstein"}],"_links":{"self":[{"href":"https:\/\/www.autonvaraosahaku.fi\/index.php?rest_route=\/wp\/v2\/product\/99511","targetHints":{"allow":["GET"]}}],"collection":[{"href":"https:\/\/www.autonvaraosahaku.fi\/index.php?rest_route=\/wp\/v2\/product"}],"about":[{"href":"https:\/\/www.autonvaraosahaku.fi\/index.php?rest_route=\/wp\/v2\/types\/product"}],"wp:attachment":[{"href":"https:\/\/www.autonvaraosahaku.fi\/index.php?rest_route=%2Fwp%2Fv2%2Fmedia&parent=99511"}],"wp:term":[{"taxonomy":"pwb-brand","embeddable":true,"href":"https:\/\/www.autonvaraosahaku.fi\/index.php?rest_route=%2Fwp%2Fv2%2Fpwb-brand&post=99511"},{"taxonomy":"product_cat","embeddable":true,"href":"https:\/\/www.autonvaraosahaku.fi\/index.php?rest_route=%2Fwp%2Fv2%2Fproduct_cat&post=99511"},{"taxonomy":"product_tag","embeddable":true,"href":"https:\/\/www.autonvaraosahaku.fi\/index.php?rest_route=%2Fwp%2Fv2%2Fproduct_tag&post=99511"}],"curies":[{"name":"wp","href":"https:\/\/api.w.org\/{rel}","templated":true}]}}