{"id":99531,"date":"2021-02-21T22:28:47","date_gmt":"2021-02-21T22:28:47","guid":{"rendered":"https:\/\/www.autonvaraosahaku.fi\/?product=febi-bilstein-23566-tukivarren-hela"},"modified":"2021-02-21T22:28:48","modified_gmt":"2021-02-21T22:28:48","slug":"febi-bilstein-23566-tukivarren-hela","status":"publish","type":"product","link":"https:\/\/www.autonvaraosahaku.fi\/?product=febi-bilstein-23566-tukivarren-hela","title":{"rendered":"FEBI BILSTEIN 23566 Tukivarren hela"},"content":{"rendered":"<p>Paksuus [mm]: 30,0; Sis\u00e4l\u00e4pimitta [mm]: 12,0; Ulkol\u00e4pimitta [mm]: 52,0, 36,0; Materiaali: Kumi-metalli; Asennuspuoli: Taka-akseli, Ulompi; Paino [kg]: 0,061, 0,061; TECDOC-moottorinumero: 15337; VW: PASSAT Variant 3B6,PASSAT 3B3; AUDI: A6 Avant 4B5, C5,A6 4B2, C5; 8E0505172B, 8E0505172B<\/p>\n","protected":false},"excerpt":{"rendered":"<p>FEBI BILSTEIN Tukivarren Hela 23566  VW,AUDI,PASSAT Variant 3B6,PASSAT 3B3,A6 Avant 4B5, C5,A6 4B2, C5<\/p>\n","protected":false},"featured_media":0,"template":"","meta":{"site-sidebar-layout":"default","site-content-layout":"default","ast-global-header-display":"","ast-main-header-display":"","ast-hfb-above-header-display":"","ast-hfb-below-header-display":"","ast-hfb-mobile-header-display":"","site-post-title":"","ast-breadcrumbs-content":"","ast-featured-img":"","footer-sml-layout":"","theme-transparent-header-meta":"","adv-header-id-meta":"","stick-header-meta":"","header-above-stick-meta":"","header-main-stick-meta":"","header-below-stick-meta":""},"pwb-brand":[50],"product_cat":[115],"product_tag":[],"class_list":{"0":"post-99531","1":"product","2":"type-product","3":"status-publish","5":"pwb-brand-febi-bilstein","6":"product_cat-tukivarren-hela","7":"desktop-align-left","8":"tablet-align-left","9":"mobile-align-left","11":"first","12":"instock","13":"product-type-external"},"brands":[{"id":50,"name":"FEBI BILSTEIN","slug":"febi-bilstein"}],"_links":{"self":[{"href":"https:\/\/www.autonvaraosahaku.fi\/index.php?rest_route=\/wp\/v2\/product\/99531","targetHints":{"allow":["GET"]}}],"collection":[{"href":"https:\/\/www.autonvaraosahaku.fi\/index.php?rest_route=\/wp\/v2\/product"}],"about":[{"href":"https:\/\/www.autonvaraosahaku.fi\/index.php?rest_route=\/wp\/v2\/types\/product"}],"wp:attachment":[{"href":"https:\/\/www.autonvaraosahaku.fi\/index.php?rest_route=%2Fwp%2Fv2%2Fmedia&parent=99531"}],"wp:term":[{"taxonomy":"pwb-brand","embeddable":true,"href":"https:\/\/www.autonvaraosahaku.fi\/index.php?rest_route=%2Fwp%2Fv2%2Fpwb-brand&post=99531"},{"taxonomy":"product_cat","embeddable":true,"href":"https:\/\/www.autonvaraosahaku.fi\/index.php?rest_route=%2Fwp%2Fv2%2Fproduct_cat&post=99531"},{"taxonomy":"product_tag","embeddable":true,"href":"https:\/\/www.autonvaraosahaku.fi\/index.php?rest_route=%2Fwp%2Fv2%2Fproduct_tag&post=99531"}],"curies":[{"name":"wp","href":"https:\/\/api.w.org\/{rel}","templated":true}]}}