{"id":99538,"date":"2021-02-21T22:28:47","date_gmt":"2021-02-21T22:28:47","guid":{"rendered":"https:\/\/www.autonvaraosahaku.fi\/?product=trw-gdb1691-jarrupalat"},"modified":"2021-02-21T22:28:51","modified_gmt":"2021-02-21T22:28:51","slug":"trw-gdb1691-jarrupalat","status":"publish","type":"product","link":"https:\/\/www.autonvaraosahaku.fi\/?product=trw-gdb1691-jarrupalat","title":{"rendered":"TRW GDB1691 Jarrupalat"},"content":{"rendered":"<p>Pituus (mm): 155,2; Valmistaja rajaus: ATE; Korkeus 1 (mm): 71,9; Korkeus 2 (mm): 66,8; Paksuus 1 [mm]: 19,0; Paksuus 2 [mm]: 18,2; Kulumisenilmaisimen liitos: Ei kulumisenilmaisimelle; Tarkistuskilpi: E9 90R &#8211; 01107\/751; M\u00e4\u00e4r\u00e4yksikk\u00f6: Akselisarja; Tuotelinja: COTEC; Asennuspuoli: Vorderachse; CITRO\u00cbN: C4 Picasso I UD_,C4 Grand Picasso I UA_,C4 II B7,DS4,DS5; PEUGEOT: 5008,3008; DS: DS5,DS 4 \/ DS 4 CROSSBACK; 425362, 425397, 425477, 425477, 425477; Jarrupalasarja,Jarrupala, Levyjarru<\/p>\n","protected":false},"excerpt":{"rendered":"<p>TRW Jarrupalat GDB1691 Jarrupalasarja,Jarrupala, Levyjarru CITRO\u00cbN,PEUGEOT,DS,C4 Picasso I UD_,C4 Grand Picasso I UA_,C4 II B7,DS4,DS5,5008,3008,DS5<\/p>\n","protected":false},"featured_media":0,"template":"","meta":{"site-sidebar-layout":"default","site-content-layout":"default","ast-global-header-display":"","ast-main-header-display":"","ast-hfb-above-header-display":"","ast-hfb-below-header-display":"","ast-hfb-mobile-header-display":"","site-post-title":"","ast-breadcrumbs-content":"","ast-featured-img":"","footer-sml-layout":"","theme-transparent-header-meta":"","adv-header-id-meta":"","stick-header-meta":"","header-above-stick-meta":"","header-main-stick-meta":"","header-below-stick-meta":""},"pwb-brand":[332],"product_cat":[100],"product_tag":[],"class_list":{"0":"post-99538","1":"product","2":"type-product","3":"status-publish","5":"pwb-brand-trw","6":"product_cat-jarrupalat","7":"desktop-align-left","8":"tablet-align-left","9":"mobile-align-left","11":"first","12":"instock","13":"product-type-external"},"brands":[{"id":332,"name":"TRW","slug":"trw"}],"_links":{"self":[{"href":"https:\/\/www.autonvaraosahaku.fi\/index.php?rest_route=\/wp\/v2\/product\/99538","targetHints":{"allow":["GET"]}}],"collection":[{"href":"https:\/\/www.autonvaraosahaku.fi\/index.php?rest_route=\/wp\/v2\/product"}],"about":[{"href":"https:\/\/www.autonvaraosahaku.fi\/index.php?rest_route=\/wp\/v2\/types\/product"}],"wp:attachment":[{"href":"https:\/\/www.autonvaraosahaku.fi\/index.php?rest_route=%2Fwp%2Fv2%2Fmedia&parent=99538"}],"wp:term":[{"taxonomy":"pwb-brand","embeddable":true,"href":"https:\/\/www.autonvaraosahaku.fi\/index.php?rest_route=%2Fwp%2Fv2%2Fpwb-brand&post=99538"},{"taxonomy":"product_cat","embeddable":true,"href":"https:\/\/www.autonvaraosahaku.fi\/index.php?rest_route=%2Fwp%2Fv2%2Fproduct_cat&post=99538"},{"taxonomy":"product_tag","embeddable":true,"href":"https:\/\/www.autonvaraosahaku.fi\/index.php?rest_route=%2Fwp%2Fv2%2Fproduct_tag&post=99538"}],"curies":[{"name":"wp","href":"https:\/\/api.w.org\/{rel}","templated":true}]}}