{"id":99581,"date":"2021-02-21T22:29:07","date_gmt":"2021-02-21T22:29:07","guid":{"rendered":"https:\/\/www.autonvaraosahaku.fi\/?product=sidem-801804-kallistuksenvakaajan-puslat"},"modified":"2021-02-21T22:29:12","modified_gmt":"2021-02-21T22:29:12","slug":"sidem-801804-kallistuksenvakaajan-puslat","status":"publish","type":"product","link":"https:\/\/www.autonvaraosahaku.fi\/?product=sidem-801804-kallistuksenvakaajan-puslat","title":{"rendered":"SIDEM 801804 Kallistuksenvakaajan puslat"},"content":{"rendered":"<p>Asennuspuoli: etuakseli molemminpuoleinen; Kokonaispituus (mm): 31,5; Sis\u00e4l\u00e4pimitta [mm]: 15; L\u00e4pimitta 4 [mm]: 16; FORD: FIESTA IV JA_, JB_,FIESTA III GFJ,PUMA EC_,ESCORT VII GAL, AAL, ABL,ESCORT IV Cabriolet ALF,ESCORT VII Kombi GAL, ANL,ESCORT VII Cabriolet ALL,ESCORT VI Cabriolet ALL,ESCORT VI GAL,ESCORT IV GAF, AWF, ABFT,ESCORT V Cabriolet ALL,ESCORT II ATH,ESCORT III GAA,FIESTA Kasten J5_, J3_,ESCORT I AFH, ATH,ESCORT V GAL,ESCORT VII Stufenheck GAL, AFL,ESCORT III Cabriolet ALD,ESCORT VI Kombi GAL,ESCORT VI Stufenheck GAL,ESCORT IV Kombi AWF, AVF,ESCORT V Kombi GAL, AVL,ORION III GAL,ESCORT II Kombi,ESCORT III Kombi AWA,ESCORT I Kombi ADH; RENAULT: TWINGO I C06_,TWINGO I Kasten S06_; MAZDA: 121 III JASM, JBSM; 1145272, 6185809, 7102392, 89FB5474BA, 94AB5484AA, 1E0034156, 8200024373; Kallistuksenvakaajan Kumit,Vakaajan Hela<\/p>\n","protected":false},"excerpt":{"rendered":"<p>SIDEM Kallistuksenvakaajan Puslat 801804 Kallistuksenvakaajan Kumit,Vakaajan Hela FORD,RENAULT,MAZDA,FIESTA IV JA_, JB_,FIESTA III GFJ,PUMA EC_<\/p>\n","protected":false},"featured_media":0,"template":"","meta":{"site-sidebar-layout":"default","site-content-layout":"default","ast-global-header-display":"","ast-main-header-display":"","ast-hfb-above-header-display":"","ast-hfb-below-header-display":"","ast-hfb-mobile-header-display":"","site-post-title":"","ast-breadcrumbs-content":"","ast-featured-img":"","footer-sml-layout":"","theme-transparent-header-meta":"","adv-header-id-meta":"","stick-header-meta":"","header-above-stick-meta":"","header-main-stick-meta":"","header-below-stick-meta":""},"pwb-brand":[195],"product_cat":[82],"product_tag":[],"class_list":{"0":"post-99581","1":"product","2":"type-product","3":"status-publish","5":"pwb-brand-sidem","6":"product_cat-kallistuksenvakaajan-puslat","7":"desktop-align-left","8":"tablet-align-left","9":"mobile-align-left","11":"first","12":"instock","13":"product-type-external"},"brands":[{"id":195,"name":"SIDEM","slug":"sidem"}],"_links":{"self":[{"href":"https:\/\/www.autonvaraosahaku.fi\/index.php?rest_route=\/wp\/v2\/product\/99581","targetHints":{"allow":["GET"]}}],"collection":[{"href":"https:\/\/www.autonvaraosahaku.fi\/index.php?rest_route=\/wp\/v2\/product"}],"about":[{"href":"https:\/\/www.autonvaraosahaku.fi\/index.php?rest_route=\/wp\/v2\/types\/product"}],"wp:attachment":[{"href":"https:\/\/www.autonvaraosahaku.fi\/index.php?rest_route=%2Fwp%2Fv2%2Fmedia&parent=99581"}],"wp:term":[{"taxonomy":"pwb-brand","embeddable":true,"href":"https:\/\/www.autonvaraosahaku.fi\/index.php?rest_route=%2Fwp%2Fv2%2Fpwb-brand&post=99581"},{"taxonomy":"product_cat","embeddable":true,"href":"https:\/\/www.autonvaraosahaku.fi\/index.php?rest_route=%2Fwp%2Fv2%2Fproduct_cat&post=99581"},{"taxonomy":"product_tag","embeddable":true,"href":"https:\/\/www.autonvaraosahaku.fi\/index.php?rest_route=%2Fwp%2Fv2%2Fproduct_tag&post=99581"}],"curies":[{"name":"wp","href":"https:\/\/api.w.org\/{rel}","templated":true}]}}