{"id":99608,"date":"2021-02-21T22:29:16","date_gmt":"2021-02-21T22:29:16","guid":{"rendered":"https:\/\/www.autonvaraosahaku.fi\/?product=mapco-62512-polttoainesuodatin"},"modified":"2021-02-21T22:29:23","modified_gmt":"2021-02-21T22:29:23","slug":"mapco-62512-polttoainesuodatin","status":"publish","type":"product","link":"https:\/\/www.autonvaraosahaku.fi\/?product=mapco-62512-polttoainesuodatin","title":{"rendered":"MAPCO 62512 Polttoainesuodatin"},"content":{"rendered":"<p>Suodatintyyppi: Letkusuodatin; Ulkol\u00e4pimitta [mm]: 55; Kierre sis\u00e4\u00e4ntulo: M 16 X 1.5; Kierre ulostulo: M 16 X 1.5; Korkeus (mm): 114; Alustanumerosta: HA 464554; CHEVROLET: BLAZER S10,CORVETTE Convertible 1YY,TAHOE B2W; DAEWOO: NEXIA KLETN,ESPERO KLEJ,NEXIA Stufenheck KLETN; LAND ROVER: DEFENDER Station Wagon LD,DISCOVERY II LJ, LT,RANGE ROVER II LP,DEFENDER Pick-up LD_,DEFENDER Cabrio LD,DISCOVERY I LJ, LG,RANGE ROVER I AE, AN, HAA, HAB, HAM, HBM, RE, RN; ROVER: MINI,600 RH,CABRIOLET XW,400 Hatchback RT,200 Hatchback XW,200 Coupe XW,400 Tourer XW,100 \/ METRO XP,400 XW,100 Cabriolet XP; JAGUAR: XJ X350, X358,XJ NAW, NBW,XJ X300,XK 8 Convertible QDV,XJSC Convertible,XK 8 Coupe QEV,XK Coupe QQ6_, _J43_,XK Cabriolet _J43_,XJ Coupe; 25055129, 96130396, 02C2C4163, 2W939155AA, C2C35417, C2C4163, CBC1063, CBC7083, NJB6091AA, NMD6091AB, NMD6091AC, NNA6091AA, ESR3117, ESR4065, NTC6936, ERS3117, ERS4065, GFE7020, GFE7059, WJN101520<\/p>\n","protected":false},"excerpt":{"rendered":"<p>MAPCO Polttoainesuodatin 62512  CHEVROLET,DAEWOO,LAND ROVER,BLAZER S10,CORVETTE Convertible 1YY,TAHOE B2W,NEXIA KLETN,ESPERO KLEJ<\/p>\n","protected":false},"featured_media":0,"template":"","meta":{"site-sidebar-layout":"default","site-content-layout":"default","ast-global-header-display":"","ast-main-header-display":"","ast-hfb-above-header-display":"","ast-hfb-below-header-display":"","ast-hfb-mobile-header-display":"","site-post-title":"","ast-breadcrumbs-content":"","ast-featured-img":"","footer-sml-layout":"","theme-transparent-header-meta":"","adv-header-id-meta":"","stick-header-meta":"","header-above-stick-meta":"","header-main-stick-meta":"","header-below-stick-meta":""},"pwb-brand":[36],"product_cat":[29],"product_tag":[],"class_list":{"0":"post-99608","1":"product","2":"type-product","3":"status-publish","5":"pwb-brand-mapco","6":"product_cat-polttoainesuodatin","7":"desktop-align-left","8":"tablet-align-left","9":"mobile-align-left","11":"first","12":"instock","13":"product-type-external"},"brands":[{"id":36,"name":"MAPCO","slug":"mapco"}],"_links":{"self":[{"href":"https:\/\/www.autonvaraosahaku.fi\/index.php?rest_route=\/wp\/v2\/product\/99608","targetHints":{"allow":["GET"]}}],"collection":[{"href":"https:\/\/www.autonvaraosahaku.fi\/index.php?rest_route=\/wp\/v2\/product"}],"about":[{"href":"https:\/\/www.autonvaraosahaku.fi\/index.php?rest_route=\/wp\/v2\/types\/product"}],"wp:attachment":[{"href":"https:\/\/www.autonvaraosahaku.fi\/index.php?rest_route=%2Fwp%2Fv2%2Fmedia&parent=99608"}],"wp:term":[{"taxonomy":"pwb-brand","embeddable":true,"href":"https:\/\/www.autonvaraosahaku.fi\/index.php?rest_route=%2Fwp%2Fv2%2Fpwb-brand&post=99608"},{"taxonomy":"product_cat","embeddable":true,"href":"https:\/\/www.autonvaraosahaku.fi\/index.php?rest_route=%2Fwp%2Fv2%2Fproduct_cat&post=99608"},{"taxonomy":"product_tag","embeddable":true,"href":"https:\/\/www.autonvaraosahaku.fi\/index.php?rest_route=%2Fwp%2Fv2%2Fproduct_tag&post=99608"}],"curies":[{"name":"wp","href":"https:\/\/api.w.org\/{rel}","templated":true}]}}