{"id":99611,"date":"2021-02-21T22:29:25","date_gmt":"2021-02-21T22:29:25","guid":{"rendered":"https:\/\/www.autonvaraosahaku.fi\/?product=mapco-61555-oljynsuodatin"},"modified":"2021-02-21T22:29:26","modified_gmt":"2021-02-21T22:29:26","slug":"mapco-61555-oljynsuodatin","status":"publish","type":"product","link":"https:\/\/www.autonvaraosahaku.fi\/?product=mapco-61555-oljynsuodatin","title":{"rendered":"MAPCO 61555 \u00d6ljynsuodatin"},"content":{"rendered":"<p>Suodatintyyppi: Ruuvattava suodatin; Ulkol\u00e4pimitta [mm]: 66; Sis\u00e4l\u00e4pimitta 1 [mm]: 54; Sis\u00e4l\u00e4pimitta 2 [mm]: 62; Korkeus (mm): 85; Kierremitta: 3\/4-16 UNF; NISSAN: MICRA III K12,MICRA II K11,NOTE E11,MICRA C+C K12,100 NX B13,SERENA C23M,PRIMERA P10,SUNNY III Liftback N14,PULSAR V Schr\u00e4gheck N14,PRIMERA Hatchback P10,PRIMERA Traveller W10; 1520853J00, 1520853J01, 1520870700, 1520870J00, 1520870J00XX, 1520870J01, 1520870J0A<\/p>\n","protected":false},"excerpt":{"rendered":"<p>MAPCO \u00d6ljynsuodatin 61555  NISSAN,MICRA III K12,MICRA II K11,NOTE E11,MICRA C+C K12,100 NX B13,SERENA C23M,PRIMERA P10,SUNNY III Liftback N14<\/p>\n","protected":false},"featured_media":0,"template":"","meta":{"site-sidebar-layout":"default","site-content-layout":"default","ast-global-header-display":"","ast-main-header-display":"","ast-hfb-above-header-display":"","ast-hfb-below-header-display":"","ast-hfb-mobile-header-display":"","site-post-title":"","ast-breadcrumbs-content":"","ast-featured-img":"","footer-sml-layout":"","theme-transparent-header-meta":"","adv-header-id-meta":"","stick-header-meta":"","header-above-stick-meta":"","header-main-stick-meta":"","header-below-stick-meta":""},"pwb-brand":[36],"product_cat":[30],"product_tag":[],"class_list":{"0":"post-99611","1":"product","2":"type-product","3":"status-publish","5":"pwb-brand-mapco","6":"product_cat-oljynsuodatin","7":"desktop-align-left","8":"tablet-align-left","9":"mobile-align-left","11":"first","12":"instock","13":"product-type-external"},"brands":[{"id":36,"name":"MAPCO","slug":"mapco"}],"_links":{"self":[{"href":"https:\/\/www.autonvaraosahaku.fi\/index.php?rest_route=\/wp\/v2\/product\/99611","targetHints":{"allow":["GET"]}}],"collection":[{"href":"https:\/\/www.autonvaraosahaku.fi\/index.php?rest_route=\/wp\/v2\/product"}],"about":[{"href":"https:\/\/www.autonvaraosahaku.fi\/index.php?rest_route=\/wp\/v2\/types\/product"}],"wp:attachment":[{"href":"https:\/\/www.autonvaraosahaku.fi\/index.php?rest_route=%2Fwp%2Fv2%2Fmedia&parent=99611"}],"wp:term":[{"taxonomy":"pwb-brand","embeddable":true,"href":"https:\/\/www.autonvaraosahaku.fi\/index.php?rest_route=%2Fwp%2Fv2%2Fpwb-brand&post=99611"},{"taxonomy":"product_cat","embeddable":true,"href":"https:\/\/www.autonvaraosahaku.fi\/index.php?rest_route=%2Fwp%2Fv2%2Fproduct_cat&post=99611"},{"taxonomy":"product_tag","embeddable":true,"href":"https:\/\/www.autonvaraosahaku.fi\/index.php?rest_route=%2Fwp%2Fv2%2Fproduct_tag&post=99611"}],"curies":[{"name":"wp","href":"https:\/\/api.w.org\/{rel}","templated":true}]}}