{"id":99623,"date":"2021-02-21T22:29:25","date_gmt":"2021-02-21T22:29:25","guid":{"rendered":"https:\/\/www.autonvaraosahaku.fi\/?product=mapco-49702-1-alapallonivel"},"modified":"2021-02-21T22:29:30","modified_gmt":"2021-02-21T22:29:30","slug":"mapco-49702-1-alapallonivel","status":"publish","type":"product","link":"https:\/\/www.autonvaraosahaku.fi\/?product=mapco-49702-1-alapallonivel","title":{"rendered":"MAPCO 49702\/1 Alapallonivel"},"content":{"rendered":"<p>Korvaava tuote\/korvaava tiedote 2: Kiinnitysmateriaalilla; Asennuspuoli: Etuakseli, vasen, Alla; Kierremitta: M12x1,5; parilliset tuotenumerot: 49703\/1; Tarvittava kappalem\u00e4\u00e4r\u00e4: 1; VW: GOLF IV 1J1,GOLF IV Variant 1J5,BORA 1J2,NEW BEETLE 9C1, 1C1,BORA Kombi 1J6,NEW BEETLE Cabriolet 1Y7; AUDI: A3 8L1; SKODA: OCTAVIA Combi 1U5,OCTAVIA 1U2; SEAT: LEON 1M1,TOLEDO II 1M2; 1J0407365A, 1J0407365C, 1J0407365D, 1J0407365H, 1J0407365J, 8Z0407365A, 1J0407365A, 1J0407365C, 1J0407365H, 1J0407365J, 1J0407365A, 1J0407365C, 1J0407365H, 1J0407365J, 1J0407365A, 1J0407365C, 1J0407365H, 1J0407365J; Pallonivel<\/p>\n","protected":false},"excerpt":{"rendered":"<p>MAPCO Alapallonivel 49702\/1 Pallonivel VW,AUDI,SKODA,GOLF IV 1J1,GOLF IV Variant 1J5,BORA 1J2,NEW BEETLE 9C1, 1C1,BORA Kombi 1J6<\/p>\n","protected":false},"featured_media":0,"template":"","meta":{"site-sidebar-layout":"default","site-content-layout":"default","ast-global-header-display":"","ast-main-header-display":"","ast-hfb-above-header-display":"","ast-hfb-below-header-display":"","ast-hfb-mobile-header-display":"","site-post-title":"","ast-breadcrumbs-content":"","ast-featured-img":"","footer-sml-layout":"","theme-transparent-header-meta":"","adv-header-id-meta":"","stick-header-meta":"","header-above-stick-meta":"","header-main-stick-meta":"","header-below-stick-meta":""},"pwb-brand":[36],"product_cat":[93],"product_tag":[],"class_list":{"0":"post-99623","1":"product","2":"type-product","3":"status-publish","5":"pwb-brand-mapco","6":"product_cat-alapallonivel","7":"desktop-align-left","8":"tablet-align-left","9":"mobile-align-left","11":"first","12":"instock","13":"product-type-external"},"brands":[{"id":36,"name":"MAPCO","slug":"mapco"}],"_links":{"self":[{"href":"https:\/\/www.autonvaraosahaku.fi\/index.php?rest_route=\/wp\/v2\/product\/99623","targetHints":{"allow":["GET"]}}],"collection":[{"href":"https:\/\/www.autonvaraosahaku.fi\/index.php?rest_route=\/wp\/v2\/product"}],"about":[{"href":"https:\/\/www.autonvaraosahaku.fi\/index.php?rest_route=\/wp\/v2\/types\/product"}],"wp:attachment":[{"href":"https:\/\/www.autonvaraosahaku.fi\/index.php?rest_route=%2Fwp%2Fv2%2Fmedia&parent=99623"}],"wp:term":[{"taxonomy":"pwb-brand","embeddable":true,"href":"https:\/\/www.autonvaraosahaku.fi\/index.php?rest_route=%2Fwp%2Fv2%2Fpwb-brand&post=99623"},{"taxonomy":"product_cat","embeddable":true,"href":"https:\/\/www.autonvaraosahaku.fi\/index.php?rest_route=%2Fwp%2Fv2%2Fproduct_cat&post=99623"},{"taxonomy":"product_tag","embeddable":true,"href":"https:\/\/www.autonvaraosahaku.fi\/index.php?rest_route=%2Fwp%2Fv2%2Fproduct_tag&post=99623"}],"curies":[{"name":"wp","href":"https:\/\/api.w.org\/{rel}","templated":true}]}}