{"id":99634,"date":"2021-02-21T22:29:33","date_gmt":"2021-02-21T22:29:33","guid":{"rendered":"https:\/\/www.autonvaraosahaku.fi\/?product=mapco-34810-2-iskunvaimentimen-suojakumi-pohjaanlyontikumi"},"modified":"2021-02-21T22:29:35","modified_gmt":"2021-02-21T22:29:35","slug":"mapco-34810-2-iskunvaimentimen-suojakumi-pohjaanlyontikumi","status":"publish","type":"product","link":"https:\/\/www.autonvaraosahaku.fi\/?product=mapco-34810-2-iskunvaimentimen-suojakumi-pohjaanlyontikumi","title":{"rendered":"MAPCO 34810\/2 Iskunvaimentimen suojakumi &#038; pohjaanly\u00f6ntikumi"},"content":{"rendered":"<p>M\u00e4\u00e4r\u00e4yksikk\u00f6: Sarja; Asennuspuoli: Etuakseli, vasen, Etuakseli, oikea; Korvaava tuote\/korvaava tiedote 2: Suojuksella\/pakkeella; Tarvittava kappalem\u00e4\u00e4r\u00e4: 1; Alustarakenne: f\u00fcr Fahrzeuge mit Standard Fahrwerk; VW: GOLF IV 1J1,POLO 6R, 6C,GOLF IV Variant 1J5,BORA 1J2,NEW BEETLE 9C1, 1C1,BORA Kombi 1J6,NEW BEETLE Cabriolet 1Y7; AUDI: A3 8L1,A1 8X1, 8XF,A1 Sportback 8XA, 8XK; SKODA: OCTAVIA Combi 1U5,OCTAVIA 1U2; SEAT: IBIZA V 6J5, 6P5,LEON 1M1,IBIZA V ST 6J8, 6P8,TOLEDO II 1M2,IBIZA V SPORTCOUPE 6J1, 6P1; P\u00f6lysuojasarja, Iskunvaimennin<\/p>\n","protected":false},"excerpt":{"rendered":"<p>MAPCO Iskunvaimentimen Suojakumi 34810\/2 P\u00f6lysuojasarja, Iskunvaimennin VW,AUDI,SKODA,GOLF IV 1J1,POLO 6R, 6C,GOLF IV Variant 1J5,BORA 1J2<\/p>\n","protected":false},"featured_media":0,"template":"","meta":{"site-sidebar-layout":"default","site-content-layout":"default","ast-global-header-display":"","ast-main-header-display":"","ast-hfb-above-header-display":"","ast-hfb-below-header-display":"","ast-hfb-mobile-header-display":"","site-post-title":"","ast-breadcrumbs-content":"","ast-featured-img":"","footer-sml-layout":"","theme-transparent-header-meta":"","adv-header-id-meta":"","stick-header-meta":"","header-above-stick-meta":"","header-main-stick-meta":"","header-below-stick-meta":""},"pwb-brand":[36],"product_cat":[92],"product_tag":[],"class_list":{"0":"post-99634","1":"product","2":"type-product","3":"status-publish","5":"pwb-brand-mapco","6":"product_cat-iskunvaimentimen-suojakumi-pohjaanlyontikumi","7":"desktop-align-left","8":"tablet-align-left","9":"mobile-align-left","11":"first","12":"instock","13":"product-type-external"},"brands":[{"id":36,"name":"MAPCO","slug":"mapco"}],"_links":{"self":[{"href":"https:\/\/www.autonvaraosahaku.fi\/index.php?rest_route=\/wp\/v2\/product\/99634","targetHints":{"allow":["GET"]}}],"collection":[{"href":"https:\/\/www.autonvaraosahaku.fi\/index.php?rest_route=\/wp\/v2\/product"}],"about":[{"href":"https:\/\/www.autonvaraosahaku.fi\/index.php?rest_route=\/wp\/v2\/types\/product"}],"wp:attachment":[{"href":"https:\/\/www.autonvaraosahaku.fi\/index.php?rest_route=%2Fwp%2Fv2%2Fmedia&parent=99634"}],"wp:term":[{"taxonomy":"pwb-brand","embeddable":true,"href":"https:\/\/www.autonvaraosahaku.fi\/index.php?rest_route=%2Fwp%2Fv2%2Fpwb-brand&post=99634"},{"taxonomy":"product_cat","embeddable":true,"href":"https:\/\/www.autonvaraosahaku.fi\/index.php?rest_route=%2Fwp%2Fv2%2Fproduct_cat&post=99634"},{"taxonomy":"product_tag","embeddable":true,"href":"https:\/\/www.autonvaraosahaku.fi\/index.php?rest_route=%2Fwp%2Fv2%2Fproduct_tag&post=99634"}],"curies":[{"name":"wp","href":"https:\/\/api.w.org\/{rel}","templated":true}]}}