{"id":99647,"date":"2021-02-21T22:29:33","date_gmt":"2021-02-21T22:29:33","guid":{"rendered":"https:\/\/www.autonvaraosahaku.fi\/?product=mapco-16983-vetonivel"},"modified":"2021-02-21T22:29:40","modified_gmt":"2021-02-21T22:29:40","slug":"mapco-16983-vetonivel","status":"publish","type":"product","link":"https:\/\/www.autonvaraosahaku.fi\/?product=mapco-16983-vetonivel","title":{"rendered":"MAPCO 16983 Vetonivel"},"content":{"rendered":"<p>Asennuspuoli: Etuakseli, Vaihteiston puoli; Nivelmalli: Vakionopeusnivel; Korkeus (mm): 32; Sis\u00e4hammastus, vaiht. kiinn.: 33; Ulkol\u00e4pimitta [mm]: 94; Vaihteistomalli: f\u00fcr Schaltgetriebe; VW: GOLF IV 1J1,GOLF V 1K1,POLO 6R, 6C,GOLF III 1H1,GOLF IV Variant 1J5,GOLF II 19E, 1G1,PASSAT Variant 3A5, 35I,BORA 1J2,GOLF I Cabriolet 155,GOLF III Cabriolet 1E7,GOLF Mk III Cabriolet 1E7,GOLF III Variant 1H5,NEW BEETLE Cabriolet 1Y7,PASSAT 3A2, 35I,CADDY II Kasten 9K9A,POLO Variant 6KV5,POLO CLASSIC 6KV2,SCIROCCO 53B,VENTO 1H2,GOLF I 17,CADDY I 14,JETTA II 19E, 1G2, 165,PASSAT Variant 32B,CADDY II Kombi 9K9B,PASSAT 32B,SCIROCCO 53,JETTA I 16,PASSAT 32,PASSAT Stufenheck 32B,PASSAT Variant 33,SANTANA 32B; AUDI: A3 8L1,80 8C, B4,A2 8Z0,80 89, 89Q, 8A, B3,80 Avant 8C, B4,100 44, 44Q, C3,90 89, 89Q, 8A, B3,100 Avant 44, 44Q, C3; SKODA: FABIA Combi 6Y5,FABIA,FABIA 6Y2,OCTAVIA Combi 1U5,FABIA Combi,ROOMSTER 5J,OCTAVIA 1Z3,OCTAVIA 1U2,FABIA Stufenheck 6Y3; SEAT: IBIZA V 6J5, 6P5,LEON 1M1,ALTEA 5P1,IBIZA V ST 6J8, 6P8,IBIZA II 6K1,TOLEDO II 1M2,IBIZA V SPORTCOUPE 6J1, 6P1,CORDOBA 6K1, 6K2,CORDOBA Vario 6K1,TOLEDO I 1L,INCA 6K9; 113501331, 113598101, 171407331F, 171407331H, 171407331K, 171498103, 171498103CX, 1J0498103, 1J0498103X, 1K0498103BX, 321407331, 321407331B, 321498103, 321498103V, 321498103X, 321498350X, 431407331E, 431498103, 431498103X, 6Q0498103A, 807407331, JZW498350AX, 113501331, 113598101, 171407331F, 171407331H, 171407331K, 171498103, 171498103C, 171498103CX, 1J0498103, 1K0498103B, 321407331, 321407331B, 321498103, 321498103A, 321498103V, 321498103X, 321498350V, 321498350X, 431407331E, 431498103, 5Q0598103, 6Q0498103A, 807407331, JZW498350AX, 113501331, 113598101, 171407331F, 171407331H, 171407331K, 171498103, 171498103C, 171498103CV, 171498103CX, 1J0498103, 1J0498103X, 1K0498103B, 1K0498103BX, 321407331, 321407331B, 321498103, 321498103A, 321498103V, 321498103X, 321498350X, 391407331, 431407331E, 431498103, 431498103X, 5Q0598103, 6Q0498103A, 807407331, JZW498350AX, ZBA407331, ZBC407331; Nivelsarja, Vetoakseli<\/p>\n","protected":false},"excerpt":{"rendered":"<p>MAPCO Vetonivel 16983 Nivelsarja, Vetoakseli VW,AUDI,SKODA,GOLF IV 1J1,GOLF V 1K1,POLO 6R, 6C,GOLF III 1H1,GOLF IV Variant 1J5,GOLF II 19E, 1G1<\/p>\n","protected":false},"featured_media":0,"template":"","meta":{"site-sidebar-layout":"default","site-content-layout":"default","ast-global-header-display":"","ast-main-header-display":"","ast-hfb-above-header-display":"","ast-hfb-below-header-display":"","ast-hfb-mobile-header-display":"","site-post-title":"","ast-breadcrumbs-content":"","ast-featured-img":"","footer-sml-layout":"","theme-transparent-header-meta":"","adv-header-id-meta":"","stick-header-meta":"","header-above-stick-meta":"","header-main-stick-meta":"","header-below-stick-meta":""},"pwb-brand":[36],"product_cat":[175],"product_tag":[],"class_list":{"0":"post-99647","1":"product","2":"type-product","3":"status-publish","5":"pwb-brand-mapco","6":"product_cat-vetonivel","7":"desktop-align-left","8":"tablet-align-left","9":"mobile-align-left","11":"first","12":"instock","13":"product-type-external"},"brands":[{"id":36,"name":"MAPCO","slug":"mapco"}],"_links":{"self":[{"href":"https:\/\/www.autonvaraosahaku.fi\/index.php?rest_route=\/wp\/v2\/product\/99647","targetHints":{"allow":["GET"]}}],"collection":[{"href":"https:\/\/www.autonvaraosahaku.fi\/index.php?rest_route=\/wp\/v2\/product"}],"about":[{"href":"https:\/\/www.autonvaraosahaku.fi\/index.php?rest_route=\/wp\/v2\/types\/product"}],"wp:attachment":[{"href":"https:\/\/www.autonvaraosahaku.fi\/index.php?rest_route=%2Fwp%2Fv2%2Fmedia&parent=99647"}],"wp:term":[{"taxonomy":"pwb-brand","embeddable":true,"href":"https:\/\/www.autonvaraosahaku.fi\/index.php?rest_route=%2Fwp%2Fv2%2Fpwb-brand&post=99647"},{"taxonomy":"product_cat","embeddable":true,"href":"https:\/\/www.autonvaraosahaku.fi\/index.php?rest_route=%2Fwp%2Fv2%2Fproduct_cat&post=99647"},{"taxonomy":"product_tag","embeddable":true,"href":"https:\/\/www.autonvaraosahaku.fi\/index.php?rest_route=%2Fwp%2Fv2%2Fproduct_tag&post=99647"}],"curies":[{"name":"wp","href":"https:\/\/api.w.org\/{rel}","templated":true}]}}