{"id":99649,"date":"2021-02-21T22:29:33","date_gmt":"2021-02-21T22:29:33","guid":{"rendered":"https:\/\/www.autonvaraosahaku.fi\/?product=meyle-514-080-0003-s-koiranluu"},"modified":"2021-02-21T22:29:41","modified_gmt":"2021-02-21T22:29:41","slug":"meyle-514-080-0003-s-koiranluu","status":"publish","type":"product","link":"https:\/\/www.autonvaraosahaku.fi\/?product=meyle-514-080-0003-s-koiranluu","title":{"rendered":"MEYLE 514 080 0003\/S Koiranluu"},"content":{"rendered":"<p>Asennuspuoli: Etuakseli, vasen, Etuakseli, oikea; Tanko \/ tuki: Yhdystanko; Pituus (mm): 140; Kierre 1: M10x1,5; Sis\u00e4l\u00e4pimitta 1 [mm]: 12; Lis\u00e4tarvike\/lis\u00e4tieto: Tarvikkeilla; M\u00e4\u00e4r\u00e4yksikk\u00f6: Sarja; lis\u00e4tieto: ORIGINAL Quality; VOLVO: 940 II Kombi 945,940 Kombi 945,740 Kombi 745,740 744,940 944,760 704, 764,960 Kombi 965,760 Kombi 704, 765,940 II 944,960 964,780; 1229391, 3530230, 9140995, 9157725; Kallistuksenvakaajan Yhdystanko,Tanko, Kallistuksenvaimennin<\/p>\n","protected":false},"excerpt":{"rendered":"<p>MEYLE Koiranluu 514 080 0003\/S Kallistuksenvakaajan Yhdystanko,Tanko, Kallistuksenvaimennin VOLVO,940 II Kombi 945,940 Kombi 945,740 Kombi 745,740 744<\/p>\n","protected":false},"featured_media":0,"template":"","meta":{"site-sidebar-layout":"default","site-content-layout":"default","ast-global-header-display":"","ast-main-header-display":"","ast-hfb-above-header-display":"","ast-hfb-below-header-display":"","ast-hfb-mobile-header-display":"","site-post-title":"","ast-breadcrumbs-content":"","ast-featured-img":"","footer-sml-layout":"","theme-transparent-header-meta":"","adv-header-id-meta":"","stick-header-meta":"","header-above-stick-meta":"","header-main-stick-meta":"","header-below-stick-meta":""},"pwb-brand":[84],"product_cat":[38],"product_tag":[],"class_list":{"0":"post-99649","1":"product","2":"type-product","3":"status-publish","5":"pwb-brand-meyle","6":"product_cat-koiranluu","7":"desktop-align-left","8":"tablet-align-left","9":"mobile-align-left","11":"first","12":"instock","13":"product-type-external"},"brands":[{"id":84,"name":"MEYLE","slug":"meyle"}],"_links":{"self":[{"href":"https:\/\/www.autonvaraosahaku.fi\/index.php?rest_route=\/wp\/v2\/product\/99649","targetHints":{"allow":["GET"]}}],"collection":[{"href":"https:\/\/www.autonvaraosahaku.fi\/index.php?rest_route=\/wp\/v2\/product"}],"about":[{"href":"https:\/\/www.autonvaraosahaku.fi\/index.php?rest_route=\/wp\/v2\/types\/product"}],"wp:attachment":[{"href":"https:\/\/www.autonvaraosahaku.fi\/index.php?rest_route=%2Fwp%2Fv2%2Fmedia&parent=99649"}],"wp:term":[{"taxonomy":"pwb-brand","embeddable":true,"href":"https:\/\/www.autonvaraosahaku.fi\/index.php?rest_route=%2Fwp%2Fv2%2Fpwb-brand&post=99649"},{"taxonomy":"product_cat","embeddable":true,"href":"https:\/\/www.autonvaraosahaku.fi\/index.php?rest_route=%2Fwp%2Fv2%2Fproduct_cat&post=99649"},{"taxonomy":"product_tag","embeddable":true,"href":"https:\/\/www.autonvaraosahaku.fi\/index.php?rest_route=%2Fwp%2Fv2%2Fproduct_tag&post=99649"}],"curies":[{"name":"wp","href":"https:\/\/api.w.org\/{rel}","templated":true}]}}