{"id":99659,"date":"2021-02-21T22:29:42","date_gmt":"2021-02-21T22:29:42","guid":{"rendered":"https:\/\/www.autonvaraosahaku.fi\/?product=meyle-300-343-1101-s-pyorannapa"},"modified":"2021-02-21T22:29:45","modified_gmt":"2021-02-21T22:29:45","slug":"meyle-300-343-1101-s-pyorannapa","status":"publish","type":"product","link":"https:\/\/www.autonvaraosahaku.fi\/?product=meyle-300-343-1101-s-pyorannapa","title":{"rendered":"MEYLE 300 343 1101\/S Py\u00f6r\u00e4nnapa"},"content":{"rendered":"<p>Asennuspuoli: Taka-akseli, molemminpuolinen; Lis\u00e4tarvike\/lis\u00e4tieto: Asennusmateriaalilla; Korvaava tuote\/korvaava tiedote 2: sis\u00e4\u00e4nrakennetulla magneetti sensorirenkaalla, integroidulla py\u00f6r\u00e4nlaakerilla; Sis\u00e4l\u00e4pimitta [mm]: 45; Ulkol\u00e4pimitta [mm]: 90; Reik\u00e4ympyr\u00e4-\u00d8 [mm]: 106; Reikien m\u00e4\u00e4r\u00e4: 4; Laakerityyppi: Kuulalaakeri; lis\u00e4tieto: ORIGINAL Quality; Valmistusvuosi alkaen: 09\/2000; BMW: 5 E39,5 E60,5 Touring E61,5 Touring E39; 33411093102, 33411093725, 33411095652, 33411095654; Py\u00f6r\u00e4n Napa<\/p>\n","protected":false},"excerpt":{"rendered":"<p>MEYLE Py\u00f6r\u00e4nnapa 300 343 1101\/S Py\u00f6r\u00e4n Napa BMW,5 E39,5 E60,5 Touring E61,5 Touring E39<\/p>\n","protected":false},"featured_media":0,"template":"","meta":{"site-sidebar-layout":"default","site-content-layout":"default","ast-global-header-display":"","ast-main-header-display":"","ast-hfb-above-header-display":"","ast-hfb-below-header-display":"","ast-hfb-mobile-header-display":"","site-post-title":"","ast-breadcrumbs-content":"","ast-featured-img":"","footer-sml-layout":"","theme-transparent-header-meta":"","adv-header-id-meta":"","stick-header-meta":"","header-above-stick-meta":"","header-main-stick-meta":"","header-below-stick-meta":""},"pwb-brand":[84],"product_cat":[257],"product_tag":[],"class_list":{"0":"post-99659","1":"product","2":"type-product","3":"status-publish","5":"pwb-brand-meyle","6":"product_cat-pyorannapa","7":"desktop-align-left","8":"tablet-align-left","9":"mobile-align-left","11":"first","12":"instock","13":"product-type-external"},"brands":[{"id":84,"name":"MEYLE","slug":"meyle"}],"_links":{"self":[{"href":"https:\/\/www.autonvaraosahaku.fi\/index.php?rest_route=\/wp\/v2\/product\/99659","targetHints":{"allow":["GET"]}}],"collection":[{"href":"https:\/\/www.autonvaraosahaku.fi\/index.php?rest_route=\/wp\/v2\/product"}],"about":[{"href":"https:\/\/www.autonvaraosahaku.fi\/index.php?rest_route=\/wp\/v2\/types\/product"}],"wp:attachment":[{"href":"https:\/\/www.autonvaraosahaku.fi\/index.php?rest_route=%2Fwp%2Fv2%2Fmedia&parent=99659"}],"wp:term":[{"taxonomy":"pwb-brand","embeddable":true,"href":"https:\/\/www.autonvaraosahaku.fi\/index.php?rest_route=%2Fwp%2Fv2%2Fpwb-brand&post=99659"},{"taxonomy":"product_cat","embeddable":true,"href":"https:\/\/www.autonvaraosahaku.fi\/index.php?rest_route=%2Fwp%2Fv2%2Fproduct_cat&post=99659"},{"taxonomy":"product_tag","embeddable":true,"href":"https:\/\/www.autonvaraosahaku.fi\/index.php?rest_route=%2Fwp%2Fv2%2Fproduct_tag&post=99659"}],"curies":[{"name":"wp","href":"https:\/\/api.w.org\/{rel}","templated":true}]}}