{"id":99667,"date":"2021-02-21T22:29:42","date_gmt":"2021-02-21T22:29:42","guid":{"rendered":"https:\/\/www.autonvaraosahaku.fi\/?product=meyle-214-077-0000-s-muut-luokat"},"modified":"2021-02-21T22:29:48","modified_gmt":"2021-02-21T22:29:48","slug":"meyle-214-077-0000-s-muut-luokat","status":"publish","type":"product","link":"https:\/\/www.autonvaraosahaku.fi\/?product=meyle-214-077-0000-s-muut-luokat","title":{"rendered":"MEYLE 214 077 0000\/S Muut luokat"},"content":{"rendered":"<p>Asennuspuoli: Taka-akseli, oikea, Taka-akseli, vasen; Lis\u00e4tarvike\/lis\u00e4tieto: Tarvikkeilla; T\u00e4yssarja: ; lis\u00e4tieto: ORIGINAL Quality; VET-numeroon: 3336902; LANCIA: Y 840A; FIAT: PUNTO 176,PUNTO Cabriolet 176C,PUNTO Van 176L; 7736514, 7736515, 7769900, 7769901, 07769900<\/p>\n","protected":false},"excerpt":{"rendered":"<p>MEYLE Asennussarja, Ohjausvipu 214 077 0000\/S  LANCIA,FIAT,Y 840A,PUNTO 176,PUNTO Cabriolet 176C,PUNTO Van 176L<\/p>\n","protected":false},"featured_media":0,"template":"","meta":{"site-sidebar-layout":"default","site-content-layout":"default","ast-global-header-display":"","ast-main-header-display":"","ast-hfb-above-header-display":"","ast-hfb-below-header-display":"","ast-hfb-mobile-header-display":"","site-post-title":"","ast-breadcrumbs-content":"","ast-featured-img":"","footer-sml-layout":"","theme-transparent-header-meta":"","adv-header-id-meta":"","stick-header-meta":"","header-above-stick-meta":"","header-main-stick-meta":"","header-below-stick-meta":""},"pwb-brand":[84],"product_cat":[37],"product_tag":[],"class_list":{"0":"post-99667","1":"product","2":"type-product","3":"status-publish","5":"pwb-brand-meyle","6":"product_cat-muut-luokat","7":"desktop-align-left","8":"tablet-align-left","9":"mobile-align-left","11":"first","12":"instock","13":"product-type-external"},"brands":[{"id":84,"name":"MEYLE","slug":"meyle"}],"_links":{"self":[{"href":"https:\/\/www.autonvaraosahaku.fi\/index.php?rest_route=\/wp\/v2\/product\/99667","targetHints":{"allow":["GET"]}}],"collection":[{"href":"https:\/\/www.autonvaraosahaku.fi\/index.php?rest_route=\/wp\/v2\/product"}],"about":[{"href":"https:\/\/www.autonvaraosahaku.fi\/index.php?rest_route=\/wp\/v2\/types\/product"}],"wp:attachment":[{"href":"https:\/\/www.autonvaraosahaku.fi\/index.php?rest_route=%2Fwp%2Fv2%2Fmedia&parent=99667"}],"wp:term":[{"taxonomy":"pwb-brand","embeddable":true,"href":"https:\/\/www.autonvaraosahaku.fi\/index.php?rest_route=%2Fwp%2Fv2%2Fpwb-brand&post=99667"},{"taxonomy":"product_cat","embeddable":true,"href":"https:\/\/www.autonvaraosahaku.fi\/index.php?rest_route=%2Fwp%2Fv2%2Fproduct_cat&post=99667"},{"taxonomy":"product_tag","embeddable":true,"href":"https:\/\/www.autonvaraosahaku.fi\/index.php?rest_route=%2Fwp%2Fv2%2Fproduct_tag&post=99667"}],"curies":[{"name":"wp","href":"https:\/\/api.w.org\/{rel}","templated":true}]}}