{"id":99675,"date":"2021-02-21T22:29:50","date_gmt":"2021-02-21T22:29:50","guid":{"rendered":"https:\/\/www.autonvaraosahaku.fi\/?product=mapco-15035-jarrulevyt"},"modified":"2021-02-21T22:29:52","modified_gmt":"2021-02-21T22:29:52","slug":"mapco-15035-jarrulevyt","status":"publish","type":"product","link":"https:\/\/www.autonvaraosahaku.fi\/?product=mapco-15035-jarrulevyt","title":{"rendered":"MAPCO 15035 Jarrulevyt"},"content":{"rendered":"<p>Jarrulevytyyppi: Tuuletettu; Asennuspuoli: Etuakseli; Reikien m\u00e4\u00e4r\u00e4: 4; Jarrulevyn paksuus (mm): 22; V\u00e4himm\u00e4ispaksuus (mm): 20,2; Ulkol\u00e4pimitta [mm]: 284; Reik\u00e4ympyr\u00e4-\u00d8 [mm]: 98; Valmistusvuosi alkaen: 11\/1992; ABARTH: 500 \/ 595 312_,500C \/ 595C 312_; LANCIA: DELTA III 844,MUSA 350,LYBRA SW 839BX,DELTA I 831AB0,LYBRA 839AX,THEMA 834,DELTA II 836,DEDRA 835,DEDRA SW 835,THEMA SW 834; ALFA ROMEO: 155 167; FIAT: STILO 192,BRAVO II 198,DOBLO Cargo 223,STILO Multi Wagon 192,DOBLO 119,IDEA,COUPE FA\/175,QUBO 225,BRAVO I 182,MAREA Weekend 185,FIORINO Kasten\/Kombi 225,LINEA 323,CROMA 154,MAREA 185; CITRO\u00cbN: NEMO Kasten AA_,NEMO Kombi; PEUGEOT: BIPPER AA_,BIPPER Tepee; 46445004, 46455892, 60806135, 60810404, 60813038, 424976, 46403088, 46403959, 46445004, 46448168, 46455892, 46758714, 51920094, 60806135, 60810404, 60812422, 60813038, 82450657, 424975; Jarrulevy<\/p>\n","protected":false},"excerpt":{"rendered":"<p>MAPCO Jarrulevyt 15035 Jarrulevy ABARTH,LANCIA,ALFA ROMEO,500 \/ 595 312_,500C \/ 595C 312_,DELTA III 844,MUSA 350,LYBRA SW 839BX,DELTA I 831AB0<\/p>\n","protected":false},"featured_media":0,"template":"","meta":{"site-sidebar-layout":"default","site-content-layout":"default","ast-global-header-display":"","ast-main-header-display":"","ast-hfb-above-header-display":"","ast-hfb-below-header-display":"","ast-hfb-mobile-header-display":"","site-post-title":"","ast-breadcrumbs-content":"","ast-featured-img":"","footer-sml-layout":"","theme-transparent-header-meta":"","adv-header-id-meta":"","stick-header-meta":"","header-above-stick-meta":"","header-main-stick-meta":"","header-below-stick-meta":""},"pwb-brand":[36],"product_cat":[66],"product_tag":[],"class_list":{"0":"post-99675","1":"product","2":"type-product","3":"status-publish","5":"pwb-brand-mapco","6":"product_cat-jarrulevyt","7":"desktop-align-left","8":"tablet-align-left","9":"mobile-align-left","11":"first","12":"instock","13":"product-type-external"},"brands":[{"id":36,"name":"MAPCO","slug":"mapco"}],"_links":{"self":[{"href":"https:\/\/www.autonvaraosahaku.fi\/index.php?rest_route=\/wp\/v2\/product\/99675","targetHints":{"allow":["GET"]}}],"collection":[{"href":"https:\/\/www.autonvaraosahaku.fi\/index.php?rest_route=\/wp\/v2\/product"}],"about":[{"href":"https:\/\/www.autonvaraosahaku.fi\/index.php?rest_route=\/wp\/v2\/types\/product"}],"wp:attachment":[{"href":"https:\/\/www.autonvaraosahaku.fi\/index.php?rest_route=%2Fwp%2Fv2%2Fmedia&parent=99675"}],"wp:term":[{"taxonomy":"pwb-brand","embeddable":true,"href":"https:\/\/www.autonvaraosahaku.fi\/index.php?rest_route=%2Fwp%2Fv2%2Fpwb-brand&post=99675"},{"taxonomy":"product_cat","embeddable":true,"href":"https:\/\/www.autonvaraosahaku.fi\/index.php?rest_route=%2Fwp%2Fv2%2Fproduct_cat&post=99675"},{"taxonomy":"product_tag","embeddable":true,"href":"https:\/\/www.autonvaraosahaku.fi\/index.php?rest_route=%2Fwp%2Fv2%2Fproduct_tag&post=99675"}],"curies":[{"name":"wp","href":"https:\/\/api.w.org\/{rel}","templated":true}]}}