{"id":99680,"date":"2021-02-21T22:29:50","date_gmt":"2021-02-21T22:29:50","guid":{"rendered":"https:\/\/www.autonvaraosahaku.fi\/?product=optimal-921410-pyoranlaakerit"},"modified":"2021-02-21T22:29:54","modified_gmt":"2021-02-21T22:29:54","slug":"optimal-921410-pyoranlaakerit","status":"publish","type":"product","link":"https:\/\/www.autonvaraosahaku.fi\/?product=optimal-921410-pyoranlaakerit","title":{"rendered":"OPTIMAL 921410 Py\u00f6r\u00e4nlaakerit"},"content":{"rendered":"<p>Leveys (mm): 37, 37; Sis\u00e4l\u00e4pimitta [mm]: 38, 38; Ulkol\u00e4pimitta [mm]: 70, 70; Asennuspuoli: Vorderachse; KIA: PICANTO BA,RIO III UB,RIO III Stufenheck UB,PICANTO JA; HYUNDAI: i10 PA,i20 PB, PBT,i10 IA,ACCENT IV RB,ACCENT IV Stufenheck RB; 5172002000, 517201C000, 5172025000, 5172025001, 5172029000, 5172029100, 5172029150, 5172029300, 5172029400, 5172002000, 5172029100; Py\u00f6r\u00e4nlaakerisarja<\/p>\n","protected":false},"excerpt":{"rendered":"<p>OPTIMAL Py\u00f6r\u00e4nlaakerit 921410 Py\u00f6r\u00e4nlaakerisarja KIA,HYUNDAI,PICANTO BA,RIO III UB,RIO III Stufenheck UB,PICANTO JA,i10 PA,i20 PB, PBT,i10 IA<\/p>\n","protected":false},"featured_media":0,"template":"","meta":{"site-sidebar-layout":"default","site-content-layout":"default","ast-global-header-display":"","ast-main-header-display":"","ast-hfb-above-header-display":"","ast-hfb-below-header-display":"","ast-hfb-mobile-header-display":"","site-post-title":"","ast-breadcrumbs-content":"","ast-featured-img":"","footer-sml-layout":"","theme-transparent-header-meta":"","adv-header-id-meta":"","stick-header-meta":"","header-above-stick-meta":"","header-main-stick-meta":"","header-below-stick-meta":""},"pwb-brand":[307],"product_cat":[83],"product_tag":[],"class_list":{"0":"post-99680","1":"product","2":"type-product","3":"status-publish","5":"pwb-brand-optimal","6":"product_cat-pyoranlaakerit","7":"desktop-align-left","8":"tablet-align-left","9":"mobile-align-left","11":"first","12":"instock","13":"product-type-external"},"brands":[{"id":307,"name":"OPTIMAL","slug":"optimal"}],"_links":{"self":[{"href":"https:\/\/www.autonvaraosahaku.fi\/index.php?rest_route=\/wp\/v2\/product\/99680","targetHints":{"allow":["GET"]}}],"collection":[{"href":"https:\/\/www.autonvaraosahaku.fi\/index.php?rest_route=\/wp\/v2\/product"}],"about":[{"href":"https:\/\/www.autonvaraosahaku.fi\/index.php?rest_route=\/wp\/v2\/types\/product"}],"wp:attachment":[{"href":"https:\/\/www.autonvaraosahaku.fi\/index.php?rest_route=%2Fwp%2Fv2%2Fmedia&parent=99680"}],"wp:term":[{"taxonomy":"pwb-brand","embeddable":true,"href":"https:\/\/www.autonvaraosahaku.fi\/index.php?rest_route=%2Fwp%2Fv2%2Fpwb-brand&post=99680"},{"taxonomy":"product_cat","embeddable":true,"href":"https:\/\/www.autonvaraosahaku.fi\/index.php?rest_route=%2Fwp%2Fv2%2Fproduct_cat&post=99680"},{"taxonomy":"product_tag","embeddable":true,"href":"https:\/\/www.autonvaraosahaku.fi\/index.php?rest_route=%2Fwp%2Fv2%2Fproduct_tag&post=99680"}],"curies":[{"name":"wp","href":"https:\/\/api.w.org\/{rel}","templated":true}]}}