{"id":99698,"date":"2021-02-21T22:29:59","date_gmt":"2021-02-21T22:29:59","guid":{"rendered":"https:\/\/www.autonvaraosahaku.fi\/?product=nk-923632-kytkinvaijeri"},"modified":"2021-02-21T22:30:02","modified_gmt":"2021-02-21T22:30:02","slug":"nk-923632-kytkinvaijeri","status":"publish","type":"product","link":"https:\/\/www.autonvaraosahaku.fi\/?product=nk-923632-kytkinvaijeri","title":{"rendered":"NK 923632 Kytkinvaijeri"},"content":{"rendered":"<p>Pituus 1 \/ pituus 2: 794\/410; Tarvittava kappalem\u00e4\u00e4r\u00e4: 1; Valmistusvuoteen: 07\/2001; OPEL: CORSA B 73_, 78_, 79_,TIGRA 95_,COMBO 71_,CORSA B Kasten 73_,CORSA B Kombi F35; 669187, 90522447; Vaijeri, Kytkimen K\u00e4ytt\u00f6<\/p>\n","protected":false},"excerpt":{"rendered":"<p>NK Kytkinvaijeri 923632 Vaijeri, Kytkimen K\u00e4ytt\u00f6 OPEL,CORSA B 73_, 78_, 79_,TIGRA 95_,COMBO 71_,CORSA B Kasten 73_,CORSA B Kombi F35<\/p>\n","protected":false},"featured_media":0,"template":"","meta":{"site-sidebar-layout":"default","site-content-layout":"default","ast-global-header-display":"","ast-main-header-display":"","ast-hfb-above-header-display":"","ast-hfb-below-header-display":"","ast-hfb-mobile-header-display":"","site-post-title":"","ast-breadcrumbs-content":"","ast-featured-img":"","footer-sml-layout":"","theme-transparent-header-meta":"","adv-header-id-meta":"","stick-header-meta":"","header-above-stick-meta":"","header-main-stick-meta":"","header-below-stick-meta":""},"pwb-brand":[341],"product_cat":[192],"product_tag":[],"class_list":{"0":"post-99698","1":"product","2":"type-product","3":"status-publish","5":"pwb-brand-nk","6":"product_cat-kytkinvaijeri","7":"desktop-align-left","8":"tablet-align-left","9":"mobile-align-left","11":"first","12":"instock","13":"product-type-external"},"brands":[{"id":341,"name":"NK","slug":"nk"}],"_links":{"self":[{"href":"https:\/\/www.autonvaraosahaku.fi\/index.php?rest_route=\/wp\/v2\/product\/99698","targetHints":{"allow":["GET"]}}],"collection":[{"href":"https:\/\/www.autonvaraosahaku.fi\/index.php?rest_route=\/wp\/v2\/product"}],"about":[{"href":"https:\/\/www.autonvaraosahaku.fi\/index.php?rest_route=\/wp\/v2\/types\/product"}],"wp:attachment":[{"href":"https:\/\/www.autonvaraosahaku.fi\/index.php?rest_route=%2Fwp%2Fv2%2Fmedia&parent=99698"}],"wp:term":[{"taxonomy":"pwb-brand","embeddable":true,"href":"https:\/\/www.autonvaraosahaku.fi\/index.php?rest_route=%2Fwp%2Fv2%2Fpwb-brand&post=99698"},{"taxonomy":"product_cat","embeddable":true,"href":"https:\/\/www.autonvaraosahaku.fi\/index.php?rest_route=%2Fwp%2Fv2%2Fproduct_cat&post=99698"},{"taxonomy":"product_tag","embeddable":true,"href":"https:\/\/www.autonvaraosahaku.fi\/index.php?rest_route=%2Fwp%2Fv2%2Fproduct_tag&post=99698"}],"curies":[{"name":"wp","href":"https:\/\/api.w.org\/{rel}","templated":true}]}}