{"id":99705,"date":"2021-02-21T22:29:59","date_gmt":"2021-02-21T22:29:59","guid":{"rendered":"https:\/\/www.autonvaraosahaku.fi\/?product=meyle-100-919-0028-lampotila-anturi"},"modified":"2021-02-21T22:30:05","modified_gmt":"2021-02-21T22:30:05","slug":"meyle-100-919-0028-lampotila-anturi","status":"publish","type":"product","link":"https:\/\/www.autonvaraosahaku.fi\/?product=meyle-100-919-0028-lampotila-anturi","title":{"rendered":"MEYLE 100 919 0028 L\u00e4mp\u00f6tila-anturi"},"content":{"rendered":"<p>K\u00e4ytt\u00f6j\u00e4nnite [V]: 12; Tunnistinmalli: NTC-anturi; V\u00e4ri: Musta; Napojen m\u00e4\u00e4r\u00e4: 2; lis\u00e4tieto: ORIGINAL Quality; Vuosimallista: 2001; VW: GOLF IV 1J1,GOLF V 1K1,POLO 9N_,TOURAN 1T1, 1T2,LUPO 6X1, 6E1,POLO 6R, 6C,GOLF IV Variant 1J5,SHARAN 7M8, 7M9, 7M6,POLO 6N2,CADDY III Kombi 2KB, 2KJ, 2CB, 2CJ,TRANSPORTER V Bus 7HB, 7HJ, 7EB, 7EJ, 7EF,FOX 5Z1, 5Z3,TOUAREG 7LA, 7L6, 7L7,MULTIVAN V 7HM, 7HN, 7HF, 7EF, 7EM, 7EN,CADDY III Kasten 2KA, 2KH, 2CA, 2CH,BORA 1J2,TRANSPORTER V Kasten 7HA, 7HH, 7EA, 7EH,NEW BEETLE 9C1, 1C1,PHAETON 3D_,BORA Kombi 1J6,NEW BEETLE Cabriolet 1Y7,TRANSPORTER V Pritsche\/Fahrgestell 7JD, 7JE, 7JL, 7JY, 7JZ,,POLO Stufenheck 9A4; AUDI: A3 8L1; SKODA: OCTAVIA Combi 1Z5,FABIA Combi 6Y5,FABIA 6Y2,OCTAVIA Combi 1U5,OCTAVIA 1Z3,OCTAVIA 1U2,FABIA Stufenheck 6Y3; SEAT: IBIZA IV 6L1,LEON 1P1,LEON 1M1,AROSA 6H,ALHAMBRA 7V8, 7V9,TOLEDO II 1M2,CORDOBA 6L2; 1J0919379A, 1J0919379A, 1J0919379A, 1J0919379A<\/p>\n","protected":false},"excerpt":{"rendered":"<p>MEYLE Tunnistin Ulkoilmal\u00e4mp\u00f6tila 100 919 0028  VW,AUDI,SKODA,GOLF IV 1J1,GOLF V 1K1,POLO 9N_,TOURAN 1T1, 1T2,LUPO 6X1, 6E1,POLO 6R, 6C<\/p>\n","protected":false},"featured_media":0,"template":"","meta":{"site-sidebar-layout":"default","site-content-layout":"default","ast-global-header-display":"","ast-main-header-display":"","ast-hfb-above-header-display":"","ast-hfb-below-header-display":"","ast-hfb-mobile-header-display":"","site-post-title":"","ast-breadcrumbs-content":"","ast-featured-img":"","footer-sml-layout":"","theme-transparent-header-meta":"","adv-header-id-meta":"","stick-header-meta":"","header-above-stick-meta":"","header-main-stick-meta":"","header-below-stick-meta":""},"pwb-brand":[84],"product_cat":[47],"product_tag":[],"class_list":{"0":"post-99705","1":"product","2":"type-product","3":"status-publish","5":"pwb-brand-meyle","6":"product_cat-lampotila-anturi","7":"desktop-align-left","8":"tablet-align-left","9":"mobile-align-left","11":"first","12":"instock","13":"product-type-external"},"brands":[{"id":84,"name":"MEYLE","slug":"meyle"}],"_links":{"self":[{"href":"https:\/\/www.autonvaraosahaku.fi\/index.php?rest_route=\/wp\/v2\/product\/99705","targetHints":{"allow":["GET"]}}],"collection":[{"href":"https:\/\/www.autonvaraosahaku.fi\/index.php?rest_route=\/wp\/v2\/product"}],"about":[{"href":"https:\/\/www.autonvaraosahaku.fi\/index.php?rest_route=\/wp\/v2\/types\/product"}],"wp:attachment":[{"href":"https:\/\/www.autonvaraosahaku.fi\/index.php?rest_route=%2Fwp%2Fv2%2Fmedia&parent=99705"}],"wp:term":[{"taxonomy":"pwb-brand","embeddable":true,"href":"https:\/\/www.autonvaraosahaku.fi\/index.php?rest_route=%2Fwp%2Fv2%2Fpwb-brand&post=99705"},{"taxonomy":"product_cat","embeddable":true,"href":"https:\/\/www.autonvaraosahaku.fi\/index.php?rest_route=%2Fwp%2Fv2%2Fproduct_cat&post=99705"},{"taxonomy":"product_tag","embeddable":true,"href":"https:\/\/www.autonvaraosahaku.fi\/index.php?rest_route=%2Fwp%2Fv2%2Fproduct_tag&post=99705"}],"curies":[{"name":"wp","href":"https:\/\/api.w.org\/{rel}","templated":true}]}}