{"id":99707,"date":"2021-02-21T22:29:59","date_gmt":"2021-02-21T22:29:59","guid":{"rendered":"https:\/\/www.autonvaraosahaku.fi\/?product=meyle-100-900-0000-lambda-anturi"},"modified":"2021-02-21T22:30:05","modified_gmt":"2021-02-21T22:30:05","slug":"meyle-100-900-0000-lambda-anturi","status":"publish","type":"product","link":"https:\/\/www.autonvaraosahaku.fi\/?product=meyle-100-900-0000-lambda-anturi","title":{"rendered":"MEYLE 100 900 0000 Lambda anturi"},"content":{"rendered":"<p>Lambdatunnistin: S\u00e4\u00e4t\u00f6anturi, L\u00e4mmitt\u00e4m\u00e4t\u00f6n; Kaapelinmitta (mm): 890; Napojen m\u00e4\u00e4r\u00e4: 1; Asennuspuoli: Pakosarja; lis\u00e4tieto: ORIGINAL Quality; VW: GOLF II 19E, 1G1,PASSAT Variant 3A5, 35I,GOLF I Cabriolet 155,PASSAT 3A2, 35I,CORRADO 53I,SCIROCCO 53B,CADDY I 14,JETTA II 19E, 1G2, 165,PASSAT Variant 32B,PASSAT 32B,PASSAT Stufenheck 32B; AUDI: 80 89, 89Q, 8A, B3,100 44, 44Q, C3,80 81, 85, B2,90 89, 89Q, 8A, B3,100 Avant 44, 44Q, C3,COUPE 81, 85,90 81, 85, B2; MAZDA: MX-5 I NA,MX-3 EC,323 C IV BG,FAMILIA IV BF,323 III Hatchback BF,626 III GD,FAMILIA IV BG,626 III Hatchback GD,626 III Coupe GD,626 III Station Wagon GV,929 III HC,323 III BF,MPV I LV,323 III Station Wagon BW; BMW: 3 E30,5 E28; SEAT: TOLEDO I 1L; NISSAN: MICRA I K10,PICK UP D21,100 NX B13,PRIMERA P10,SUNNY II Coupe B12,SUNNY III N14,PULSAR V Schr\u00e4gheck N14,SUNNY III Liftback N14,PRIMERA Traveller W10,SUNNY II Hatchback N13,BLUEBIRD T72 , T12,SUNNY III Traveller Y10,BLUEBIRD Hatchback T72, T12,SUNNY II N13,BLUEBIRD Station Wagon WU11,PRAIRIE PRO M11,SUNNY Kasten Y10,SUNNY II Traveller B12; HONDA: CIVIC VI Hatchback EJ, EK,CIVIC V Hatchback EG,CIVIC VI Stufenheck EJ, EK,PRELUDE III BA,CIVIC V Stufenheck EG, EH,PRELUDE II AB,ACCORD III CA,CIVIC III Hatchback AL, AJ, AG, AH,ACCORD III Aerodeck CA,LEGEND I Coupe KA3,CIVIC III Stufenheck AM, AK, AU,LEGEND I HS, KA; HYUNDAI: PONY X-2,LANTRA I J-1,S COUPE SLC,H100 Bus P,PONY \/ EXCEL Stufenheck X-2,SONATA II Y-2; VOLVO: 240 Kombi P245,260 Kombi P265; DAIHATSU: CHARADE III G100, G101, G102,APPLAUSE I A101, A111,CHARADE III Stufenheck G102; 035906265B, 11761277565, 8946587101000, 8946587105000, 8946587202000, 8946587211000, 8946587601000, 8946587704000, 60733358, 36531PM5A01, 36531PM8305, 3921024550, 3921032630, 3935032510, 60733358, B61R18861A, B61R18861A9U, BP0318861B, BP0318861B9U, 0055422417, 0065422117, 0065422217, 0075426817, MD149813, 2269017B00, 2269073C00, 7700729063, 7700729963, 7700869034, 8933002455, 7534795, 035906265B, 22690KA060, 22690KA081, 3921024520, 3921024550, 8946587707, 1276951, 025906265, 035906265B, 051906265E; Lambdatunnistin,Happianturi<\/p>\n","protected":false},"excerpt":{"rendered":"<p>MEYLE Lambda Anturi 100 900 0000 Lambdatunnistin,Happianturi VW,AUDI,MAZDA,GOLF II 19E, 1G1,PASSAT Variant 3A5, 35I,GOLF I Cabriolet 155<\/p>\n","protected":false},"featured_media":0,"template":"","meta":{"site-sidebar-layout":"default","site-content-layout":"default","ast-global-header-display":"","ast-main-header-display":"","ast-hfb-above-header-display":"","ast-hfb-below-header-display":"","ast-hfb-mobile-header-display":"","site-post-title":"","ast-breadcrumbs-content":"","ast-featured-img":"","footer-sml-layout":"","theme-transparent-header-meta":"","adv-header-id-meta":"","stick-header-meta":"","header-above-stick-meta":"","header-main-stick-meta":"","header-below-stick-meta":""},"pwb-brand":[84],"product_cat":[264],"product_tag":[],"class_list":{"0":"post-99707","1":"product","2":"type-product","3":"status-publish","5":"pwb-brand-meyle","6":"product_cat-lambda-anturi","7":"desktop-align-left","8":"tablet-align-left","9":"mobile-align-left","11":"first","12":"instock","13":"product-type-external"},"brands":[{"id":84,"name":"MEYLE","slug":"meyle"}],"_links":{"self":[{"href":"https:\/\/www.autonvaraosahaku.fi\/index.php?rest_route=\/wp\/v2\/product\/99707","targetHints":{"allow":["GET"]}}],"collection":[{"href":"https:\/\/www.autonvaraosahaku.fi\/index.php?rest_route=\/wp\/v2\/product"}],"about":[{"href":"https:\/\/www.autonvaraosahaku.fi\/index.php?rest_route=\/wp\/v2\/types\/product"}],"wp:attachment":[{"href":"https:\/\/www.autonvaraosahaku.fi\/index.php?rest_route=%2Fwp%2Fv2%2Fmedia&parent=99707"}],"wp:term":[{"taxonomy":"pwb-brand","embeddable":true,"href":"https:\/\/www.autonvaraosahaku.fi\/index.php?rest_route=%2Fwp%2Fv2%2Fpwb-brand&post=99707"},{"taxonomy":"product_cat","embeddable":true,"href":"https:\/\/www.autonvaraosahaku.fi\/index.php?rest_route=%2Fwp%2Fv2%2Fproduct_cat&post=99707"},{"taxonomy":"product_tag","embeddable":true,"href":"https:\/\/www.autonvaraosahaku.fi\/index.php?rest_route=%2Fwp%2Fv2%2Fproduct_tag&post=99707"}],"curies":[{"name":"wp","href":"https:\/\/api.w.org\/{rel}","templated":true}]}}