{"id":99712,"date":"2021-02-21T22:30:08","date_gmt":"2021-02-21T22:30:08","guid":{"rendered":"https:\/\/www.autonvaraosahaku.fi\/?product=nk-5033663-raidetangon-paa"},"modified":"2021-02-21T22:30:09","modified_gmt":"2021-02-21T22:30:09","slug":"nk-5033663-raidetangon-paa","status":"publish","type":"product","link":"https:\/\/www.autonvaraosahaku.fi\/?product=nk-5033663-raidetangon-paa","title":{"rendered":"NK 5033663 Raidetangon p\u00e4\u00e4"},"content":{"rendered":"<p>Parilliset tuotenumerot: 5033664; Kierremitta: 14&#215;1.5; Asennuspuoli: au\u00dfen; NISSAN: PRIMASTAR Bus X83,PRIMASTAR Kasten X83,PRIMASTAR Pritsche\/Fahrgestell,NV300 Kasten X82,NV300 Kombi X82; OPEL: VIVARO Kasten F7,VIVARO Combi J7,VIVARO Pritsche\/Fahrgestell E7,VIVARO Combi,VIVARO Kasten,VIVARO Pritsche\/Fahrgestell; RENAULT: ESPACE IV JK0\/1_,LAGUNA II Grandtour KG0\/1_,LAGUNA II BG0\/1_,TRAFIC II Bus JL,TRAFIC II Kasten FL,VEL SATIS BJ0_,TRAFIC II Pritsche\/Fahrgestell EL,TRAFIC III Kasten,TRAFIC III Bus,TRAFIC III Pritsche\/Fahrgestell EG_; VAUXHALL: VIVARO Kasten F7,VIVARO Kasten,VIVARO Combi,VIVARO Combi J7,VIVARO Pritsche\/Fahrgestell E7; 4852000Q0J, 4852000QAK, 4408510, 4453051, 91160043, 93198895, 485202714R, 7701049282, 91160043, 91160043, 93198895<\/p>\n","protected":false},"excerpt":{"rendered":"<p>NK Raidetangon P\u00e4\u00e4 5033663  NISSAN,OPEL,RENAULT,PRIMASTAR Bus X83,PRIMASTAR Kasten X83,PRIMASTAR Pritsche\/Fahrgestell,NV300 Kasten X82,NV300 Kombi X82<\/p>\n","protected":false},"featured_media":0,"template":"","meta":{"site-sidebar-layout":"default","site-content-layout":"default","ast-global-header-display":"","ast-main-header-display":"","ast-hfb-above-header-display":"","ast-hfb-below-header-display":"","ast-hfb-mobile-header-display":"","site-post-title":"","ast-breadcrumbs-content":"","ast-featured-img":"","footer-sml-layout":"","theme-transparent-header-meta":"","adv-header-id-meta":"","stick-header-meta":"","header-above-stick-meta":"","header-main-stick-meta":"","header-below-stick-meta":""},"pwb-brand":[341],"product_cat":[96],"product_tag":[],"class_list":{"0":"post-99712","1":"product","2":"type-product","3":"status-publish","5":"pwb-brand-nk","6":"product_cat-raidetangon-paa","7":"desktop-align-left","8":"tablet-align-left","9":"mobile-align-left","11":"first","12":"instock","13":"product-type-external"},"brands":[{"id":341,"name":"NK","slug":"nk"}],"_links":{"self":[{"href":"https:\/\/www.autonvaraosahaku.fi\/index.php?rest_route=\/wp\/v2\/product\/99712","targetHints":{"allow":["GET"]}}],"collection":[{"href":"https:\/\/www.autonvaraosahaku.fi\/index.php?rest_route=\/wp\/v2\/product"}],"about":[{"href":"https:\/\/www.autonvaraosahaku.fi\/index.php?rest_route=\/wp\/v2\/types\/product"}],"wp:attachment":[{"href":"https:\/\/www.autonvaraosahaku.fi\/index.php?rest_route=%2Fwp%2Fv2%2Fmedia&parent=99712"}],"wp:term":[{"taxonomy":"pwb-brand","embeddable":true,"href":"https:\/\/www.autonvaraosahaku.fi\/index.php?rest_route=%2Fwp%2Fv2%2Fpwb-brand&post=99712"},{"taxonomy":"product_cat","embeddable":true,"href":"https:\/\/www.autonvaraosahaku.fi\/index.php?rest_route=%2Fwp%2Fv2%2Fproduct_cat&post=99712"},{"taxonomy":"product_tag","embeddable":true,"href":"https:\/\/www.autonvaraosahaku.fi\/index.php?rest_route=%2Fwp%2Fv2%2Fproduct_tag&post=99712"}],"curies":[{"name":"wp","href":"https:\/\/api.w.org\/{rel}","templated":true}]}}